{"id":1027,"date":"2026-02-18T10:36:29","date_gmt":"2026-02-18T10:36:29","guid":{"rendered":"https:\/\/dev-benefits2024.pantheonsite.io\/fr-ca\/?page_id=1027"},"modified":"2026-02-24T20:50:10","modified_gmt":"2026-02-24T20:50:10","slug":"global","status":"publish","type":"page","link":"https:\/\/benefits.aecom.com\/fr-ca\/global\/","title":{"rendered":"Global"},"content":{"rendered":"<div style=\"min-height: 400px;\" class=\"wp-block-aecom-blocks-aecom-video-banner\" data-has-mobile-bg=\"true\">\n\t\t\t<div class=\"aecom-video-banner__mobile-bg\" style=\"background-image: url(http:\/\/benefits.aecom.com\/wp-content\/uploads\/2024\/08\/iStock-1658769491-960x525-1.jpg);\"><\/div>\n\t\t\t\t<div class=\"aecom-video-banner__video\">\n\t\t\t<script charset=\"ISO-8859-1\" src=\"\/\/fast.wistia.com\/assets\/external\/E-v1.js\" async><\/script>\n\t\t\t<div class=\"wistia_responsive_padding aecom-video-banner__wistia-container\" style=\"position: absolute; top: 0; left: 0; width: 100%; height: 100%; padding: 0;\">\n\t\t\t\t<div class=\"wistia_responsive_wrapper\" style=\"height: 100%; left: 0; position: absolute; top: 0; width: 100%;\">\n\t\t\t\t\t<div class=\"wistia_embed wistia_async_chvpwh3c7v videoFoam=true\" style=\"height: 100%; width: 100%;\">&nbsp;<\/div>\n\t\t\t\t<\/div>\n\t\t\t<\/div>\n\t\t<\/div>\n\t\t<div class=\"aecom-video-banner__overlay\" style=\"background-color: #000000; opacity: 0;\" aria-hidden=\"true\"><\/div>\n\t<div class=\"aecom-video-banner__content\">\n\t\t\n\n<div class=\"wp-block-columns are-vertically-aligned-center container video-header-content mb-0 is-layout-flex wp-container-core-columns-is-layout-28f84493 wp-block-columns-is-layout-flex\">\n<div class=\"wp-block-column is-vertically-aligned-center video-content-bg has-background is-layout-flow wp-block-column-is-layout-flow\" style=\"background-color:#ffffffba;padding-top:var(--wp--preset--spacing--50);padding-right:var(--wp--preset--spacing--50);padding-bottom:var(--wp--preset--spacing--50);padding-left:var(--wp--preset--spacing--50);flex-basis:40%\">\n<h2 class=\"wp-block-heading has-text-align-left mb-3 has-earth-green-color has-text-color has-link-color wp-elements-5c7f7dff20de5084f35fa0ec2cd88544\">Prendre soin de ce qui compte le plus<\/h2>\n\n\n\n<p>C\u2019est lorsqu\u2019ils se sentent soutenus dans toutes les sph\u00e8res de leur vie que nos employ\u00e9s peuvent s\u2019\u00e9panouir le mieux \u2013 au travail et au-del\u00e0.<\/p>\n<\/div>\n<\/div>\n\n\t<\/div>\n<\/div>\n\n\n\n<div class=\"wp-block-cover is-light wellbeing\" style=\"padding-top:6rem;padding-bottom:6rem\"><span aria-hidden=\"true\" class=\"wp-block-cover__background has-background-dim-100 has-background-dim\" style=\"background-color:#f6f5f1\"><\/span><div class=\"wp-block-cover__inner-container is-layout-constrained wp-block-cover-is-layout-constrained\">\n<div class=\"wp-block-columns container is-layout-flex wp-container-core-columns-is-layout-28f84493 wp-block-columns-is-layout-flex\">\n<div class=\"wp-block-column is-vertically-aligned-top is-layout-flow wp-block-column-is-layout-flow\" style=\"flex-basis:25%\">\n<p class=\"has-large-font-size\" style=\"font-style:normal;font-weight:700\"><strong>Le mieux-\u00eatre est un aspect personnel.<\/strong><\/p>\n\n\n\n<p class=\"has-medium-font-size\">C\u2019est pourquoi notre programme d\u2019avantages sociaux et de mieux-\u00eatre est centr\u00e9 sur vous \u2013 et sur la fa\u00e7on dont nous pouvons vous aider \u00e0 atteindre vos objectifs, \u00e0 relever vos d\u00e9fis et \u00e0 assurer votre avenir.<\/p>\n\n\n\n<p class=\"has-medium-font-size\">Notre programme repose sur quatre piliers essentiels.<\/p>\n<\/div>\n\n\n\n<div class=\"wp-block-column is-vertically-aligned-center is-layout-flow wp-block-column-is-layout-flow\" style=\"flex-basis:75%\">\n<div class=\"wp-block-group wellbeing-grid is-layout-grid wp-container-core-group-is-layout-b757edec wp-block-group-is-layout-grid\">\n<div class=\"wp-block-group wellbeing-item is-layout-constrained wp-block-group-is-layout-constrained\">\n<div class=\"wp-block-columns is-layout-flex wp-container-core-columns-is-layout-28f84493 wp-block-columns-is-layout-flex\">\n<div class=\"wp-block-column is-vertically-aligned-top is-layout-flow wp-block-column-is-layout-flow\" style=\"flex-basis:33.33%\">\n<figure class=\"wp-block-image size-full is-resized\"><img decoding=\"async\" src=\"https:\/\/benefits.aecom.com\/wp-content\/uploads\/2025\/10\/barbell.png\" alt=\"\" class=\"wp-image-363\" style=\"aspect-ratio:1;object-fit:contain;width:300px\" \/><\/figure>\n<\/div>\n\n\n\n<div class=\"wp-block-column is-vertically-aligned-center is-layout-flow wp-block-column-is-layout-flow\" style=\"flex-basis:66.66%\">\n<p class=\"has-medium-font-size\" style=\"font-style:normal;font-weight:700\"><strong>Mieux-\u00eatre physique<\/strong><\/p>\n\n\n\n<p>Prenez soin de votre corps pour \u00eatre au sommet de votre forme tous les jours \u2013 en faisant appel aux solutions qui vous conviennent le mieux. Nous offrons des ressources de mieux-\u00eatre pour soutenir votre sant\u00e9, votre \u00e9nergie et votre vitalit\u00e9 ainsi qu\u2019un acc\u00e8s \u00e0\u00a0<a href=\"https:\/\/benefits.aecom.com\/fr-ca\/assurance-voyage-daffaires-et-crisis24\/\" target=\"_blank\" rel=\"noreferrer noopener\">Crisis24<\/a>\u00a0pour vous aider \u00e0 rester en s\u00e9curit\u00e9 lors de vos d\u00e9placements professionnels.<\/p>\n<\/div>\n<\/div>\n<\/div>\n\n\n\n<div class=\"wp-block-group wellbeing-item is-layout-constrained wp-block-group-is-layout-constrained\">\n<div class=\"wp-block-columns is-layout-flex wp-container-core-columns-is-layout-28f84493 wp-block-columns-is-layout-flex\">\n<div class=\"wp-block-column is-vertically-aligned-top is-layout-flow wp-block-column-is-layout-flow\" style=\"flex-basis:33.33%\">\n<figure class=\"wp-block-image size-full is-resized\"><img decoding=\"async\" src=\"https:\/\/benefits.aecom.com\/wp-content\/uploads\/2026\/01\/Benefits-icons-07.png\" alt=\"\" class=\"wp-image-706\" style=\"aspect-ratio:1;object-fit:contain;width:300px\" \/><\/figure>\n<\/div>\n\n\n\n<div class=\"wp-block-column is-vertically-aligned-center is-layout-flow wp-block-column-is-layout-flow\" style=\"flex-basis:66.66%\">\n<p class=\"has-medium-font-size\" style=\"font-style:normal;font-weight:700\"><strong>Mieux-\u00eatre financier<\/strong><\/p>\n\n\n\n<p>Ayez davantage confiance en votre pr\u00e9sent et votre avenir. Que ce soit pour vous aider \u00e0 g\u00e9rer vos d\u00e9penses au quotidien ou \u00e0 planifier des \u00e9tapes de vie importantes ou votre retraite, le\u00a0<a href=\"https:\/\/benefits.aecom.com\/fr-ca\/programme-daide-aux-employes\/\" target=\"_blank\" rel=\"noreferrer noopener\">programme d\u2019aide aux employ\u00e9s (PAE)<\/a>\u00a0simplifie la planification financi\u00e8re et la rend plus significative.<\/p>\n<\/div>\n<\/div>\n<\/div>\n\n\n\n<div class=\"wp-block-group wellbeing-item is-layout-constrained wp-block-group-is-layout-constrained\">\n<div class=\"wp-block-columns is-layout-flex wp-container-core-columns-is-layout-28f84493 wp-block-columns-is-layout-flex\">\n<div class=\"wp-block-column is-vertically-aligned-top is-layout-flow wp-block-column-is-layout-flow\" style=\"flex-basis:33.33%\">\n<figure class=\"wp-block-image size-full is-resized\"><img decoding=\"async\" src=\"https:\/\/benefits.aecom.com\/wp-content\/uploads\/2025\/10\/heart.png\" alt=\"\" class=\"wp-image-365\" style=\"aspect-ratio:1;object-fit:contain;width:300px\" \/><\/figure>\n<\/div>\n\n\n\n<div class=\"wp-block-column is-vertically-aligned-center is-layout-flow wp-block-column-is-layout-flow\" style=\"flex-basis:66.66%\">\n<p class=\"has-medium-font-size\" style=\"font-style:normal;font-weight:700\"><strong>Mieux-\u00eatre \u00e9motionnel<\/strong><\/p>\n\n\n\n<p><a href=\"https:\/\/benefits.aecom.com\/fr-ca\/programme-daide-aux-employes\/\" target=\"_blank\" rel=\"noreferrer noopener\">Le PAE et Koa Care\u00a0360<\/a>\u00a0facilitent l\u2019obtention de soutien pour g\u00e9rer le stress, tandis que\u00a0<a href=\"https:\/\/benefits.aecom.com\/fr-ca\/kudos-service-awards-and-social-recognition-fr\/\" target=\"_blank\" rel=\"noreferrer noopener\">Kudos<\/a>\u00a0vous aide \u00e0 c\u00e9l\u00e9brer les contributions et les \u00e9tapes importantes de vos coll\u00e8gues de partout dans le monde.<\/p>\n<\/div>\n<\/div>\n<\/div>\n\n\n\n<div class=\"wp-block-group wellbeing-item is-layout-constrained wp-block-group-is-layout-constrained\">\n<div class=\"wp-block-columns is-layout-flex wp-container-core-columns-is-layout-28f84493 wp-block-columns-is-layout-flex\">\n<div class=\"wp-block-column is-vertically-aligned-top is-layout-flow wp-block-column-is-layout-flow\" style=\"flex-basis:33.33%\">\n<figure class=\"wp-block-image size-full is-resized\"><img decoding=\"async\" src=\"https:\/\/benefits.aecom.com\/wp-content\/uploads\/2025\/10\/journey.png\" alt=\"\" class=\"wp-image-366\" style=\"aspect-ratio:1;object-fit:contain;width:300px\" \/><\/figure>\n<\/div>\n\n\n\n<div class=\"wp-block-column is-vertically-aligned-center is-layout-flow wp-block-column-is-layout-flow\" style=\"flex-basis:66.66%\">\n<p class=\"has-medium-font-size\" style=\"font-style:normal;font-weight:700\"><strong>Mieux-\u00eatre professionnel<\/strong><\/p>\n\n\n\n<p>Nous soutenons vos aspirations en vous offrant des occasions d\u2019apprentissage et de croissance et en donnant un sens \u00e0 votre travail. L\u2019<a href=\"https:\/\/aecom.sharepoint.com\/sites\/VivaEcoAECOMU\/SitePages\/AECOMUniversity.aspx\">Universit\u00e9 AECOM<\/a>&nbsp;offre des ressources pour vous aider \u00e0 vous \u00e9panouir \u00e0 toutes les \u00e9tapes de votre carri\u00e8re.<\/p>\n<\/div>\n<\/div>\n<\/div>\n<\/div>\n<\/div>\n<\/div>\n<\/div><\/div>\n\n\n\n<div class=\"wp-block-cover\" style=\"min-height:300px;aspect-ratio:unset;\"><span aria-hidden=\"true\" class=\"wp-block-cover__background has-earth-green-background-color has-background-dim-100 has-background-dim\"><\/span><div class=\"wp-block-cover__inner-container is-layout-constrained wp-block-cover-is-layout-constrained\">\n<h3 class=\"wp-block-heading has-text-align-center mb-5\">S\u00e9lectionnez votre emplacement.<\/h3>\n\n\n\n<div class=\"wp-block-columns container is-layout-flex wp-container-core-columns-is-layout-28f84493 wp-block-columns-is-layout-flex\">\n<div class=\"wp-block-column is-layout-flow wp-block-column-is-layout-flow\">\n<div class=\"wp-block-buttons is-layout-flex wp-block-buttons-is-layout-flex\">\n<div class=\"wp-block-button has-custom-width wp-block-button__width-100\"><a class=\"wp-block-button__link has-dark-color has-white-background-color has-text-color has-background has-link-color wp-element-button\" href=\"\/us\">\u00c9tats-Unis<\/a><\/div>\n<\/div>\n<\/div>\n\n\n\n<div class=\"wp-block-column is-layout-flow wp-block-column-is-layout-flow\">\n<div class=\"wp-block-buttons is-layout-flex wp-container-core-buttons-is-layout-d7af6e26 wp-block-buttons-is-layout-flex\">\n<div class=\"wp-block-button has-custom-width wp-block-button__width-100\"><a class=\"wp-block-button__link has-dark-color has-white-background-color has-text-color has-background has-link-color wp-element-button\" href=\"\/en-ca\">Canada<\/a><\/div>\n<\/div>\n<\/div>\n\n\n\n<div class=\"wp-block-column is-layout-flow wp-block-column-is-layout-flow\">\n<div class=\"wp-block-buttons is-layout-flex wp-block-buttons-is-layout-flex\">\n<div class=\"wp-block-button has-custom-width wp-block-button__width-100\"><a class=\"wp-block-button__link has-dark-color has-white-background-color has-text-color has-background has-link-color wp-element-button\" href=\"\/other-locations\">Autres emplacements<\/a><\/div>\n<\/div>\n<\/div>\n<\/div>\n<\/div><\/div>\n","protected":false},"excerpt":{"rendered":"","protected":false},"author":2,"featured_media":0,"parent":0,"menu_order":0,"comment_status":"closed","ping_status":"closed","template":"page-templates\/page-blank.php","meta":{"_acf_changed":false,"footnotes":""},"class_list":["post-1027","page","type-page","status-publish","hentry"],"acf":[],"_links":{"self":[{"href":"https:\/\/benefits.aecom.com\/fr-ca\/wp-json\/wp\/v2\/pages\/1027","targetHints":{"allow":["GET"]}}],"collection":[{"href":"https:\/\/benefits.aecom.com\/fr-ca\/wp-json\/wp\/v2\/pages"}],"about":[{"href":"https:\/\/benefits.aecom.com\/fr-ca\/wp-json\/wp\/v2\/types\/page"}],"author":[{"embeddable":true,"href":"https:\/\/benefits.aecom.com\/fr-ca\/wp-json\/wp\/v2\/users\/2"}],"replies":[{"embeddable":true,"href":"https:\/\/benefits.aecom.com\/fr-ca\/wp-json\/wp\/v2\/comments?post=1027"}],"version-history":[{"count":5,"href":"https:\/\/benefits.aecom.com\/fr-ca\/wp-json\/wp\/v2\/pages\/1027\/revisions"}],"predecessor-version":[{"id":1192,"href":"https:\/\/benefits.aecom.com\/fr-ca\/wp-json\/wp\/v2\/pages\/1027\/revisions\/1192"}],"wp:attachment":[{"href":"https:\/\/benefits.aecom.com\/fr-ca\/wp-json\/wp\/v2\/media?parent=1027"}],"curies":[{"name":"wp","href":"https:\/\/api.w.org\/{rel}","templated":true}]}}