{"id":478,"date":"2026-01-28T12:41:54","date_gmt":"2026-01-28T12:41:54","guid":{"rendered":"https:\/\/dev-benefits2024.pantheonsite.io\/fr-ca\/?page_id=478"},"modified":"2026-02-17T13:23:27","modified_gmt":"2026-02-17T13:23:27","slug":"accidental-death-and-dismemberment-add-insurance","status":"publish","type":"page","link":"https:\/\/benefits.aecom.com\/fr-ca\/all-benefits\/accidental-death-and-dismemberment-add-insurance\/","title":{"rendered":"Assurance en cas de d\u00e9c\u00e8s ou de mutilation par accident (D et MA)\u00a0"},"content":{"rendered":"\n<div class=\"wp-block-columns sticky-sidebar-container is-layout-flex wp-container-core-columns-is-layout-cbe57604 wp-block-columns-is-layout-flex\">\n<div class=\"wp-block-column is-layout-flow wp-block-column-is-layout-flow\" style=\"flex-basis:66.667%\">\n<p>L\u2019assurance D et MA verse une indemnit\u00e9 forfaitaire non imposable en cas de d\u00e9c\u00e8s ou de blessure grave r\u00e9sultant d\u2019un accident. Elle s\u2019applique en tout temps, pas seulement lorsque vous \u00eates au travail.<\/p>\n\n\n\n<div class=\"wp-block-group is-layout-constrained wp-block-group-is-layout-constrained\">\n<div class=\"wp-block-group is-vertical is-layout-flex wp-container-core-group-is-layout-fe9cc265 wp-block-group-is-layout-flex\">\n<ul class=\"wp-block-list\">\n<li class=\"  \"> En cas de d\u00e9c\u00e8s, l\u2019indemnit\u00e9 de D et MA est vers\u00e9e en plus de l\u2019indemnit\u00e9 d\u2019assurance vie.<\/li>\n\n\n\n<li class=\"  \">Comme l\u2019indemnit\u00e9 n\u2019est vers\u00e9e qu\u2019en cas de d\u00e9c\u00e8s ou de blessure grave r\u00e9sultant d\u2019un accident, aucune preuve d\u2019assurabilit\u00e9 n\u2019est requise.<\/li>\n\n\n\n<li class=\"  \">L\u2019indemnit\u00e9 de D et MA est vers\u00e9e \u00e0 votre b\u00e9n\u00e9ficiaire en cas de d\u00e9c\u00e8s. Elle vous est vers\u00e9e si vous \u00eates victime d\u2019une blessure grave.<\/li>\n<\/ul>\n<\/div>\n<\/div>\n\n\n\n<div style=\"height:21px\" aria-hidden=\"true\" class=\"wp-block-spacer\"><\/div>\n\n\n\n<h2 class=\"wp-block-heading\"><strong>Assurance D et MA de base<\/strong><\/h2>\n\n\n\n<p>AECOM souscrit automatiquement en votre nom une assurance D et MA dont la couverture \u00e9quivaut \u00e0 une ann\u00e9e de votre salaire annuel. La couverture est r\u00e9duite de 50 % lorsque vous atteignez l\u2019\u00e2ge de 65 ans et prend fin \u00e0 votre retraite.<\/p>\n\n\n\n<h2 class=\"wp-block-heading\"><strong>Assurance D et MA facultative<\/strong><\/h2>\n\n\n\n<p>Vous pouvez souscrire une assurance D et MA facultative pour vous-m\u00eame, votre conjoint et vos enfants. Le co\u00fbt de l\u2019assurance D et MA d\u00e9pend de la couverture choisie. Pour savoir combien il vous en co\u00fbterait, rendez-vous sur le site Web du Centre d\u2019assurance collective d\u2019AECOM. La cotisation \u00e0 ce r\u00e9gime est pr\u00e9lev\u00e9e sur votre salaire.<\/p>\n\n\n\n<div class=\"wp-block-group is-layout-constrained wp-block-group-is-layout-constrained\">\n<figure class=\"wp-block-table is-style-stripes\"><table class=\"has-fixed-layout\"><tbody><tr><td><strong>Personnes couvertes<\/strong><\/td><td><strong>Ce que vous pouvez acheter<\/strong><\/td><\/tr><tr><td>Vous-m\u00eame<\/td><td>Tranches de 10 000 $ jusqu\u2019\u00e0 concurrence de 500 000 $<\/td><\/tr><tr><td>Votre conjoint<\/td><td>Tranches de 10 000 $ jusqu\u2019\u00e0 concurrence de 500 000 $<br>ou le montant de la couverture de l\u2019employ\u00e9, selon le<br>plus bas des deux<\/td><\/tr><tr><td>Un ou plusieurs enfants<\/td><td>Tranches de 5 000 $ jusqu\u2019\u00e0 concurrence de 100 000 $<\/td><\/tr><\/tbody><\/table><\/figure>\n<\/div>\n<\/div>\n\n\n\n<div class=\"wp-block-column sticky-sidebar is-layout-flow wp-block-column-is-layout-flow\" style=\"flex-basis:30%\">\n<div class=\"wp-block-buttons is-layout-flex wp-block-buttons-is-layout-flex\" style=\"margin-bottom:var(--wp--preset--spacing--50)\">\n<div class=\"wp-block-button has-custom-width wp-block-button__width-100\"><a class=\"wp-block-button__link has-earth-green-background-color has-background wp-element-button\" href=\"https:\/\/sso.seb-admin.com\/sp\/singlesignon?partnerIdP=https:\/\/sts.windows.net\/16ed5ab4-2b59-4e40-806d-8a30bdc9cf26\/\" target=\"_blank\" rel=\"noreferrer noopener\"><strong><strong>L\u2019authentification unique de Microsoft&nbsp;<\/strong><\/strong><\/a><\/div>\n\n\n\n<div class=\"wp-block-button has-custom-width wp-block-button__width-100\"><a class=\"wp-block-button__link has-earth-green-background-color has-background wp-element-button\" href=\"https:\/\/aecom.seb-admin.com\/App\/login?lang=en-us\" target=\"_blank\" rel=\"noreferrer noopener\"><strong><strong>Examinez votre couverture<\/strong><\/strong><\/a><\/div>\n<\/div>\n\n\n\n<div class=\"wp-block-cover is-light resources-sidebar has-vendor-data vendor-group-vendor_contact\" style=\"padding-top:40px;padding-right:40px;padding-bottom:40px;padding-left:40px;min-height:50px;aspect-ratio:unset;\"><span aria-hidden=\"true\" class=\"wp-block-cover__background has-stone-gray-background-color has-background-dim-100 has-background-dim\"><\/span><div class=\"wp-block-cover__inner-container is-layout-constrained wp-container-core-cover-is-layout-3dcc9c70 wp-block-cover-is-layout-constrained\"><style>\n\t\t.vendor-directory-fields {\n\t\t\tmargin-bottom: 20px;\n\t\t}\n\t\t.vendor-directory-fields .vendor-app-name {\n\t\t\tmargin: 0 0 12px 0;\n\t\t\tfont-size: 1.5em;\n\t\t\tfont-weight: 600;\n\t\t}\n\t\t.vendor-directory-fields .vendor-app-description {\n\t\t\tmargin: 0 0 20px 0;\n\t\t\tfont-size: 1em;\n\t\t\tline-height: 1.6;\n\t\t}\n\t\t.vendor-directory-fields .vendor-app-links {\n\t\t\tdisplay: flex;\n\t\t\tgap: 20px;\n\t\t\tflex-wrap: wrap;\n\t\t\talign-items: stretch;\n\t\t}\n\t\t.vendor-directory-fields .vendor-app-link-column {\n\t\t\tflex: 1;\n\t\t\tmin-width: 140px;\n\t\t}\n\t\t.vendor-directory-fields .vendor-app-links {\n\t\t\tmargin: 0 !important;\n\t\t}\n\t\t.vendor-directory-fields .vendor-app-link-column {\n\t\t\tmargin: 0 !important;\n\t\t}\n\t\t.vendor-directory-fields .vendor-app-badge {\n\t\t\tmargin: 0 !important;\n\t\t\tpadding: 0;\n\t\t\tdisplay: block;\n\t\t\twidth: 100%;\n\t\t}\n\t\t.vendor-directory-fields .vendor-app-badge a,\n\t\t.vendor-directory-fields .vendor-app-badge-link {\n\t\t\tdisplay: block;\n\t\t\twidth: 100%;\n\t\t\tmargin: 0;\n\t\t}\n\t\t.vendor-directory-fields .vendor-app-badge img,\n\t\t.vendor-directory-fields .vendor-app-badge-image {\n\t\t\twidth: 100% !important;\n\t\t\tmax-width: 100% !important;\n\t\t\theight: auto !important;\n\t\t\tdisplay: block;\n\t\t\tmargin: 0 !important;\n\t\t}\n\t\t.vendor-directory-fields figure.vendor-app-badge {\n\t\t\twidth: 100%;\n\t\t\tmargin: 0 !important;\n\t\t}\n\t\t.vendor-directory-fields .vendor-contact-field-label {\n\t\t\tmargin: 0 0 8px 0;\n\t\t\tfont-size: 1.25em;\n\t\t\tfont-weight: 600;\n\t\t}\n\t\t.vendor-directory-fields .vendor-contact-field {\n\t\t\tmargin-bottom: 12px;\n\t\t}\n\t\t.vendor-directory-fields .vendor-contact-field strong {\n\t\t\tdisplay: block;\n\t\t\tmargin-bottom: 4px;\n\t\t}\n\t\t.vendor-directory-fields .vendor-contact-field-content {\n\t\t\tline-height: 1.5;\n\t\t}\n\t<\/style><div class=\"vendor-directory-fields\" data-vendor-id=\"485\" data-field-group=\"vendor_contact\"><div class=\"vendor-contact-content\"><div class=\"vendor-contact-fields\"><div class=\"vendor-contact-field vendor-contact-field--vendor_contact_info\"><h3 class=\"vendor-contact-field-label\">Contact<\/h3><div class=\"vendor-contact-field-content\"><p><span data-contrast=\"auto\">Le Centre d\u2019assurance collective d\u2019AECOM, administr\u00e9 par SEB, est votre principal point de contact pour adh\u00e9rer, modifier et poser des questions.<\/span><span data-ccp-props=\"{&quot;201341983&quot;:0,&quot;335559739&quot;:0,&quot;335559740&quot;:278}\">\u00a0<\/span><\/p>\n<p><span data-contrast=\"auto\"><strong>T\u00e9l\u00e9phone:<\/strong> 1-833-411-5520<\/span><span data-ccp-props=\"{&quot;201341983&quot;:0,&quot;335559739&quot;:0,&quot;335559740&quot;:278}\">\u00a0<\/span><\/p>\n<p><span data-contrast=\"auto\">lundi\u00a0au vendredi de 8 h \u00e0 20 h (HE)<\/span><span data-ccp-props=\"{&quot;201341983&quot;:0,&quot;335559685&quot;:720,&quot;335559739&quot;:0,&quot;335559740&quot;:278}\">\u00a0<\/span><\/p>\n<p><strong>Site Web:\u00a0<\/strong><a href=\"https:\/\/sso.seb-admin.com\/sp\/singlesignon?partnerIdP=https:\/\/sts.windows.net\/16ed5ab4-2b59-4e40-806d-8a30bdc9cf26\/\" target=\"_blank\" rel=\"noopener\"><span data-contrast=\"none\">Microsoft\u00a0Authenticator<\/span><\/a><span data-contrast=\"auto\">\u00a0(si vous avez d\u00e9j\u00e0 un compte aupr\u00e8s du Centre d\u2019assurance collective d\u2019AECOM)<\/span><span data-ccp-props=\"{&quot;201341983&quot;:0,&quot;335559740&quot;:278}\">\u00a0<\/span><\/p>\n<p><span data-contrast=\"auto\">Ou\u00a0<\/span><a href=\"https:\/\/aecom.seb-admin.com\/App\/login?lang=fr-ca\" target=\"_blank\" rel=\"noopener\"><span data-contrast=\"none\">AECOMBenefitsOnline.\u00a0com<\/span><\/a><span data-contrast=\"auto\">, \u00e0 l\u2019aide de votre code d\u2019acc\u00e8s (identifiant\u00a0Workday) et du mot de passe<\/span><span data-ccp-props=\"{&quot;201341983&quot;:0,&quot;335559685&quot;:720,&quot;335559740&quot;:278}\">\u00a0<\/span><\/p>\n<\/div><\/div><\/div><\/div><\/div>\n<p><\/p>\n<\/div><\/div>\n<\/div>\n<\/div>\n\n\n\n<h2 class=\"wp-block-heading\"><strong>Fin de la couverture facultative<\/strong><\/h2>\n\n\n\n<ul class=\"wp-block-list\">\n<li class=\"  \"><strong>Employ\u00e9 :<\/strong> La couverture prend fin au moment o\u00f9 vous partez \u00e0 la retraite ou \u00e0 votre 70e anniversaire<\/li>\n\n\n\n<li class=\"  \"><strong>Conjoint :<\/strong> La couverture prend fin au moment o\u00f9 vous partez \u00e0 la retraite ou \u00e0 votre 70e anniversaire, ou au 70e anniversaire de votre conjoint, selon la premi\u00e8re de ces \u00e9ventualit\u00e9s<\/li>\n\n\n\n<li class=\"  \"><strong>Enfant :<\/strong> La couverture prend fin au moment o\u00f9 vous partez \u00e0 la retraite ou \u00e0 votre 70e anniversaire, selon la premi\u00e8re de ces \u00e9ventualit\u00e9s<\/li>\n<\/ul>\n\n\n\n<p><\/p>\n","protected":false},"excerpt":{"rendered":"<p>L\u2019assurance D et MA verse une indemnit\u00e9 forfaitaire non imposable en cas de d\u00e9c\u00e8s ou de blessure grave r\u00e9sultant d\u2019un accident. Elle s\u2019applique en tout temps, pas seulement lorsque vous \u00eates au travail. Assurance D et MA de base AECOM souscrit automatiquement en votre nom une assurance D et MA dont la couverture \u00e9quivaut \u00e0 [&hellip;]<\/p>\n","protected":false},"author":3,"featured_media":0,"parent":17,"menu_order":0,"comment_status":"closed","ping_status":"closed","template":"page-templates\/page-blank-container.php","meta":{"_acf_changed":false,"footnotes":""},"class_list":["post-478","page","type-page","status-publish","hentry"],"acf":[],"_links":{"self":[{"href":"https:\/\/benefits.aecom.com\/fr-ca\/wp-json\/wp\/v2\/pages\/478","targetHints":{"allow":["GET"]}}],"collection":[{"href":"https:\/\/benefits.aecom.com\/fr-ca\/wp-json\/wp\/v2\/pages"}],"about":[{"href":"https:\/\/benefits.aecom.com\/fr-ca\/wp-json\/wp\/v2\/types\/page"}],"author":[{"embeddable":true,"href":"https:\/\/benefits.aecom.com\/fr-ca\/wp-json\/wp\/v2\/users\/3"}],"replies":[{"embeddable":true,"href":"https:\/\/benefits.aecom.com\/fr-ca\/wp-json\/wp\/v2\/comments?post=478"}],"version-history":[{"count":17,"href":"https:\/\/benefits.aecom.com\/fr-ca\/wp-json\/wp\/v2\/pages\/478\/revisions"}],"predecessor-version":[{"id":838,"href":"https:\/\/benefits.aecom.com\/fr-ca\/wp-json\/wp\/v2\/pages\/478\/revisions\/838"}],"up":[{"embeddable":true,"href":"https:\/\/benefits.aecom.com\/fr-ca\/wp-json\/wp\/v2\/pages\/17"}],"wp:attachment":[{"href":"https:\/\/benefits.aecom.com\/fr-ca\/wp-json\/wp\/v2\/media?parent=478"}],"curies":[{"name":"wp","href":"https:\/\/api.w.org\/{rel}","templated":true}]}}