{"id":517,"date":"2026-02-03T04:42:25","date_gmt":"2026-02-03T04:42:25","guid":{"rendered":"https:\/\/dev-benefits2024.pantheonsite.io\/fr-ca\/?page_id=517"},"modified":"2026-02-18T22:54:49","modified_gmt":"2026-02-18T22:54:49","slug":"assurance-contre-les-maladies-graves","status":"publish","type":"page","link":"https:\/\/benefits.aecom.com\/fr-ca\/all-benefits\/assurance-contre-les-maladies-graves\/","title":{"rendered":"Assurance contre les maladies graves"},"content":{"rendered":"\n<div class=\"wp-block-columns sticky-sidebar-container is-layout-flex wp-container-core-columns-is-layout-cbe57604 wp-block-columns-is-layout-flex\">\n<div class=\"wp-block-column is-layout-flow wp-block-column-is-layout-flow\" style=\"flex-basis:66.667%\">\n<p>L\u2019assurance contre les maladies graves offre un montant forfaitaire non imposable si vous ou votre conjoint recevez un premier diagnostic de maladie grave couverte pendant que l\u2019assurance est active, sous r\u00e9serve de certains crit\u00e8res.&nbsp;&nbsp;<\/p>\n\n\n\n<p>Vous d\u00e9cidez de la fa\u00e7on d\u2019utiliser la prestation financi\u00e8re, que ce soit pour des frais m\u00e9dicaux, des frais de soins infirmiers ou de garde d\u2019enfants ou des d\u00e9penses d\u2019\u00e9picerie, ou m\u00eame pour apporter des modifications \u00e0&nbsp;votre logement ou \u00e0 votre v\u00e9hicule. L\u2019assurance couvre 40 affections diff\u00e9rentes, y compris l\u2019infarctus, le cancer et les accidents vasculaires c\u00e9r\u00e9braux.&nbsp;&nbsp;<\/p>\n\n\n\n<p>La couverture est offerte pour vous et votre conjoint,&nbsp;&nbsp;  selon&nbsp;les&nbsp;modalit\u00e9s&nbsp;suivantes:&nbsp;&nbsp;<\/p>\n\n\n\n<p class=\"  \"><\/p>\n\n\n\n<figure class=\"wp-block-table is-style-stripes\"><table><thead><tr><th><strong>Vous<\/strong><\/th><th class=\"has-text-align-left\" data-align=\"left\"><strong>Votre conjoint<\/strong><\/th><\/tr><\/thead><tbody><tr><td>Tranches de 5 000 $ jusqu\u2019\u00e0 concurrence de 550 000 $ (preuve d\u2019assurabilit\u00e9 requise pour les montants sup\u00e9rieurs \u00e0 60 000 $ et pour tout nouveau montant souscrit par la suite)<\/td><td class=\"has-text-align-left\" data-align=\"left\">Tranches de 5 000 $ jusqu\u2019\u00e0 concurrence de 550 000 $ (preuve d\u2019assurabilit\u00e9 requise pour les montants sup\u00e9rieurs \u00e0 40 000 $ et pour tout nouveau montant souscrit par la suite)<\/td><\/tr><\/tbody><\/table><\/figure>\n\n\n\n<p class=\"  \"><\/p>\n\n\n\n<p>La totalit\u00e9 de la cotisation \u00e0 ce r\u00e9gime est pr\u00e9lev\u00e9e de votre salaire. Le co\u00fbt d\u00e9pend de la couverture choisie et de l\u2019\u00e2ge, du sexe et du statut de fumeur de la personne assur\u00e9e. La couverture est offerte jusqu\u2019\u00e0 l\u2019\u00e2ge de 70 ans et assujettie \u00e0 une limite en cas de trouble pr\u00e9existant.&nbsp;<\/p>\n\n\n\n<p>Vous pouvez vous inscrire pendant la p\u00e9riode&nbsp;d\u2019adh\u00e9sion annuelle ou&nbsp;dans les 31 jours suivant votre date d\u2019embauche.&nbsp;<\/p>\n\n\n\n<hr class=\"wp-block-separator has-alpha-channel-opacity\" style=\"margin-top:var(--wp--preset--spacing--50);margin-bottom:var(--wp--preset--spacing--50)\" \/>\n<\/div>\n\n\n\n<div class=\"wp-block-column sticky-sidebar is-layout-flow wp-block-column-is-layout-flow\" style=\"flex-basis:30%\">\n<div class=\"wp-block-buttons is-layout-flex wp-block-buttons-is-layout-flex\" style=\"margin-bottom:var(--wp--preset--spacing--50)\">\n<div class=\"wp-block-button has-custom-width wp-block-button__width-100\"><a class=\"wp-block-button__link has-earth-green-background-color has-background wp-element-button\" href=\"https:\/\/sso.seb-admin.com\/sp\/singlesignon?partnerIdP=https:\/\/sts.windows.net\/16ed5ab4-2b59-4e40-806d-8a30bdc9cf26\/\" target=\"_blank\" rel=\"noreferrer noopener\"><strong>&nbsp;L\u2019authentification unique de Microsoft&nbsp;<\/strong><\/a><\/div>\n\n\n\n<div class=\"wp-block-button has-custom-width wp-block-button__width-100\"><a class=\"wp-block-button__link has-earth-green-background-color has-background wp-element-button\" href=\"https:\/\/aecom.seb-admin.com\/App\/login?lang=fr-ca\" target=\"_blank\" rel=\"noreferrer noopener\"><strong>Examinez votre couverture<\/strong><\/a><\/div>\n<\/div>\n\n\n\n<section class=\"wp-block-cover quick-links\" style=\"padding-top:40px;padding-right:40px;padding-bottom:40px;padding-left:40px;min-height:50px;aspect-ratio:unset;\"><span aria-hidden=\"true\" class=\"wp-block-cover__background has-midnight-teal-background-color has-background-dim-100 has-background-dim\"><\/span><div class=\"wp-block-cover__inner-container is-layout-constrained wp-container-core-cover-is-layout-e158748c wp-block-cover-is-layout-constrained\">\n<h3 class=\"wp-block-heading has-text-align-left\" style=\"font-size:24px\"><strong>Liens connexes<\/strong><\/h3>\n\n\n\n<ul class=\"wp-block-list\">\n<li class=\"  \"><a href=\"https:\/\/benefits.aecom.com\/wp-content\/uploads\/documents\/Canada-FR\/critical_illness\/livret_sur_l'assurance_maladies_graves.pdf\" data-type=\"page\" data-id=\"19\" target=\"_blank\" rel=\"noreferrer noopener\">Livret sur l&#8217;assurance maladies graves&nbsp;<\/a><\/li>\n<\/ul>\n<\/div><\/section>\n\n\n\n<div class=\"wp-block-cover is-light resources-sidebar has-vendor-data vendor-group-vendor_contact\" style=\"padding-top:40px;padding-right:40px;padding-bottom:40px;padding-left:40px;min-height:50px;aspect-ratio:unset;\"><span aria-hidden=\"true\" class=\"wp-block-cover__background has-stone-gray-background-color has-background-dim-100 has-background-dim\"><\/span><div class=\"wp-block-cover__inner-container is-layout-constrained wp-container-core-cover-is-layout-3dcc9c70 wp-block-cover-is-layout-constrained\"><style>\n\t\t.vendor-directory-fields {\n\t\t\tmargin-bottom: 20px;\n\t\t}\n\t\t.vendor-directory-fields .vendor-app-name {\n\t\t\tmargin: 0 0 12px 0;\n\t\t\tfont-size: 1.5em;\n\t\t\tfont-weight: 600;\n\t\t}\n\t\t.vendor-directory-fields .vendor-app-description {\n\t\t\tmargin: 0 0 20px 0;\n\t\t\tfont-size: 1em;\n\t\t\tline-height: 1.6;\n\t\t}\n\t\t.vendor-directory-fields .vendor-app-links {\n\t\t\tdisplay: flex;\n\t\t\tgap: 20px;\n\t\t\tflex-wrap: wrap;\n\t\t\talign-items: stretch;\n\t\t}\n\t\t.vendor-directory-fields .vendor-app-link-column {\n\t\t\tflex: 1;\n\t\t\tmin-width: 140px;\n\t\t}\n\t\t.vendor-directory-fields .vendor-app-links {\n\t\t\tmargin: 0 !important;\n\t\t}\n\t\t.vendor-directory-fields .vendor-app-link-column {\n\t\t\tmargin: 0 !important;\n\t\t}\n\t\t.vendor-directory-fields .vendor-app-badge {\n\t\t\tmargin: 0 !important;\n\t\t\tpadding: 0;\n\t\t\tdisplay: block;\n\t\t\twidth: 100%;\n\t\t}\n\t\t.vendor-directory-fields .vendor-app-badge a,\n\t\t.vendor-directory-fields .vendor-app-badge-link {\n\t\t\tdisplay: block;\n\t\t\twidth: 100%;\n\t\t\tmargin: 0;\n\t\t}\n\t\t.vendor-directory-fields .vendor-app-badge img,\n\t\t.vendor-directory-fields .vendor-app-badge-image {\n\t\t\twidth: 100% !important;\n\t\t\tmax-width: 100% !important;\n\t\t\theight: auto !important;\n\t\t\tdisplay: block;\n\t\t\tmargin: 0 !important;\n\t\t}\n\t\t.vendor-directory-fields figure.vendor-app-badge {\n\t\t\twidth: 100%;\n\t\t\tmargin: 0 !important;\n\t\t}\n\t\t.vendor-directory-fields .vendor-contact-field-label {\n\t\t\tmargin: 0 0 8px 0;\n\t\t\tfont-size: 1.25em;\n\t\t\tfont-weight: 600;\n\t\t}\n\t\t.vendor-directory-fields .vendor-contact-field {\n\t\t\tmargin-bottom: 12px;\n\t\t}\n\t\t.vendor-directory-fields .vendor-contact-field strong {\n\t\t\tdisplay: block;\n\t\t\tmargin-bottom: 4px;\n\t\t}\n\t\t.vendor-directory-fields .vendor-contact-field-content {\n\t\t\tline-height: 1.5;\n\t\t}\n\t<\/style><div class=\"vendor-directory-fields\" data-vendor-id=\"485\" data-field-group=\"vendor_contact\"><div class=\"vendor-contact-content\"><div class=\"vendor-contact-fields\"><div class=\"vendor-contact-field vendor-contact-field--vendor_contact_info\"><h3 class=\"vendor-contact-field-label\">Contact<\/h3><div class=\"vendor-contact-field-content\"><p><span data-contrast=\"auto\">Le Centre d\u2019assurance collective d\u2019AECOM, administr\u00e9 par SEB, est votre principal point de contact pour adh\u00e9rer, modifier et poser des questions.<\/span><span data-ccp-props=\"{&quot;201341983&quot;:0,&quot;335559739&quot;:0,&quot;335559740&quot;:278}\">\u00a0<\/span><\/p>\n<p><span data-contrast=\"auto\"><strong>T\u00e9l\u00e9phone:<\/strong> 1-833-411-5520<\/span><span data-ccp-props=\"{&quot;201341983&quot;:0,&quot;335559739&quot;:0,&quot;335559740&quot;:278}\">\u00a0<\/span><\/p>\n<p><span data-contrast=\"auto\">lundi\u00a0au vendredi de 8 h \u00e0 20 h (HE)<\/span><span data-ccp-props=\"{&quot;201341983&quot;:0,&quot;335559685&quot;:720,&quot;335559739&quot;:0,&quot;335559740&quot;:278}\">\u00a0<\/span><\/p>\n<p><strong>Site Web:\u00a0<\/strong><a href=\"https:\/\/sso.seb-admin.com\/sp\/singlesignon?partnerIdP=https:\/\/sts.windows.net\/16ed5ab4-2b59-4e40-806d-8a30bdc9cf26\/\" target=\"_blank\" rel=\"noopener\"><span data-contrast=\"none\">Microsoft\u00a0Authenticator<\/span><\/a><span data-contrast=\"auto\">\u00a0(si vous avez d\u00e9j\u00e0 un compte aupr\u00e8s du Centre d\u2019assurance collective d\u2019AECOM)<\/span><span data-ccp-props=\"{&quot;201341983&quot;:0,&quot;335559740&quot;:278}\">\u00a0<\/span><\/p>\n<p><span data-contrast=\"auto\">Ou\u00a0<\/span><a href=\"https:\/\/aecom.seb-admin.com\/App\/login?lang=fr-ca\" target=\"_blank\" rel=\"noopener\"><span data-contrast=\"none\">AECOMBenefitsOnline.\u00a0com<\/span><\/a><span data-contrast=\"auto\">, \u00e0 l\u2019aide de votre code d\u2019acc\u00e8s (identifiant\u00a0Workday) et du mot de passe<\/span><span data-ccp-props=\"{&quot;201341983&quot;:0,&quot;335559685&quot;:720,&quot;335559740&quot;:278}\">\u00a0<\/span><\/p>\n<\/div><\/div><\/div><\/div><\/div>\n<p><\/p>\n<\/div><\/div>\n<\/div>\n<\/div>\n","protected":false},"excerpt":{"rendered":"<p>L\u2019assurance contre les maladies graves offre un montant forfaitaire non imposable si vous ou votre conjoint recevez un premier diagnostic de maladie grave couverte pendant que l\u2019assurance est active, sous r\u00e9serve de certains crit\u00e8res.&nbsp;&nbsp; Vous d\u00e9cidez de la fa\u00e7on d\u2019utiliser la prestation financi\u00e8re, que ce soit pour des frais m\u00e9dicaux, des frais de soins infirmiers [&hellip;]<\/p>\n","protected":false},"author":4,"featured_media":0,"parent":17,"menu_order":0,"comment_status":"closed","ping_status":"closed","template":"page-templates\/page-blank-container.php","meta":{"_acf_changed":false,"footnotes":""},"class_list":["post-517","page","type-page","status-publish","hentry"],"acf":[],"_links":{"self":[{"href":"https:\/\/benefits.aecom.com\/fr-ca\/wp-json\/wp\/v2\/pages\/517","targetHints":{"allow":["GET"]}}],"collection":[{"href":"https:\/\/benefits.aecom.com\/fr-ca\/wp-json\/wp\/v2\/pages"}],"about":[{"href":"https:\/\/benefits.aecom.com\/fr-ca\/wp-json\/wp\/v2\/types\/page"}],"author":[{"embeddable":true,"href":"https:\/\/benefits.aecom.com\/fr-ca\/wp-json\/wp\/v2\/users\/4"}],"replies":[{"embeddable":true,"href":"https:\/\/benefits.aecom.com\/fr-ca\/wp-json\/wp\/v2\/comments?post=517"}],"version-history":[{"count":14,"href":"https:\/\/benefits.aecom.com\/fr-ca\/wp-json\/wp\/v2\/pages\/517\/revisions"}],"predecessor-version":[{"id":1095,"href":"https:\/\/benefits.aecom.com\/fr-ca\/wp-json\/wp\/v2\/pages\/517\/revisions\/1095"}],"up":[{"embeddable":true,"href":"https:\/\/benefits.aecom.com\/fr-ca\/wp-json\/wp\/v2\/pages\/17"}],"wp:attachment":[{"href":"https:\/\/benefits.aecom.com\/fr-ca\/wp-json\/wp\/v2\/media?parent=517"}],"curies":[{"name":"wp","href":"https:\/\/api.w.org\/{rel}","templated":true}]}}