{"id":526,"date":"2026-02-03T06:28:53","date_gmt":"2026-02-03T06:28:53","guid":{"rendered":"https:\/\/dev-benefits2024.pantheonsite.io\/fr-ca\/?page_id=526"},"modified":"2026-02-18T19:20:42","modified_gmt":"2026-02-18T19:20:42","slug":"assurance-invalidite","status":"publish","type":"page","link":"https:\/\/benefits.aecom.com\/fr-ca\/all-benefits\/assurance-invalidite\/","title":{"rendered":"Assurance\u00a0Invalidit\u00e9"},"content":{"rendered":"\n<div class=\"wp-block-columns sticky-sidebar-container is-layout-flex wp-container-core-columns-is-layout-cbe57604 wp-block-columns-is-layout-flex\">\n<div class=\"wp-block-column is-layout-flow wp-block-column-is-layout-flow\" style=\"flex-basis:66.667%\">\n<p>L\u2019assurance invalidit\u00e9 vous procure un soutien financier lorsqu\u2019une maladie ou une blessure vous emp\u00eache de travailler pour une p\u00e9riode prolong\u00e9e. Vous recevrez un pourcentage de votre revenu, tant et aussi longtemps que vous restez admissible au cong\u00e9 d\u2019invalidit\u00e9 en vertu des r\u00e9gimes d\u2019AECOM.&nbsp;&nbsp;<\/p>\n\n\n\n<p>L\u2019assurance invalidit\u00e9 de courte dur\u00e9e (ICD) et l\u2019assurance invalidit\u00e9 de longue dur\u00e9e (ILD) sont requises pour tous les employ\u00e9s d\u2019AECOM.&nbsp;<\/p>\n\n\n\n<p>Les prestations d\u2019ILD prennent fin lorsque vous ne r\u00e9pondez plus aux crit\u00e8res d\u00e9finissant l\u2019invalidit\u00e9, \u00e0 votre r\u00e9tablissement ou lorsque vous atteignez l\u2019\u00e2ge de 65 ans.&nbsp;&nbsp;<\/p>\n\n\n\n<hr class=\"wp-block-separator has-alpha-channel-opacity\" style=\"margin-top:var(--wp--preset--spacing--50);margin-bottom:var(--wp--preset--spacing--50)\" \/>\n\n\n\n<h3 class=\"wp-block-heading mb-3\"><strong>R\u00e9gime de prestations d\u2019invalidit\u00e9 de courte dur\u00e9e<\/strong>&nbsp;<\/h3>\n\n\n\n<p>En cas de maladie ou de blessure, si vous \u00eates incapable d\u2019effectuer votre travail habituel pendant cinq jours ouvrables cons\u00e9cutifs, vous pourriez \u00eatre admissible \u00e0 l\u2019assurance ICD et recevoir des prestations \u00e9quivalant \u00e0 67 % de votre salaire de base pour une p\u00e9riode allant jusqu\u2019\u00e0 16 semaines (apr\u00e8s une p\u00e9riode d\u2019attente de 5 jours ouvrables).&nbsp;<\/p>\n\n\n\n<p>Maintenant qu\u2019AECOM assume le co\u00fbt des primes d\u2019assurance invalidit\u00e9 de courte dur\u00e9e, les montants qui vous sont vers\u00e9s \u00e0 titre d\u2019indemnit\u00e9 deviennent imposable, conform\u00e9ment aux exigences de l\u2019ARC.&nbsp;&nbsp;<\/p>\n\n\n\n<p><\/p>\n\n\n\n<hr class=\"wp-block-separator has-alpha-channel-opacity\" \/>\n\n\n\n<div style=\"height:21px\" aria-hidden=\"true\" class=\"wp-block-spacer\"><\/div>\n\n\n\n<h3 class=\"wp-block-heading\"><strong>Comment soumettre une demande de prestations&nbsp;<\/strong>&nbsp;<\/h3>\n\n\n\n<div style=\"height:21px\" aria-hidden=\"true\" class=\"wp-block-spacer\"><\/div>\n\n\n\n<p>La D\u00e9claration du participant et la D\u00e9claration m\u00e9dicale initiale pour l\u2019assurance invalidit\u00e9 (anciennement D\u00e9claration du m\u00e9decin traitant) sont requises pour les absences de plus de cinq jours ouvrables cons\u00e9cutifs pourune m\u00eame maladie ou invalidit\u00e9. Ces deux formulaires doivent \u00eatre envoy\u00e9s directement \u00e0 Sun Life.&nbsp;<\/p>\n\n\n\n<p>Le formulaire de demande d\u2019invalidit\u00e9 de courte dur\u00e9e doit \u00eatre retourn\u00e9 au partenaire des cong\u00e9s&nbsp;(<a href=\"mailto:Katy.veilleu@aecom.com\" target=\"_blank\" rel=\"noreferrer noopener\">Katy.veilleu@aecom.com<\/a>).&nbsp;&nbsp;<\/p>\n\n\n\n<p>Il y aura une semaine d\u2019attente (cinq jours ouvrables) avant le d\u00e9but de vos prestations d\u2019ICD. Durant ce temps, vous pouvez utiliser les cong\u00e9s flexibles pay\u00e9s&nbsp;(Projet:&nbsp;04002001,&nbsp;T\u00e2che: 100, Type:&nbsp;Maladie_Cong\u00e9s&nbsp;flexibles).&nbsp;<\/p>\n\n\n\n<p>C\u2019est la Sun Life, l\u2019administrateur invalidit\u00e9 pour AECOM, qui versera les paiements d\u2019ICD apr\u00e8s la p\u00e9riode d\u2019attente de cinq jours.&nbsp;<\/p>\n\n\n\n<p>Il n\u2019est pas n\u00e9cessaire de remplir des feuilles de temps apr\u00e8s les cinq premiers jours, sauf si le cong\u00e9 commence en milieu de semaine. Dans ce cas, vous pouvez utiliser le code de cong\u00e9&nbsp;sans solde&nbsp;pour le reste de la semaine (\u00e0 partir du sixi\u00e8me jour) : Projet : 04002001; T\u00e2che : 60; Type : Cong\u00e9&nbsp;&nbsp;<\/p>\n\n\n\n<p>autoris\u00e9&nbsp;(cong\u00e9 sans&nbsp;solde).&nbsp;<\/p>\n\n\n\n<p>\u00c0 partir du 6\u1d49&nbsp;jour du cong\u00e9, il ne devrait y avoir aucun gain provenant d\u2019AECOM, puisque cette p\u00e9riode serait couverte par Sun Life dans le cadre du&nbsp;r\u00e9gime&nbsp;d\u2019invalidit\u00e9 de courte dur\u00e9e.&nbsp;&nbsp;&nbsp;<\/p>\n\n\n\n<hr class=\"wp-block-separator has-alpha-channel-opacity\" \/>\n\n\n\n<div style=\"height:21px\" aria-hidden=\"true\" class=\"wp-block-spacer\"><\/div>\n\n\n\n<h3 class=\"wp-block-heading\"><strong>R\u00e9gime de prestations d\u2019invalidit\u00e9 de longue dur\u00e9e<\/strong>&nbsp;<\/h3>\n\n\n\n<div style=\"height:21px\" aria-hidden=\"true\" class=\"wp-block-spacer\"><\/div>\n\n\n\n<p>Si vous \u00eates toujours inapte au travail apr\u00e8s 17 semaines, vous pourriez \u00eatre admissible aux prestations d\u2019ILD.&nbsp;<\/p>\n\n\n\n<p>Les prestations d\u2019ILD vous sont vers\u00e9es tant et aussi longtemps que vous demeurez totalement invalide (jusqu\u2019\u00e0 l\u2019\u00e2ge de 65 ans) et sous les soins d\u2019un m\u00e9decin.&nbsp;<\/p>\n<\/div>\n\n\n\n<div class=\"wp-block-column sticky-sidebar is-layout-flow wp-block-column-is-layout-flow\" style=\"flex-basis:30%\">\n<section class=\"wp-block-cover quick-links\" style=\"padding-top:40px;padding-right:40px;padding-bottom:40px;padding-left:40px;min-height:50px;aspect-ratio:unset;\"><span aria-hidden=\"true\" class=\"wp-block-cover__background has-midnight-teal-background-color has-background-dim-100 has-background-dim\"><\/span><div class=\"wp-block-cover__inner-container is-layout-constrained wp-container-core-cover-is-layout-e158748c wp-block-cover-is-layout-constrained\">\n<h3 class=\"wp-block-heading has-text-align-left\" style=\"font-size:24px\"><strong>Liens connexes<\/strong><\/h3>\n\n\n\n<ul class=\"wp-block-list\">\n<li class=\"  \"><a href=\"https:\/\/aecom.sharepoint.com\/sites\/VivaEcoppfForms\/_layouts\/download.aspx?SourceUrl=https:\/\/aecom.sharepoint.com\/sites\/VivaEcoppfForms\/Forms\/Short_Term_Disability_Request_Form_H3_DCS_AM_CA_004_FM4_Bilingual.pdf\" data-type=\"link\" data-id=\"https:\/\/aecom.sharepoint.com\/sites\/VivaEcoppfForms\/_layouts\/download.aspx?\" target=\"_blank\" rel=\"noreferrer noopener\">Formulaire de demande d\u2019invalidit\u00e9 de courte dur\u00e9e&nbsp;<\/a><\/li>\n\n\n\n<li class=\"  \"><a href=\"https:\/\/benefits.aecom.com\/wp-content\/uploads\/documents\/Canada-FR\/disability_insurance\/d%C3%A9claration_m%C3%A9dicale_initiale_pour_l%E2%80%99assurance_invalidit%C3%A9.pdf\" target=\"_blank\" rel=\"noreferrer noopener\">D\u00e9claration m\u00e9dicale initiale pour\u00a0l\u2019assurance invalidit\u00e9\u00a0<\/a><\/li>\n\n\n\n<li class=\"  \"><a href=\"https:\/\/benefits.aecom.com\/wp-content\/uploads\/documents\/Canada-FR\/disability_insurance\/d%C3%A9claration_du_participant.pdf\" target=\"_blank\" rel=\"noreferrer noopener\">D\u00e9claration\u00a0du participant\u00a0<\/a><\/li>\n<\/ul>\n<\/div><\/section>\n\n\n\n<div class=\"wp-block-cover is-light resources-sidebar\" style=\"padding-top:40px;padding-right:40px;padding-bottom:40px;padding-left:40px;min-height:50px;aspect-ratio:unset;\"><span aria-hidden=\"true\" class=\"wp-block-cover__background has-stone-gray-background-color has-background-dim-100 has-background-dim\"><\/span><div class=\"wp-block-cover__inner-container is-layout-constrained wp-container-core-cover-is-layout-3dcc9c70 wp-block-cover-is-layout-constrained\">\n<h3 class=\"wp-block-heading\">Contact<\/h3>\n\n\n\n<ul class=\"wp-block-list\">\n<li class=\"  \"><a href=\"mailto:Katy.veilleux@aecom.com\" target=\"_blank\" rel=\"noreferrer noopener\">Katy.veilleux@aecom.com<\/a>&nbsp;&nbsp;<\/li>\n<\/ul>\n<\/div><\/div>\n<\/div>\n<\/div>\n\n\n\n<hr class=\"wp-block-separator has-alpha-channel-opacity\" \/>\n\n\n\n<div style=\"height:21px\" aria-hidden=\"true\" class=\"wp-block-spacer\"><\/div>\n\n\n\n<h3 class=\"wp-block-heading\"><strong>Formule de calcul des prestations d\u2019ILD<\/strong>&nbsp;<\/h3>\n\n\n\n<div style=\"height:21px\" aria-hidden=\"true\" class=\"wp-block-spacer\"><\/div>\n\n\n\n<p>70%&nbsp;de la premi\u00e8re tranche de 2 000 $ de votre salaire de base mensuel avant invalidit\u00e9&nbsp;<\/p>\n\n\n\n<p>+&nbsp;<\/p>\n\n\n\n<p>55%&nbsp;de la tranche de 1 500 $ suivante de votre salaire de base mensuel avant invalidit\u00e9&nbsp;<\/p>\n\n\n\n<p>+&nbsp;<\/p>\n\n\n\n<p>45%&nbsp;du solde de votre salaire de base, jusqu\u2019\u00e0 concurrence d\u2019une prestation&nbsp;mensuelle de&nbsp;12&nbsp;000&nbsp;$&nbsp;<\/p>\n\n\n\n<p><\/p>\n","protected":false},"excerpt":{"rendered":"<p>L\u2019assurance invalidit\u00e9 vous procure un soutien financier lorsqu\u2019une maladie ou une blessure vous emp\u00eache de travailler pour une p\u00e9riode prolong\u00e9e. Vous recevrez un pourcentage de votre revenu, tant et aussi longtemps que vous restez admissible au cong\u00e9 d\u2019invalidit\u00e9 en vertu des r\u00e9gimes d\u2019AECOM.&nbsp;&nbsp; L\u2019assurance invalidit\u00e9 de courte dur\u00e9e (ICD) et l\u2019assurance invalidit\u00e9 de longue dur\u00e9e [&hellip;]<\/p>\n","protected":false},"author":4,"featured_media":0,"parent":17,"menu_order":0,"comment_status":"closed","ping_status":"closed","template":"page-templates\/page-blank-container.php","meta":{"_acf_changed":false,"footnotes":""},"class_list":["post-526","page","type-page","status-publish","hentry"],"acf":[],"_links":{"self":[{"href":"https:\/\/benefits.aecom.com\/fr-ca\/wp-json\/wp\/v2\/pages\/526","targetHints":{"allow":["GET"]}}],"collection":[{"href":"https:\/\/benefits.aecom.com\/fr-ca\/wp-json\/wp\/v2\/pages"}],"about":[{"href":"https:\/\/benefits.aecom.com\/fr-ca\/wp-json\/wp\/v2\/types\/page"}],"author":[{"embeddable":true,"href":"https:\/\/benefits.aecom.com\/fr-ca\/wp-json\/wp\/v2\/users\/4"}],"replies":[{"embeddable":true,"href":"https:\/\/benefits.aecom.com\/fr-ca\/wp-json\/wp\/v2\/comments?post=526"}],"version-history":[{"count":11,"href":"https:\/\/benefits.aecom.com\/fr-ca\/wp-json\/wp\/v2\/pages\/526\/revisions"}],"predecessor-version":[{"id":1056,"href":"https:\/\/benefits.aecom.com\/fr-ca\/wp-json\/wp\/v2\/pages\/526\/revisions\/1056"}],"up":[{"embeddable":true,"href":"https:\/\/benefits.aecom.com\/fr-ca\/wp-json\/wp\/v2\/pages\/17"}],"wp:attachment":[{"href":"https:\/\/benefits.aecom.com\/fr-ca\/wp-json\/wp\/v2\/media?parent=526"}],"curies":[{"name":"wp","href":"https:\/\/api.w.org\/{rel}","templated":true}]}}