{"id":532,"date":"2026-02-03T07:09:19","date_gmt":"2026-02-03T07:09:19","guid":{"rendered":"https:\/\/dev-benefits2024.pantheonsite.io\/fr-ca\/?page_id=532"},"modified":"2026-02-18T17:21:42","modified_gmt":"2026-02-18T17:21:42","slug":"regime-dachat-dactions-des-employes-raae","status":"publish","type":"page","link":"https:\/\/benefits.aecom.com\/fr-ca\/regime-dachat-dactions-des-employes-raae\/","title":{"rendered":"R\u00e9gime d\u2019achat d\u2019actions des employ\u00e9s (RAAE)"},"content":{"rendered":"\n<div class=\"wp-block-columns sticky-sidebar-container is-layout-flex wp-container-core-columns-is-layout-cbe57604 wp-block-columns-is-layout-flex\">\n<div class=\"wp-block-column is-layout-flow wp-block-column-is-layout-flow\" style=\"flex-basis:66.667%\">\n<p>G\u00e9r\u00e9 par Merrill, le r\u00e9gime d\u2019achat d\u2019actions des employ\u00e9s vous fait b\u00e9n\u00e9ficier d\u2019une r\u00e9duction de 12 % sur le prix d\u2019achat&nbsp;&nbsp;des&nbsp;actions de la soci\u00e9t\u00e9.&nbsp;<\/p>\n\n\n\n<p>Vous pouvez choisir de cotiser jusqu\u2019\u00e0 10\u202f% de votre r\u00e9mun\u00e9ration admissible vers\u00e9e aux deux semaines au moyen de d\u00e9ductions salariales apr\u00e8s imp\u00f4t (sous r\u00e9serve d\u2019une limite de 1\u202f300 actions par p\u00e9riode de souscription et d\u2019une limite annuelle de 25\u202f000\u202f$\u202fUS en actions par ann\u00e9e civile impos\u00e9e par l\u2019IRS des&nbsp;\u00c9tats\u2011Unis).&nbsp;&nbsp;<\/p>\n\n\n\n<p>Il y a six p\u00e9riodes de souscription au cours de l\u2019ann\u00e9e.&nbsp;&nbsp;<\/p>\n\n\n\n<p>Les employ\u00e9s \u00e0 temps partiel qui travaillent moins de&nbsp;20\u202fheures par semaine, ainsi que les employ\u00e9s temporaires et&nbsp;occasionnels, ne sont pas admissibles au&nbsp;RAAE.&nbsp;<\/p>\n<\/div>\n\n\n\n<div class=\"wp-block-column sticky-sidebar is-layout-flow wp-block-column-is-layout-flow\" style=\"flex-basis:30%\">\n<section class=\"wp-block-cover quick-links\" style=\"padding-top:40px;padding-right:40px;padding-bottom:40px;padding-left:40px;min-height:50px;aspect-ratio:unset;\"><span aria-hidden=\"true\" class=\"wp-block-cover__background has-midnight-teal-background-color has-background-dim-100 has-background-dim\"><\/span><div class=\"wp-block-cover__inner-container is-layout-constrained wp-container-core-cover-is-layout-e158748c wp-block-cover-is-layout-constrained\">\n<h3 class=\"wp-block-heading has-text-align-left\" style=\"font-size:24px\"><strong>Liens connexes<\/strong><\/h3>\n\n\n\n<ul class=\"wp-block-list\">\n<li class=\"  \"><a href=\"https:\/\/benefits.aecom.com\/wp-content\/uploads\/documents\/Canada-FR\/employee_stock_purchase_plan\/brochure_raae.pdf\" data-type=\"link\" data-id=\"https:\/\/benefits.aecom.com\/wp-content\/uploads\/documents\/Canada-FR\/retirement_and_savings_plan\/Bonus_to_RRSP.pdf\" target=\"_blank\" rel=\"noreferrer noopener\">Brochure RAAE<\/a><\/li>\n\n\n\n<li class=\"  \"><a href=\"https:\/\/benefits.aecom.com\/wp-content\/uploads\/documents\/Canada-FR\/employee_stock_purchase_plan\/guide_pour_votre_compte.pdf\" target=\"_blank\" rel=\"noreferrer noopener\">Guide\u00a0pour\u00a0votre\u00a0compte\u00a0<\/a><\/li>\n<\/ul>\n<\/div><\/section>\n\n\n\n<div class=\"wp-block-cover is-light resources-sidebar has-vendor-data vendor-group-vendor_contact\" style=\"padding-top:40px;padding-right:40px;padding-bottom:40px;padding-left:40px;min-height:50px;aspect-ratio:unset;\"><span aria-hidden=\"true\" class=\"wp-block-cover__background has-stone-gray-background-color has-background-dim-100 has-background-dim\"><\/span><div class=\"wp-block-cover__inner-container is-layout-constrained wp-container-core-cover-is-layout-3dcc9c70 wp-block-cover-is-layout-constrained\"><style>\n\t\t.vendor-directory-fields {\n\t\t\tmargin-bottom: 20px;\n\t\t}\n\t\t.vendor-directory-fields .vendor-app-name {\n\t\t\tmargin: 0 0 12px 0;\n\t\t\tfont-size: 1.5em;\n\t\t\tfont-weight: 600;\n\t\t}\n\t\t.vendor-directory-fields .vendor-app-description {\n\t\t\tmargin: 0 0 20px 0;\n\t\t\tfont-size: 1em;\n\t\t\tline-height: 1.6;\n\t\t}\n\t\t.vendor-directory-fields .vendor-app-links {\n\t\t\tdisplay: flex;\n\t\t\tgap: 20px;\n\t\t\tflex-wrap: wrap;\n\t\t\talign-items: stretch;\n\t\t}\n\t\t.vendor-directory-fields .vendor-app-link-column {\n\t\t\tflex: 1;\n\t\t\tmin-width: 140px;\n\t\t}\n\t\t.vendor-directory-fields .vendor-app-links {\n\t\t\tmargin: 0 !important;\n\t\t}\n\t\t.vendor-directory-fields .vendor-app-link-column {\n\t\t\tmargin: 0 !important;\n\t\t}\n\t\t.vendor-directory-fields .vendor-app-badge {\n\t\t\tmargin: 0 !important;\n\t\t\tpadding: 0;\n\t\t\tdisplay: block;\n\t\t\twidth: 100%;\n\t\t}\n\t\t.vendor-directory-fields .vendor-app-badge a,\n\t\t.vendor-directory-fields .vendor-app-badge-link {\n\t\t\tdisplay: block;\n\t\t\twidth: 100%;\n\t\t\tmargin: 0;\n\t\t}\n\t\t.vendor-directory-fields .vendor-app-badge img,\n\t\t.vendor-directory-fields .vendor-app-badge-image {\n\t\t\twidth: 100% !important;\n\t\t\tmax-width: 100% !important;\n\t\t\theight: auto !important;\n\t\t\tdisplay: block;\n\t\t\tmargin: 0 !important;\n\t\t}\n\t\t.vendor-directory-fields figure.vendor-app-badge {\n\t\t\twidth: 100%;\n\t\t\tmargin: 0 !important;\n\t\t}\n\t\t.vendor-directory-fields .vendor-contact-field-label {\n\t\t\tmargin: 0 0 8px 0;\n\t\t\tfont-size: 1.25em;\n\t\t\tfont-weight: 600;\n\t\t}\n\t\t.vendor-directory-fields .vendor-contact-field {\n\t\t\tmargin-bottom: 12px;\n\t\t}\n\t\t.vendor-directory-fields .vendor-contact-field strong {\n\t\t\tdisplay: block;\n\t\t\tmargin-bottom: 4px;\n\t\t}\n\t\t.vendor-directory-fields .vendor-contact-field-content {\n\t\t\tline-height: 1.5;\n\t\t}\n\t<\/style><div class=\"vendor-directory-fields\" data-vendor-id=\"489\" data-field-group=\"vendor_contact\"><div class=\"vendor-contact-content\"><div class=\"vendor-contact-fields\"><div class=\"vendor-contact-field vendor-contact-field--vendor_contact_info\"><h3 class=\"vendor-contact-field-label\">Contact<\/h3><div class=\"vendor-contact-field-content\"><p><span data-contrast=\"auto\">Communiquez avec Merrill pour toute question ou assistance concernant le R\u00e9gime d\u2019achat d\u2019actions des employ\u00e9s (RAAE)<\/span><span data-ccp-props=\"{&quot;201341983&quot;:0,&quot;335559740&quot;:278}\">\u00a0<\/span><\/p>\n<p><span data-contrast=\"auto\"><strong>T\u00e9l\u00e9phone:<\/strong> 877.637.4226<\/span><span data-ccp-props=\"{&quot;201341983&quot;:0,&quot;335559739&quot;:0,&quot;335559740&quot;:278}\">\u00a0<\/span><\/p>\n<p><a href=\"https:\/\/www.benefits.ml.com\/login\/login\" target=\"_blank\" rel=\"noopener\"><span data-contrast=\"auto\"><strong>Site Web<\/strong><\/span><\/a><span data-ccp-props=\"{&quot;201341983&quot;:0,&quot;335559740&quot;:278}\">\u00a0<\/span><\/p>\n<\/div><\/div><\/div><\/div><\/div>\n<p><\/p>\n<\/div><\/div>\n\n\n\n<div class=\"wp-block-cover is-light resources-sidebar has-vendor-data vendor-group-vendor_app\" style=\"padding-top:40px;padding-right:40px;padding-bottom:40px;padding-left:40px;min-height:50px;aspect-ratio:unset;\"><span aria-hidden=\"true\" class=\"wp-block-cover__background has-background-dim-100 has-background-dim\" style=\"background-color:#e3e3e3\"><\/span><div class=\"wp-block-cover__inner-container is-layout-constrained wp-container-core-cover-is-layout-3dcc9c70 wp-block-cover-is-layout-constrained\"><div class=\"vendor-directory-fields\" data-vendor-id=\"489\" data-field-group=\"vendor_app\"><h3 class=\"wp-block-heading vendor-app-name\">Merrill, une entreprise de Bank of America <\/h3><div class=\"wp-block-columns vendor-app-links\"><div class=\"wp-block-column vendor-app-link-column\"><figure class=\"wp-block-image vendor-app-badge vendor-app-badge--appstore\"><a href=\"https:\/\/itunes.apple.com\/us\/app\/benefits-online\/id1419745724?ls=1&#038;mt=8\" target=\"_blank\" rel=\"noopener noreferrer\" class=\"vendor-app-badge-link\"><img decoding=\"async\" src=\"https:\/\/benefits.aecom.com\/fr-ca\/wp-content\/uploads\/sites\/4\/2024\/08\/Download_on_the_App_Store_Badge-copy.webp\" alt=\"Download on the App Store\" class=\"vendor-app-badge-image\" \/><\/a><\/figure><\/div><div class=\"wp-block-column vendor-app-link-column\"><figure class=\"wp-block-image vendor-app-badge vendor-app-badge--googleplay\"><a href=\"https:\/\/play.google.com\/store\/apps\/details?id=com.ml.mobile.bol&#038;hl=en_US\" target=\"_blank\" rel=\"noopener noreferrer\" class=\"vendor-app-badge-link\"><img decoding=\"async\" src=\"https:\/\/benefits.aecom.com\/fr-ca\/wp-content\/uploads\/sites\/4\/2024\/08\/Get_it_on_Google_Play-copy.webp\" alt=\"Get it on Google Play\" class=\"vendor-app-badge-image\" \/><\/a><\/figure><\/div><\/div><\/div>\n<p><\/p>\n<\/div><\/div>\n<\/div>\n<\/div>\n\n\n\n<p><\/p>\n","protected":false},"excerpt":{"rendered":"<p>G\u00e9r\u00e9 par Merrill, le r\u00e9gime d\u2019achat d\u2019actions des employ\u00e9s vous fait b\u00e9n\u00e9ficier d\u2019une r\u00e9duction de 12 % sur le prix d\u2019achat&nbsp;&nbsp;des&nbsp;actions de la soci\u00e9t\u00e9.&nbsp; Vous pouvez choisir de cotiser jusqu\u2019\u00e0 10\u202f% de votre r\u00e9mun\u00e9ration admissible vers\u00e9e aux deux semaines au moyen de d\u00e9ductions salariales apr\u00e8s imp\u00f4t (sous r\u00e9serve d\u2019une limite de 1\u202f300 actions par p\u00e9riode [&hellip;]<\/p>\n","protected":false},"author":4,"featured_media":0,"parent":0,"menu_order":0,"comment_status":"closed","ping_status":"closed","template":"page-templates\/page-blank-container.php","meta":{"_acf_changed":false,"footnotes":""},"class_list":["post-532","page","type-page","status-publish","hentry"],"acf":[],"_links":{"self":[{"href":"https:\/\/benefits.aecom.com\/fr-ca\/wp-json\/wp\/v2\/pages\/532","targetHints":{"allow":["GET"]}}],"collection":[{"href":"https:\/\/benefits.aecom.com\/fr-ca\/wp-json\/wp\/v2\/pages"}],"about":[{"href":"https:\/\/benefits.aecom.com\/fr-ca\/wp-json\/wp\/v2\/types\/page"}],"author":[{"embeddable":true,"href":"https:\/\/benefits.aecom.com\/fr-ca\/wp-json\/wp\/v2\/users\/4"}],"replies":[{"embeddable":true,"href":"https:\/\/benefits.aecom.com\/fr-ca\/wp-json\/wp\/v2\/comments?post=532"}],"version-history":[{"count":12,"href":"https:\/\/benefits.aecom.com\/fr-ca\/wp-json\/wp\/v2\/pages\/532\/revisions"}],"predecessor-version":[{"id":1043,"href":"https:\/\/benefits.aecom.com\/fr-ca\/wp-json\/wp\/v2\/pages\/532\/revisions\/1043"}],"wp:attachment":[{"href":"https:\/\/benefits.aecom.com\/fr-ca\/wp-json\/wp\/v2\/media?parent=532"}],"curies":[{"name":"wp","href":"https:\/\/api.w.org\/{rel}","templated":true}]}}