{"id":541,"date":"2026-02-04T07:50:21","date_gmt":"2026-02-04T07:50:21","guid":{"rendered":"https:\/\/dev-benefits2024.pantheonsite.io\/fr-ca\/?page_id=541"},"modified":"2026-02-13T21:43:46","modified_gmt":"2026-02-13T21:43:46","slug":"programme-de-conditionnement-physique-au-canada","status":"publish","type":"page","link":"https:\/\/benefits.aecom.com\/fr-ca\/all-benefits\/programme-de-conditionnement-physique-au-canada\/","title":{"rendered":"Programme de conditionnement physique au Canada"},"content":{"rendered":"\n<div class=\"wp-block-columns sticky-sidebar-container is-layout-flex wp-container-core-columns-is-layout-cbe57604 wp-block-columns-is-layout-flex\">\n<div class=\"wp-block-column is-layout-flow wp-block-column-is-layout-flow\" style=\"flex-basis:66.667%\">\n<p>Le programme de conditionnement physique au Canada vous offre les ressources et le soutien dont vous et votre&nbsp;&nbsp;<\/p>\n\n\n\n<p>famille&nbsp;avez besoin pour conserver un mode de vie sain. Si vous habitez au Qu\u00e9bec, vous b\u00e9n\u00e9ficiez d\u2019un rabais sur votre&nbsp;&nbsp;<\/p>\n\n\n\n<p>abonnement&nbsp;\u00e0 World Gym. Dans toutes les autres provinces, ce programme est offert par l\u2019interm\u00e9diaire de&nbsp;GoodLife&nbsp;Fitness.&nbsp;<\/p>\n\n\n\n<h3 class=\"wp-block-heading\"><strong>GoodLife&nbsp;Fitness<\/strong>&nbsp;<\/h3>\n\n\n\n<p>(toutes les provinces sauf le Qu\u00e9bec)&nbsp;<\/p>\n\n\n\n<p>Inscrivez\u2011vous sur le&nbsp;<a href=\"https:\/\/corporate.goodlifefitness.com\/organisation-validation.html\" target=\"_blank\" rel=\"noreferrer noopener\">site Web de GoodLife Fitness<\/a>&nbsp;(entrez AECOM comme organisation et votre identifiant&nbsp;Workday&nbsp;comme num\u00e9ro d\u2019employ\u00e9). Vous devez d\u2019abord vous inscrire vous\u2011m\u00eame comme membre avant d\u2019inscrire les membres de votre famille.&nbsp;<\/p>\n\n\n\n<h3 class=\"wp-block-heading\"><strong>World Gym<\/strong><\/h3>\n\n\n\n<p>&nbsp;(Qu\u00e9bec)&nbsp;<\/p>\n\n\n\n<p>Si vous habitez au Qu\u00e9bec, vous pouvez adh\u00e9rer au programme de rabais pour conditionnement physique de <a href=\"https:\/\/wgq.ca\/fr\/\" data-type=\"link\" data-id=\"https:\/\/wgq.ca\/fr\/\" target=\"_blank\" rel=\"noreferrer noopener\">World Gym<\/a>. Il suffit de pr\u00e9senter une preuve d\u2019emploi, comme un talon de paie, dans n\u2019importe quel \u00e9tablissement World Gym au Qu\u00e9bec.\u00a0<\/p>\n<\/div>\n\n\n\n<div class=\"wp-block-column sticky-sidebar is-layout-flow wp-block-column-is-layout-flow\" style=\"flex-basis:30%\">\n<section class=\"wp-block-cover quick-links\" style=\"padding-top:40px;padding-right:40px;padding-bottom:40px;padding-left:40px;min-height:50px;aspect-ratio:unset;\"><span aria-hidden=\"true\" class=\"wp-block-cover__background has-midnight-teal-background-color has-background-dim-100 has-background-dim\"><\/span><div class=\"wp-block-cover__inner-container is-layout-constrained wp-container-core-cover-is-layout-e158748c wp-block-cover-is-layout-constrained\">\n<h3 class=\"wp-block-heading has-text-align-left\" style=\"font-size:24px\"><strong>Liens connexes<\/strong><\/h3>\n\n\n\n<ul class=\"wp-block-list\">\n<li class=\"  \"><a href=\"https:\/\/wgq.ca\/fr\/\" data-type=\"page\" data-id=\"19\" target=\"_blank\" rel=\"noreferrer noopener\">World Gym Quebec\u00a0<\/a><\/li>\n\n\n\n<li class=\"  \"><a href=\"https:\/\/corporate.goodlifefitness.com\/organisation-validation.html\" data-type=\"link\" data-id=\"https:\/\/corporate.goodlifefitness.com\/organisation-validation.html\" target=\"_blank\" rel=\"noreferrer noopener\">GoodLife Fitness<\/a><\/li>\n<\/ul>\n<\/div><\/section>\n<\/div>\n<\/div>\n\n\n\n<p><\/p>\n","protected":false},"excerpt":{"rendered":"<p>Le programme de conditionnement physique au Canada vous offre les ressources et le soutien dont vous et votre&nbsp;&nbsp; famille&nbsp;avez besoin pour conserver un mode de vie sain. Si vous habitez au Qu\u00e9bec, vous b\u00e9n\u00e9ficiez d\u2019un rabais sur votre&nbsp;&nbsp; abonnement&nbsp;\u00e0 World Gym. Dans toutes les autres provinces, ce programme est offert par l\u2019interm\u00e9diaire de&nbsp;GoodLife&nbsp;Fitness.&nbsp; GoodLife&nbsp;Fitness&nbsp; (toutes [&hellip;]<\/p>\n","protected":false},"author":4,"featured_media":0,"parent":17,"menu_order":0,"comment_status":"closed","ping_status":"closed","template":"page-templates\/page-blank-container.php","meta":{"_acf_changed":false,"footnotes":""},"class_list":["post-541","page","type-page","status-publish","hentry"],"acf":[],"_links":{"self":[{"href":"https:\/\/benefits.aecom.com\/fr-ca\/wp-json\/wp\/v2\/pages\/541","targetHints":{"allow":["GET"]}}],"collection":[{"href":"https:\/\/benefits.aecom.com\/fr-ca\/wp-json\/wp\/v2\/pages"}],"about":[{"href":"https:\/\/benefits.aecom.com\/fr-ca\/wp-json\/wp\/v2\/types\/page"}],"author":[{"embeddable":true,"href":"https:\/\/benefits.aecom.com\/fr-ca\/wp-json\/wp\/v2\/users\/4"}],"replies":[{"embeddable":true,"href":"https:\/\/benefits.aecom.com\/fr-ca\/wp-json\/wp\/v2\/comments?post=541"}],"version-history":[{"count":9,"href":"https:\/\/benefits.aecom.com\/fr-ca\/wp-json\/wp\/v2\/pages\/541\/revisions"}],"predecessor-version":[{"id":916,"href":"https:\/\/benefits.aecom.com\/fr-ca\/wp-json\/wp\/v2\/pages\/541\/revisions\/916"}],"up":[{"embeddable":true,"href":"https:\/\/benefits.aecom.com\/fr-ca\/wp-json\/wp\/v2\/pages\/17"}],"wp:attachment":[{"href":"https:\/\/benefits.aecom.com\/fr-ca\/wp-json\/wp\/v2\/media?parent=541"}],"curies":[{"name":"wp","href":"https:\/\/api.w.org\/{rel}","templated":true}]}}