{"id":549,"date":"2026-02-04T08:00:53","date_gmt":"2026-02-04T08:00:53","guid":{"rendered":"https:\/\/dev-benefits2024.pantheonsite.io\/fr-ca\/?page_id=549"},"modified":"2026-02-19T08:02:26","modified_gmt":"2026-02-19T08:02:26","slug":"modules-de-soins-de-sante","status":"publish","type":"page","link":"https:\/\/benefits.aecom.com\/fr-ca\/all-benefits\/modules-de-soins-de-sante\/","title":{"rendered":"Modules de soins de sant\u00e9\u00a0"},"content":{"rendered":"\n<div class=\"wp-block-columns sticky-sidebar-container is-layout-flex wp-container-core-columns-is-layout-cbe57604 wp-block-columns-is-layout-flex\">\n<div class=\"wp-block-column is-layout-flow wp-block-column-is-layout-flow\" style=\"flex-basis:66.667%\">\n<p>Vous avez le choix entre trois modules de soins de sant\u00e9, chacun offrant diff\u00e9rents niveaux de couverture de soins m\u00e9dicaux et dentaires.&nbsp;<\/p>\n\n\n\n<p><strong>Module A&nbsp;<\/strong>offre une couverture m\u00e9dicale de base avec une franchise de 1\u202f000\u202f$ par personne, par ann\u00e9e. Il n\u2019inclut pas la couverture&nbsp;pour les soins&nbsp;dentaires&nbsp;ni de la vue. L\u2019entreprise assume la totalit\u00e9&nbsp;du co\u00fbt de cette couverture.&nbsp;<\/p>\n\n\n\n<p><strong>Module B<\/strong>&nbsp;offre une couverture&nbsp;de soins&nbsp;compl\u00e8te, incluant les soins de la vue, les services param\u00e9dicaux et les garanties dentaires. Vous partagez le co\u00fbt de cette couverture.&nbsp;<\/p>\n\n\n\n<p><strong>Module&nbsp;C<\/strong>&nbsp;offre la m\u00eame couverture de soins compl\u00e8te que le module B, \u00e0 un niveau de coassurance plus \u00e9lev\u00e9 pour de nombreux services, une limite de contribution moins \u00e9lev\u00e9e et d\u2019autres am\u00e9liorations.&nbsp;Vous partagez le co\u00fbt de cette couverture.&nbsp;<\/p>\n\n\n\n<p>Vous pouvez choisir ou mettre \u00e0 jour votre couverture de soins de sant\u00e9 dans les 31 jours suivant votre date d\u2019embauche&nbsp;ou apr\u00e8s un \u00e9v\u00e9nement de vie admissible, ou&nbsp;durant la p\u00e9riode&nbsp;d\u2019adh\u00e9sion annuelle.&nbsp;&nbsp;&nbsp;<\/p>\n\n\n\n<hr class=\"wp-block-separator has-alpha-channel-opacity\"\/>\n\n\n\n<p><\/p>\n\n\n\n<h3 class=\"wp-block-heading\"><strong>\u00c9v\u00e9nements&nbsp;marquants admissibles:&nbsp;<\/strong>&nbsp;<\/h3>\n\n\n\n<p><\/p>\n\n\n\n<p>\u2022&nbsp;Un changement dans la situation familiale ou matrimoniale&nbsp;<\/p>\n\n\n\n<p>\u2022 naissance ou adoption d\u2019un enfant&nbsp;<\/p>\n\n\n\n<p>\u2022 perte ou acquisition d\u2019une couverture en vertu du r\u00e9gime d\u2019assurance collective du conjoint&nbsp;<\/p>\n\n\n\n<p>\u2022 conditions d\u2019admissibilit\u00e9 de votre enfant&nbsp;<\/p>\n\n\n\n<p>\u2022 d\u00e9c\u00e8s d\u2019une personne \u00e0 charge&nbsp;<\/p>\n\n\n\n<p>Apr\u00e8s un \u00e9v\u00e9nement&nbsp;marquant admissible, vous pouvez augmenter ou diminuer votre couverture sant\u00e9. Vous devez effectuer le changement dans les 31 jours suivant l\u2019\u00e9v\u00e9nement. Si vous d\u00e9passez ce d\u00e9lai, vous devrez attendre la prochaine p\u00e9riode&nbsp;d\u2019adh\u00e9sion annuelle&nbsp;pour apporter des modifications.&nbsp;<\/p>\n\n\n\n<p>Pour effectuer un changement li\u00e9 \u00e0 un \u00e9v\u00e9nement&nbsp;admissible,&nbsp;rendez-vous sur le&nbsp;site Web du Centre d\u2019assurance collective&nbsp;d\u2019AECOM&nbsp;ou appelez le Centre d\u2019assurance collective d\u2019AECOM au 833.411.5520.&nbsp;<\/p>\n\n\n\n<p>Notre partenaire de couverture de soins de sant\u00e9 est la Sun Life. Toutes les personnes inscrites \u00e0 un r\u00e9gime&nbsp;de soins de sant\u00e9 d\u2019AECOM&nbsp;de la Financi\u00e8re Sun Life ont acc\u00e8s aux soins virtuels&nbsp;Lumino&nbsp;Sant\u00e9, offerts par Dialogue&nbsp;et peuvent obtenir un&nbsp;deuxi\u00e8me avis m\u00e9dical Sun\u202fLife, par Dialogue.&nbsp;<\/p>\n<\/div>\n\n\n\n<div class=\"wp-block-column sticky-sidebar is-layout-flow wp-block-column-is-layout-flow\" style=\"flex-basis:30%\">\n<div class=\"wp-block-buttons is-layout-flex wp-block-buttons-is-layout-flex\" style=\"margin-bottom:var(--wp--preset--spacing--50)\">\n<div class=\"wp-block-button has-custom-width wp-block-button__width-100\"><a class=\"wp-block-button__link has-earth-green-background-color has-background wp-element-button\" href=\"https:\/\/sso.seb-admin.com\/sp\/singlesignon?partnerIdP=https:\/\/sts.windows.net\/16ed5ab4-2b59-4e40-806d-8a30bdc9cf26\/\" target=\"_blank\" rel=\"noreferrer noopener\"><strong><strong><strong>&nbsp;L\u2019authentification unique de Microsoft&nbsp;<\/strong><\/strong><\/strong><\/a><\/div>\n\n\n\n<div class=\"wp-block-button has-custom-width wp-block-button__width-100\"><a class=\"wp-block-button__link has-earth-green-background-color has-background wp-element-button\" href=\"https:\/\/aecom.seb-admin.com\/App\/login?lang=en-us\" target=\"_blank\" rel=\"noreferrer noopener\"><strong><strong>Examinez votre couverture<\/strong><\/strong><\/a><\/div>\n<\/div>\n\n\n\n<section class=\"wp-block-cover quick-links\" style=\"padding-top:40px;padding-right:40px;padding-bottom:40px;padding-left:40px;min-height:222px;aspect-ratio:unset;\"><span aria-hidden=\"true\" class=\"wp-block-cover__background has-midnight-teal-background-color has-background-dim-100 has-background-dim\"><\/span><div class=\"wp-block-cover__inner-container is-layout-constrained wp-container-core-cover-is-layout-e158748c wp-block-cover-is-layout-constrained\">\n<h3 class=\"wp-block-heading has-text-align-left\" style=\"font-size:24px\"><strong>Liens connexes<\/strong><\/h3>\n\n\n\n<ul class=\"wp-block-list\">\n<li class=\"  \"><a href=\"https:\/\/benefits.aecom.com\/wp-content\/uploads\/documents\/Canada-FR\/guide_de_l'assurance_collective.pdf\" target=\"_blank\" rel=\"noreferrer noopener\">Guide de l\u2019assurance collective 2026\u00a0<\/a><\/li>\n<\/ul>\n<\/div><\/section>\n\n\n\n<div class=\"wp-block-cover is-light resources-sidebar has-vendor-data vendor-group-vendor_contact\" style=\"padding-top:40px;padding-right:40px;padding-bottom:40px;padding-left:40px;min-height:50px;aspect-ratio:unset;\"><span aria-hidden=\"true\" class=\"wp-block-cover__background has-stone-gray-background-color has-background-dim-100 has-background-dim\"><\/span><div class=\"wp-block-cover__inner-container is-layout-constrained wp-container-core-cover-is-layout-3dcc9c70 wp-block-cover-is-layout-constrained\"><style>\n\t\t.vendor-directory-fields {\n\t\t\tmargin-bottom: 20px;\n\t\t}\n\t\t.vendor-directory-fields .vendor-app-name {\n\t\t\tmargin: 0 0 12px 0;\n\t\t\tfont-size: 1.5em;\n\t\t\tfont-weight: 600;\n\t\t}\n\t\t.vendor-directory-fields .vendor-app-description {\n\t\t\tmargin: 0 0 20px 0;\n\t\t\tfont-size: 1em;\n\t\t\tline-height: 1.6;\n\t\t}\n\t\t.vendor-directory-fields .vendor-app-links {\n\t\t\tdisplay: flex;\n\t\t\tgap: 20px;\n\t\t\tflex-wrap: wrap;\n\t\t\talign-items: stretch;\n\t\t}\n\t\t.vendor-directory-fields .vendor-app-link-column {\n\t\t\tflex: 1;\n\t\t\tmin-width: 140px;\n\t\t}\n\t\t.vendor-directory-fields .vendor-app-links {\n\t\t\tmargin: 0 !important;\n\t\t}\n\t\t.vendor-directory-fields .vendor-app-link-column {\n\t\t\tmargin: 0 !important;\n\t\t}\n\t\t.vendor-directory-fields .vendor-app-badge {\n\t\t\tmargin: 0 !important;\n\t\t\tpadding: 0;\n\t\t\tdisplay: block;\n\t\t\twidth: 100%;\n\t\t}\n\t\t.vendor-directory-fields .vendor-app-badge a,\n\t\t.vendor-directory-fields .vendor-app-badge-link {\n\t\t\tdisplay: block;\n\t\t\twidth: 100%;\n\t\t\tmargin: 0;\n\t\t}\n\t\t.vendor-directory-fields .vendor-app-badge img,\n\t\t.vendor-directory-fields .vendor-app-badge-image {\n\t\t\twidth: 100% !important;\n\t\t\tmax-width: 100% !important;\n\t\t\theight: auto !important;\n\t\t\tdisplay: block;\n\t\t\tmargin: 0 !important;\n\t\t}\n\t\t.vendor-directory-fields figure.vendor-app-badge {\n\t\t\twidth: 100%;\n\t\t\tmargin: 0 !important;\n\t\t}\n\t\t.vendor-directory-fields .vendor-contact-field-label {\n\t\t\tmargin: 0 0 8px 0;\n\t\t\tfont-size: 1.25em;\n\t\t\tfont-weight: 600;\n\t\t}\n\t\t.vendor-directory-fields .vendor-contact-field {\n\t\t\tmargin-bottom: 12px;\n\t\t}\n\t\t.vendor-directory-fields .vendor-contact-field strong {\n\t\t\tdisplay: block;\n\t\t\tmargin-bottom: 4px;\n\t\t}\n\t\t.vendor-directory-fields .vendor-contact-field-content {\n\t\t\tline-height: 1.5;\n\t\t}\n\t<\/style><div class=\"vendor-directory-fields\" data-vendor-id=\"485\" data-field-group=\"vendor_contact\"><div class=\"vendor-contact-content\"><div class=\"vendor-contact-fields\"><div class=\"vendor-contact-field vendor-contact-field--vendor_contact_info\"><h3 class=\"vendor-contact-field-label\">Contact<\/h3><div class=\"vendor-contact-field-content\"><p><span data-contrast=\"auto\">Le Centre d\u2019assurance collective d\u2019AECOM, administr\u00e9 par SEB, est votre principal point de contact pour adh\u00e9rer, modifier et poser des questions.<\/span><span data-ccp-props=\"{&quot;201341983&quot;:0,&quot;335559739&quot;:0,&quot;335559740&quot;:278}\">\u00a0<\/span><\/p>\n<p><span data-contrast=\"auto\"><strong>T\u00e9l\u00e9phone:<\/strong> 1-833-411-5520<\/span><span data-ccp-props=\"{&quot;201341983&quot;:0,&quot;335559739&quot;:0,&quot;335559740&quot;:278}\">\u00a0<\/span><\/p>\n<p><span data-contrast=\"auto\">lundi\u00a0au vendredi de 8 h \u00e0 20 h (HE)<\/span><span data-ccp-props=\"{&quot;201341983&quot;:0,&quot;335559685&quot;:720,&quot;335559739&quot;:0,&quot;335559740&quot;:278}\">\u00a0<\/span><\/p>\n<p><strong>Site Web:\u00a0<\/strong><a href=\"https:\/\/sso.seb-admin.com\/sp\/singlesignon?partnerIdP=https:\/\/sts.windows.net\/16ed5ab4-2b59-4e40-806d-8a30bdc9cf26\/\" target=\"_blank\" rel=\"noopener\"><span data-contrast=\"none\">Microsoft\u00a0Authenticator<\/span><\/a><span data-contrast=\"auto\">\u00a0(si vous avez d\u00e9j\u00e0 un compte aupr\u00e8s du Centre d\u2019assurance collective d\u2019AECOM)<\/span><span data-ccp-props=\"{&quot;201341983&quot;:0,&quot;335559740&quot;:278}\">\u00a0<\/span><\/p>\n<p><span data-contrast=\"auto\">Ou\u00a0<\/span><a href=\"https:\/\/aecom.seb-admin.com\/App\/login?lang=fr-ca\" target=\"_blank\" rel=\"noopener\"><span data-contrast=\"none\">AECOMBenefitsOnline.\u00a0com<\/span><\/a><span data-contrast=\"auto\">, \u00e0 l\u2019aide de votre code d\u2019acc\u00e8s (identifiant\u00a0Workday) et du mot de passe<\/span><span data-ccp-props=\"{&quot;201341983&quot;:0,&quot;335559685&quot;:720,&quot;335559740&quot;:278}\">\u00a0<\/span><\/p>\n<\/div><\/div><\/div><\/div><\/div>\n<p><\/p>\n<\/div><\/div>\n\n\n\n<div class=\"wp-block-cover is-light resources-sidebar has-vendor-data vendor-group-vendor_contact\" style=\"padding-top:40px;padding-right:40px;padding-bottom:40px;padding-left:40px;min-height:50px;aspect-ratio:unset;\"><span aria-hidden=\"true\" class=\"wp-block-cover__background has-stone-gray-background-color has-background-dim-100 has-background-dim\"><\/span><div class=\"wp-block-cover__inner-container is-layout-constrained wp-container-core-cover-is-layout-3dcc9c70 wp-block-cover-is-layout-constrained\"><div class=\"vendor-directory-fields\" data-vendor-id=\"493\" data-field-group=\"vendor_contact\"><div class=\"vendor-contact-content\"><div class=\"vendor-contact-fields\"><div class=\"vendor-contact-field vendor-contact-field--vendor_contact_info\"><h3 class=\"vendor-contact-field-label\">Contact<\/h3><div class=\"vendor-contact-field-content\"><p><span data-contrast=\"auto\">La Financi\u00e8re Sun Life administre notre assurance soins m\u00e9dicaux et dentaires, notre assurance vie, les comptes de d\u00e9penses et l\u2019autorisation pr\u00e9alable de l\u2019assurance m\u00e9dicaments. <\/span><span data-ccp-props=\"{&quot;201341983&quot;:0,&quot;335559740&quot;:278}\">\u00a0<\/span><\/p>\n<p><span data-contrast=\"auto\"><strong>T\u00e9l\u00e9phone:<\/strong> Sun Life Customer Care Centre <\/span><span data-ccp-props=\"{&quot;201341983&quot;:0,&quot;335559739&quot;:0,&quot;335559740&quot;:278}\">\u00a0<\/span><\/p>\n<p><span data-contrast=\"auto\">866.896.6976<\/span><span data-ccp-props=\"{&quot;201341983&quot;:0,&quot;335559685&quot;:720,&quot;335559739&quot;:0,&quot;335559740&quot;:278}\">\u00a0<\/span><\/p>\n<p><span data-contrast=\"auto\">(Lundi au vendredi, de 8 h \u00e0 20 h, heure de l\u2019Est)<\/span><\/p>\n<p><a href=\"http:\/\/masunlife.ca\/aecom\" target=\"_blank\" rel=\"noopener\"><strong>Site Web<\/strong><\/a><span data-contrast=\"auto\">\u00a0<\/span><span data-ccp-props=\"{&quot;201341983&quot;:0,&quot;335559740&quot;:278}\">\u00a0<\/span><\/p>\n<\/div><\/div><\/div><\/div><\/div>\n<p><\/p>\n<\/div><\/div>\n\n\n\n<div class=\"wp-block-cover is-light resources-sidebar has-vendor-data vendor-group-vendor_app\" style=\"padding-top:40px;padding-right:40px;padding-bottom:40px;padding-left:40px;min-height:50px;aspect-ratio:unset;\"><span aria-hidden=\"true\" class=\"wp-block-cover__background has-background-dim-100 has-background-dim\" style=\"background-color:#e3e3e3\"><\/span><div class=\"wp-block-cover__inner-container is-layout-constrained wp-container-core-cover-is-layout-3dcc9c70 wp-block-cover-is-layout-constrained\"><div class=\"vendor-directory-fields\" data-vendor-id=\"501\" data-field-group=\"vendor_app\"><h3 class=\"wp-block-heading vendor-app-name\">Financi\u00e8re Sun Life\u00a0\u00a0<\/h3><div class=\"wp-block-columns vendor-app-links\"><div class=\"wp-block-column vendor-app-link-column\"><figure class=\"wp-block-image vendor-app-badge vendor-app-badge--appstore\"><a href=\"https:\/\/apps.apple.com\/ca\/app\/ma-sun-life-canada\/id453274313?l=fr-\" target=\"_blank\" rel=\"noopener noreferrer\" class=\"vendor-app-badge-link\"><img decoding=\"async\" src=\"https:\/\/benefits.aecom.com\/fr-ca\/wp-content\/uploads\/sites\/4\/2024\/08\/Download_on_the_App_Store_Badge-copy.webp\" alt=\"Download on the App Store\" class=\"vendor-app-badge-image\" \/><\/a><\/figure><\/div><div class=\"wp-block-column vendor-app-link-column\"><figure class=\"wp-block-image vendor-app-badge vendor-app-badge--googleplay\"><a href=\"https:\/\/play.google.com\/store\/apps\/details?id=com.sunlife.ca.mysunlife&#038;hl=fr&#038;utm_source=sunlifeCA&#038;utm_medium=web&#038;utm_campaign=landing_static\" target=\"_blank\" rel=\"noopener noreferrer\" class=\"vendor-app-badge-link\"><img decoding=\"async\" src=\"https:\/\/benefits.aecom.com\/fr-ca\/wp-content\/uploads\/sites\/4\/2024\/08\/Get_it_on_Google_Play-copy.webp\" alt=\"Get it on Google Play\" class=\"vendor-app-badge-image\" \/><\/a><\/figure><\/div><\/div><\/div>\n<p><\/p>\n<\/div><\/div>\n<\/div>\n<\/div>\n","protected":false},"excerpt":{"rendered":"<p>Vous avez le choix entre trois modules de soins de sant\u00e9, chacun offrant diff\u00e9rents niveaux de couverture de soins m\u00e9dicaux et dentaires.&nbsp; Module A&nbsp;offre une couverture m\u00e9dicale de base avec une franchise de 1\u202f000\u202f$ par personne, par ann\u00e9e. Il n\u2019inclut pas la couverture&nbsp;pour les soins&nbsp;dentaires&nbsp;ni de la vue. L\u2019entreprise assume la totalit\u00e9&nbsp;du co\u00fbt de cette [&hellip;]<\/p>\n","protected":false},"author":4,"featured_media":0,"parent":17,"menu_order":0,"comment_status":"closed","ping_status":"closed","template":"page-templates\/page-blank-container.php","meta":{"_acf_changed":false,"footnotes":""},"class_list":["post-549","page","type-page","status-publish","hentry"],"acf":[],"_links":{"self":[{"href":"https:\/\/benefits.aecom.com\/fr-ca\/wp-json\/wp\/v2\/pages\/549","targetHints":{"allow":["GET"]}}],"collection":[{"href":"https:\/\/benefits.aecom.com\/fr-ca\/wp-json\/wp\/v2\/pages"}],"about":[{"href":"https:\/\/benefits.aecom.com\/fr-ca\/wp-json\/wp\/v2\/types\/page"}],"author":[{"embeddable":true,"href":"https:\/\/benefits.aecom.com\/fr-ca\/wp-json\/wp\/v2\/users\/4"}],"replies":[{"embeddable":true,"href":"https:\/\/benefits.aecom.com\/fr-ca\/wp-json\/wp\/v2\/comments?post=549"}],"version-history":[{"count":13,"href":"https:\/\/benefits.aecom.com\/fr-ca\/wp-json\/wp\/v2\/pages\/549\/revisions"}],"predecessor-version":[{"id":1159,"href":"https:\/\/benefits.aecom.com\/fr-ca\/wp-json\/wp\/v2\/pages\/549\/revisions\/1159"}],"up":[{"embeddable":true,"href":"https:\/\/benefits.aecom.com\/fr-ca\/wp-json\/wp\/v2\/pages\/17"}],"wp:attachment":[{"href":"https:\/\/benefits.aecom.com\/fr-ca\/wp-json\/wp\/v2\/media?parent=549"}],"curies":[{"name":"wp","href":"https:\/\/api.w.org\/{rel}","templated":true}]}}