{"id":562,"date":"2026-02-04T08:26:17","date_gmt":"2026-02-04T08:26:17","guid":{"rendered":"https:\/\/dev-benefits2024.pantheonsite.io\/fr-ca\/?page_id=562"},"modified":"2026-02-13T22:01:06","modified_gmt":"2026-02-13T22:01:06","slug":"retablissement-de-lidentite","status":"publish","type":"page","link":"https:\/\/benefits.aecom.com\/fr-ca\/all-benefits\/retablissement-de-lidentite\/","title":{"rendered":"R\u00e9tablissement de l\u2019identit\u00e9\u00a0"},"content":{"rendered":"\n<div class=\"wp-block-columns sticky-sidebar-container is-layout-flex wp-container-core-columns-is-layout-cbe57604 wp-block-columns-is-layout-flex\">\n<div class=\"wp-block-column is-layout-flow wp-block-column-is-layout-flow\" style=\"flex-basis:66.667%\">\n<p>Marsh offre des services d\u2019assurance et de soutien pour le r\u00e9tablissement de votre identit\u00e9, y compris:&nbsp;<\/p>\n\n\n\n<p>Une enqu\u00eate d\u2019\u00e9valuation des risques personnels visant \u00e0 cibler les endroits o\u00f9 vos renseignements identitaires personnels sont vuln\u00e9rables et \u00e0 recommander des mesures correctives pour vous aider \u00e0 vous prot\u00e9ger contre le vol&nbsp;d\u2019identit\u00e9&nbsp;<\/p>\n\n\n\n<ul class=\"wp-block-list\">\n<li class=\"  \">Des services d\u2019\u00e9ducation et de sensibilisation auxquels vous pouvez acc\u00e9der en tout temps pour vous aider \u00e0 vous prot\u00e9ger contre les crimes de vol d\u2019identit\u00e9\u00a0<\/li>\n<\/ul>\n\n\n\n<ul class=\"wp-block-list\">\n<li class=\"  \">De l\u2019aide en cas de vol d\u2019identit\u00e9\u00a0<\/li>\n<\/ul>\n\n\n\n<p>La couverture est offerte au prix de 30 $ par ann\u00e9e.&nbsp;&nbsp;<\/p>\n\n\n\n<p>Pour obtenir de plus amples renseignements et adh\u00e9rer,&nbsp;visitez le&nbsp;<a href=\"https:\/\/shop.marsh.ca\/\" target=\"_blank\" rel=\"noreferrer noopener\">shop.marsh.ca\/<\/a>&nbsp;(en anglais seulement).&nbsp;<\/p>\n<\/div>\n\n\n\n<div class=\"wp-block-column sticky-sidebar is-layout-flow wp-block-column-is-layout-flow\" style=\"flex-basis:30%\"><\/div>\n<\/div>\n","protected":false},"excerpt":{"rendered":"<p>Marsh offre des services d\u2019assurance et de soutien pour le r\u00e9tablissement de votre identit\u00e9, y compris:&nbsp; Une enqu\u00eate d\u2019\u00e9valuation des risques personnels visant \u00e0 cibler les endroits o\u00f9 vos renseignements identitaires personnels sont vuln\u00e9rables et \u00e0 recommander des mesures correctives pour vous aider \u00e0 vous prot\u00e9ger contre le vol&nbsp;d\u2019identit\u00e9&nbsp; La couverture est offerte au prix [&hellip;]<\/p>\n","protected":false},"author":4,"featured_media":0,"parent":17,"menu_order":0,"comment_status":"closed","ping_status":"closed","template":"page-templates\/page-blank-container.php","meta":{"_acf_changed":false,"footnotes":""},"class_list":["post-562","page","type-page","status-publish","hentry"],"acf":[],"_links":{"self":[{"href":"https:\/\/benefits.aecom.com\/fr-ca\/wp-json\/wp\/v2\/pages\/562","targetHints":{"allow":["GET"]}}],"collection":[{"href":"https:\/\/benefits.aecom.com\/fr-ca\/wp-json\/wp\/v2\/pages"}],"about":[{"href":"https:\/\/benefits.aecom.com\/fr-ca\/wp-json\/wp\/v2\/types\/page"}],"author":[{"embeddable":true,"href":"https:\/\/benefits.aecom.com\/fr-ca\/wp-json\/wp\/v2\/users\/4"}],"replies":[{"embeddable":true,"href":"https:\/\/benefits.aecom.com\/fr-ca\/wp-json\/wp\/v2\/comments?post=562"}],"version-history":[{"count":2,"href":"https:\/\/benefits.aecom.com\/fr-ca\/wp-json\/wp\/v2\/pages\/562\/revisions"}],"predecessor-version":[{"id":926,"href":"https:\/\/benefits.aecom.com\/fr-ca\/wp-json\/wp\/v2\/pages\/562\/revisions\/926"}],"up":[{"embeddable":true,"href":"https:\/\/benefits.aecom.com\/fr-ca\/wp-json\/wp\/v2\/pages\/17"}],"wp:attachment":[{"href":"https:\/\/benefits.aecom.com\/fr-ca\/wp-json\/wp\/v2\/media?parent=562"}],"curies":[{"name":"wp","href":"https:\/\/api.w.org\/{rel}","templated":true}]}}