{"id":570,"date":"2026-02-04T08:46:24","date_gmt":"2026-02-04T08:46:24","guid":{"rendered":"https:\/\/dev-benefits2024.pantheonsite.io\/fr-ca\/?page_id=570"},"modified":"2026-02-18T17:16:53","modified_gmt":"2026-02-18T17:16:53","slug":"lassurance-medicale-durgence-hors-province-ou-hors","status":"publish","type":"page","link":"https:\/\/benefits.aecom.com\/fr-ca\/all-benefits\/lassurance-medicale-durgence-hors-province-ou-hors\/","title":{"rendered":"L\u2019assurance m\u00e9dicale d\u2019urgence hors province ou hors"},"content":{"rendered":"\n<div class=\"wp-block-columns sticky-sidebar-container is-layout-flex wp-container-core-columns-is-layout-cbe57604 wp-block-columns-is-layout-flex\">\n<div class=\"wp-block-column is-layout-flow wp-block-column-is-layout-flow\" style=\"flex-basis:66.667%\">\n<p><\/p>\n\n\n\n<p>L\u2019assurance&nbsp;m\u00e9dicale d\u2019urgence hors province ou hors pays&nbsp;offerte par Sun Life pr\u00e9voit une couverture si vous ou une personne \u00e0 charge avez une urgence m\u00e9dicale lors d\u2019un voyage \u00e0 l\u2019ext\u00e9rieur de votre province ou de votre pays, pour affaires ou pour loisirs. Vous b\u00e9n\u00e9ficiez d\u2019un remboursement \u00e0 100 % pour les voyages d\u2019une dur\u00e9e pouvant aller jusqu\u2019\u00e0 180 jours.&nbsp;<\/p>\n\n\n\n<p>Notre partenaire pour cet avantage est Sun Life, en partenariat&nbsp;avec Global Excel afin de vous offrir automatiquement une couverture dans le cadre de vos garanties de soins de sant\u00e9 Sun Life.&nbsp;<\/p>\n<\/div>\n\n\n\n<div class=\"wp-block-column sticky-sidebar is-layout-flow wp-block-column-is-layout-flow\" style=\"flex-basis:30%\">\n<div class=\"wp-block-buttons is-layout-flex wp-block-buttons-is-layout-flex\" style=\"margin-bottom:var(--wp--preset--spacing--50)\">\n<div class=\"wp-block-button has-custom-width wp-block-button__width-100\"><a class=\"wp-block-button__link has-earth-green-background-color has-background wp-element-button\" href=\"https:\/\/sso.seb-admin.com\/sp\/singlesignon?partnerIdP=https:\/\/sts.windows.net\/16ed5ab4-2b59-4e40-806d-8a30bdc9cf26\/\" target=\"_blank\" rel=\"noreferrer noopener\"><strong><strong>&nbsp;L\u2019authentification unique de Microsoft&nbsp;<\/strong><\/strong><\/a><\/div>\n\n\n\n<div class=\"wp-block-button has-custom-width wp-block-button__width-100\"><a class=\"wp-block-button__link has-earth-green-background-color has-background wp-element-button\" href=\"https:\/\/aecom.seb-admin.com\/App\/login?lang=en-us\" target=\"_blank\" rel=\"noreferrer noopener\"><strong><strong>Examinez votre couverture<\/strong><\/strong><\/a><\/div>\n<\/div>\n\n\n\n<section class=\"wp-block-cover quick-links\" style=\"padding-top:40px;padding-right:40px;padding-bottom:40px;padding-left:40px;min-height:50px;aspect-ratio:unset;\"><span aria-hidden=\"true\" class=\"wp-block-cover__background has-midnight-teal-background-color has-background-dim-100 has-background-dim\"><\/span><div class=\"wp-block-cover__inner-container is-layout-constrained wp-container-core-cover-is-layout-e158748c wp-block-cover-is-layout-constrained\">\n<h3 class=\"wp-block-heading has-text-align-left\" style=\"font-size:24px\"><strong>Liens connexes<\/strong><\/h3>\n\n\n\n<ul class=\"wp-block-list\">\n<li class=\"  \"><a href=\"https:\/\/benefits.aecom.com\/wp-content\/uploads\/documents\/Canada-FR\/out_of_province_medical_emergency\/assurance_voyage_sun_life.pdf\" data-type=\"page\" data-id=\"19\" target=\"_blank\" rel=\"noreferrer noopener\">Assurance voyage Sun Life<\/a><a href=\"https:\/\/benefits.aecom.com\/wp-content\/uploads\/documents\/Canada-FR\/Assurance%20voyage%20Sun%20Life.pdf\" data-type=\"page\" data-id=\"19\" target=\"_blank\" rel=\"noreferrer noopener\">\u00a0\u00a0<\/a><\/li>\n<\/ul>\n<\/div><\/section>\n\n\n\n<div class=\"wp-block-cover is-light resources-sidebar has-vendor-data vendor-group-vendor_contact\" style=\"padding-top:40px;padding-right:40px;padding-bottom:40px;padding-left:40px;min-height:50px;aspect-ratio:unset;\"><span aria-hidden=\"true\" class=\"wp-block-cover__background has-stone-gray-background-color has-background-dim-100 has-background-dim\"><\/span><div class=\"wp-block-cover__inner-container is-layout-constrained wp-container-core-cover-is-layout-3dcc9c70 wp-block-cover-is-layout-constrained\"><style>\n\t\t.vendor-directory-fields {\n\t\t\tmargin-bottom: 20px;\n\t\t}\n\t\t.vendor-directory-fields .vendor-app-name {\n\t\t\tmargin: 0 0 12px 0;\n\t\t\tfont-size: 1.5em;\n\t\t\tfont-weight: 600;\n\t\t}\n\t\t.vendor-directory-fields .vendor-app-description {\n\t\t\tmargin: 0 0 20px 0;\n\t\t\tfont-size: 1em;\n\t\t\tline-height: 1.6;\n\t\t}\n\t\t.vendor-directory-fields .vendor-app-links {\n\t\t\tdisplay: flex;\n\t\t\tgap: 20px;\n\t\t\tflex-wrap: wrap;\n\t\t\talign-items: stretch;\n\t\t}\n\t\t.vendor-directory-fields .vendor-app-link-column {\n\t\t\tflex: 1;\n\t\t\tmin-width: 140px;\n\t\t}\n\t\t.vendor-directory-fields .vendor-app-links {\n\t\t\tmargin: 0 !important;\n\t\t}\n\t\t.vendor-directory-fields .vendor-app-link-column {\n\t\t\tmargin: 0 !important;\n\t\t}\n\t\t.vendor-directory-fields .vendor-app-badge {\n\t\t\tmargin: 0 !important;\n\t\t\tpadding: 0;\n\t\t\tdisplay: block;\n\t\t\twidth: 100%;\n\t\t}\n\t\t.vendor-directory-fields .vendor-app-badge a,\n\t\t.vendor-directory-fields .vendor-app-badge-link {\n\t\t\tdisplay: block;\n\t\t\twidth: 100%;\n\t\t\tmargin: 0;\n\t\t}\n\t\t.vendor-directory-fields .vendor-app-badge img,\n\t\t.vendor-directory-fields .vendor-app-badge-image {\n\t\t\twidth: 100% !important;\n\t\t\tmax-width: 100% !important;\n\t\t\theight: auto !important;\n\t\t\tdisplay: block;\n\t\t\tmargin: 0 !important;\n\t\t}\n\t\t.vendor-directory-fields figure.vendor-app-badge {\n\t\t\twidth: 100%;\n\t\t\tmargin: 0 !important;\n\t\t}\n\t\t.vendor-directory-fields .vendor-contact-field-label {\n\t\t\tmargin: 0 0 8px 0;\n\t\t\tfont-size: 1.25em;\n\t\t\tfont-weight: 600;\n\t\t}\n\t\t.vendor-directory-fields .vendor-contact-field {\n\t\t\tmargin-bottom: 12px;\n\t\t}\n\t\t.vendor-directory-fields .vendor-contact-field strong {\n\t\t\tdisplay: block;\n\t\t\tmargin-bottom: 4px;\n\t\t}\n\t\t.vendor-directory-fields .vendor-contact-field-content {\n\t\t\tline-height: 1.5;\n\t\t}\n\t<\/style><div class=\"vendor-directory-fields\" data-vendor-id=\"497\" data-field-group=\"vendor_contact\"><div class=\"vendor-contact-content\"><div class=\"vendor-contact-fields\"><div class=\"vendor-contact-field vendor-contact-field--vendor_contact_info\"><h3 class=\"vendor-contact-field-label\">Contact<\/h3><div class=\"vendor-contact-field-content\"><p><span data-contrast=\"auto\">Gestion Global Excel (GGE est notre fournisseur de soins m\u00e9dicaux d\u2019urgence hors province ou hors pays\u00a0<\/span><span data-ccp-props=\"{&quot;201341983&quot;:0,&quot;335559739&quot;:0,&quot;335559740&quot;:278}\">\u00a0<\/span><\/p>\n<p><span data-contrast=\"auto\"><strong>T\u00e9l\u00e9phone:<\/strong> Aux \u00c9.-U. et au Canada : 1 800 511-4610<\/span><span data-ccp-props=\"{&quot;201341983&quot;:0,&quot;335559739&quot;:0,&quot;335559740&quot;:278}\">\u00a0<\/span><\/p>\n<p><span data-contrast=\"auto\"><strong>Ailleurs\u00a0dans le monde:<\/strong> 1 519 514-0351<\/span><span data-ccp-props=\"{&quot;201341983&quot;:0,&quot;335559685&quot;:720,&quot;335559739&quot;:0,&quot;335559740&quot;:278}\">\u00a0<\/span><\/p>\n<p><a href=\"http:\/\/www.globalexcel.com\/sunlife\/fr\" target=\"_blank\" rel=\"noopener\"><b><span data-contrast=\"auto\">Site Web<\/span><\/b><\/a><\/p>\n<\/div><\/div><\/div><\/div><\/div>\n<p><\/p>\n<\/div><\/div>\n<\/div>\n<\/div>\n","protected":false},"excerpt":{"rendered":"<p>L\u2019assurance&nbsp;m\u00e9dicale d\u2019urgence hors province ou hors pays&nbsp;offerte par Sun Life pr\u00e9voit une couverture si vous ou une personne \u00e0 charge avez une urgence m\u00e9dicale lors d\u2019un voyage \u00e0 l\u2019ext\u00e9rieur de votre province ou de votre pays, pour affaires ou pour loisirs. Vous b\u00e9n\u00e9ficiez d\u2019un remboursement \u00e0 100 % pour les voyages d\u2019une dur\u00e9e pouvant aller [&hellip;]<\/p>\n","protected":false},"author":4,"featured_media":0,"parent":17,"menu_order":0,"comment_status":"closed","ping_status":"closed","template":"page-templates\/page-blank-container.php","meta":{"_acf_changed":false,"footnotes":""},"class_list":["post-570","page","type-page","status-publish","hentry"],"acf":[],"_links":{"self":[{"href":"https:\/\/benefits.aecom.com\/fr-ca\/wp-json\/wp\/v2\/pages\/570","targetHints":{"allow":["GET"]}}],"collection":[{"href":"https:\/\/benefits.aecom.com\/fr-ca\/wp-json\/wp\/v2\/pages"}],"about":[{"href":"https:\/\/benefits.aecom.com\/fr-ca\/wp-json\/wp\/v2\/types\/page"}],"author":[{"embeddable":true,"href":"https:\/\/benefits.aecom.com\/fr-ca\/wp-json\/wp\/v2\/users\/4"}],"replies":[{"embeddable":true,"href":"https:\/\/benefits.aecom.com\/fr-ca\/wp-json\/wp\/v2\/comments?post=570"}],"version-history":[{"count":10,"href":"https:\/\/benefits.aecom.com\/fr-ca\/wp-json\/wp\/v2\/pages\/570\/revisions"}],"predecessor-version":[{"id":1042,"href":"https:\/\/benefits.aecom.com\/fr-ca\/wp-json\/wp\/v2\/pages\/570\/revisions\/1042"}],"up":[{"embeddable":true,"href":"https:\/\/benefits.aecom.com\/fr-ca\/wp-json\/wp\/v2\/pages\/17"}],"wp:attachment":[{"href":"https:\/\/benefits.aecom.com\/fr-ca\/wp-json\/wp\/v2\/media?parent=570"}],"curies":[{"name":"wp","href":"https:\/\/api.w.org\/{rel}","templated":true}]}}