{"id":596,"date":"2026-02-04T12:57:54","date_gmt":"2026-02-04T12:57:54","guid":{"rendered":"https:\/\/dev-benefits2024.pantheonsite.io\/fr-ca\/?page_id=596"},"modified":"2026-02-13T22:50:27","modified_gmt":"2026-02-13T22:50:27","slug":"comptes-de-depenses","status":"publish","type":"page","link":"https:\/\/benefits.aecom.com\/fr-ca\/all-benefits\/comptes-de-depenses\/","title":{"rendered":"Comptes de d\u00e9penses\u00a0"},"content":{"rendered":"\n<p><\/p>\n\n\n\n<div class=\"wp-block-columns sticky-sidebar-container is-layout-flex wp-container-core-columns-is-layout-cbe57604 wp-block-columns-is-layout-flex\">\n<div class=\"wp-block-column is-layout-flow wp-block-column-is-layout-flow\" style=\"flex-basis:66.667%\">\n<p>Peu importe le module de soins de sant\u00e9 choisi, AECOM cotise \u00e0 un compte de d\u00e9penses que vous pouvez utiliser pour payer des frais de sant\u00e9 et de mieux-\u00eatre, pour vous et vos personnes \u00e0 charge.&nbsp;<\/p>\n\n\n\n<p>C\u2019est \u00e0 vous de d\u00e9cider o\u00f9 verser cet argent :&nbsp;<\/p>\n\n\n\n<ul class=\"wp-block-list\">\n<li class=\"  \">Dans votre compte gestion-sant\u00e9 (CGS)&nbsp;&nbsp;<\/li>\n\n\n\n<li class=\"  \">Dans votre compte de d\u00e9penses personnel (CDP)&nbsp;<\/li>\n\n\n\n<li class=\"  \">R\u00e9parti entre les deux comptes (CGS et CDP)&nbsp;<\/li>\n<\/ul>\n\n\n\n<p>Si vous souhaitez que l\u2019argent soit vers\u00e9 dans votre CDP, vous devez adh\u00e9rer chaque ann\u00e9e. Autrement, le montant sera automatiquement vers\u00e9 dans votre CGS, et vous ne pourrez&nbsp;pas faire de changement apr\u00e8s la p\u00e9riode d\u2019adh\u00e9sion \u00e0 l\u2019assurance collective.&nbsp;<\/p>\n\n\n\n<p>Voici l\u2019allocation annuelle vers\u00e9e \u00e0 votre compte de d\u00e9penses \u2022175 $ si vous choisissez l\u2019option Employ\u00e9 + 1 personne \u00e0 charge, ou Employ\u00e9 + 2 personnes \u00e0 charge ou plus dans le module de soins de sant\u00e9&nbsp;<\/p>\n\n\n\n<ul class=\"wp-block-list\">\n<li class=\"  \">150 $ si vous choisissez la couverture r\u00e9serv\u00e9e \u00e0 l\u2019employ\u00e9 seulement&nbsp;<\/li>\n<\/ul>\n\n\n\n<p id=\"Dates-importantes\"><strong>Dates importantes<\/strong>&nbsp;<\/p>\n\n\n\n<p>Tout solde non utilis\u00e9 de votre CGS ou CDP \u00e0 la fin d\u2019une ann\u00e9e sera automatiquement report\u00e9 \u00e0 l\u2019ann\u00e9e suivante. Vous devez utiliser le montant report\u00e9 avant le 31 d\u00e9cembre de la seconde ann\u00e9e, sinon il sera perdu. Vous devez soumettre vos r\u00e9clamations \u00e0 la Sun Life dans les 90 jours suivant la fin de l\u2019ann\u00e9e du r\u00e9gime o\u00f9 vous avez engag\u00e9 les d\u00e9penses admissibles ou dans les 90 jours suivant la fin de votre couverture de CGS ou de CDP, selon la premi\u00e8re \u00e9ventualit\u00e9.&nbsp;<\/p>\n\n\n\n<p>V\u00e9rifiez le solde de votre compte&nbsp;de d\u00e9penses (CGS ou CDP) en acc\u00e9dant \u00e0 votre&nbsp;compte <a href=\"http:\/\/masunlife.ca\/aecom\" data-type=\"link\" data-id=\"masunlife.ca\/aecom\" target=\"_blank\" rel=\"noreferrer noopener\">Sun Life.<\/a>&nbsp;&nbsp;<\/p>\n\n\n\n<hr class=\"wp-block-separator has-alpha-channel-opacity\" \/>\n\n\n\n<h3 class=\"wp-block-heading\"><strong>Compte gestion-sant\u00e9 (CGS)<\/strong>&nbsp;<\/h3>\n\n\n\n<p><\/p>\n\n\n\n<p>Vous pouvez utiliser l\u2019argent dans votre Compte de gestion-sant\u00e9 (CGS)&nbsp;pour assumer les frais m\u00e9dicaux et dentaires que ni le r\u00e9gime d\u2019assurance maladie de votre province, ni votre r\u00e9gime d\u2019assurance collective d\u2019AECOM, ni le r\u00e9gime de votre conjoint ne prend en charge.&nbsp;<\/p>\n\n\n\n<p><strong>D\u00e9penses&nbsp;admissibles<\/strong>&nbsp;<\/p>\n\n\n\n<ul class=\"wp-block-list\">\n<li class=\"  \">Votre part de cotisation au module B ou C, ou les primes pay\u00e9es par votre conjoint pour son r\u00e9gime de soins m\u00e9dicaux ou dentaires&nbsp;<\/li>\n\n\n\n<li class=\"  \">Les frais d\u2019ex\u00e9cution d\u2019ordonnance qui d\u00e9passent 10 $&nbsp;<\/li>\n\n\n\n<li class=\"  \">Les paiements de coassurance&nbsp;&nbsp;<\/li>\n\n\n\n<li class=\"  \">Les d\u00e9penses qui d\u00e9passent le montant maximum des&nbsp;prestations annuelles&nbsp;<\/li>\n\n\n\n<li class=\"  \">Les d\u00e9penses que vous assumez pour vos petits-enfants, vos parents ou d\u2019autres proches parents qui vivent avec vous et qui sont consid\u00e9r\u00e9s comme personnes \u00e0 charge selon la d\u00e9finition de l\u2019Agence du revenu du Canada (ARC)&nbsp;<\/li>\n<\/ul>\n\n\n\n<p><strong>Imposition<\/strong>&nbsp;<\/p>\n\n\n\n<p>Les montants vers\u00e9s \u00e0 votre CGS ne sont pas imposables, sauf au Qu\u00e9bec.&nbsp;&nbsp;<\/p>\n\n\n\n<p>Voir la liste compl\u00e8te des d\u00e9penses admissibles&nbsp;sur le&nbsp;<a href=\"https:\/\/www.canada.ca\/fr\/agence-revenu\/services\/impot\/particuliers\/sujets\/tout-votre-declaration-revenus\/declaration-revenus\/remplir-declaration-revenus\/deductions-credits-depenses\/lignes-33099-33199-frais-medicaux-admissibles-vous-pouvez-demander-votre-declaration-revenus.html\" data-type=\"link\" data-id=\"https:\/\/www.canada.ca\/fr\/agence-revenu\/services\/impot\/particuliers\/sujets\/tout-votre-declaration-revenus\/declaration-revenus\/remplir-declaration-revenus\/deductions-credits-depenses\/lignes-33099-33199-frais-medicaux-admissibles-vous-pouvez-demander-votre-declaration-revenus.html\" target=\"_blank\" rel=\"noreferrer noopener\">site de l\u2019ARC.&nbsp;&nbsp;<\/a><\/p>\n\n\n\n<hr class=\"wp-block-separator has-alpha-channel-opacity\" \/>\n\n\n\n<h3 class=\"wp-block-heading\" id=\"Compte-de\"><strong>Compte de d\u00e9penses personnel (CDP)<\/strong>&nbsp;<\/h3>\n\n\n\n<p><\/p>\n\n\n\n<p>Vous pouvez utiliser les fonds de votre CDP pour assumer les d\u00e9penses admissibles encourues pour vous-m\u00eame ou une des personnes \u00e0 charge couvertes par votre r\u00e9gime de soins de sant\u00e9.&nbsp;<\/p>\n\n\n\n<p><strong>D\u00e9penses&nbsp;admissibles<\/strong>&nbsp;<\/p>\n\n\n\n<ul class=\"wp-block-list\">\n<li class=\"  \">Services et \u00e9quipement de conditionnement physique&nbsp;<\/li>\n\n\n\n<li class=\"  \">Produits et services de sant\u00e9&nbsp;<\/li>\n\n\n\n<li class=\"  \">\u00c9ducation et d\u00e9veloppement personnel&nbsp;<\/li>\n\n\n\n<li class=\"  \">Mode de vie \u00e9cologique&nbsp;<\/li>\n\n\n\n<li class=\"  \">\u00c9quilibre travail-famille&nbsp;<\/li>\n\n\n\n<li class=\"  \">Initiatives de s\u00e9curit\u00e9&nbsp;<\/li>\n\n\n\n<li class=\"  \">Services professionnels&nbsp;<\/li>\n\n\n\n<li class=\"  \">Primes d\u2019assurance&nbsp;<\/li>\n\n\n\n<li class=\"  \">Contributions&nbsp;financi\u00e8res&nbsp;<\/li>\n<\/ul>\n\n\n\n<p><strong>R\u00e9clamations<\/strong>&nbsp;<\/p>\n\n\n\n<p>Le CDP&nbsp;est enti\u00e8rement num\u00e9rique. Vous pouvez soumettre des r\u00e9clamations au moyen de l\u2019application mobile&nbsp;mySun&nbsp;Life ou sur le site mysunlife.ca\/aecom. Les r\u00e9clamations sont g\u00e9n\u00e9ralement trait\u00e9es en moins de 48 heures. Connectez\u2011vous&nbsp;\u00e0&nbsp;votre compte Sun Life&nbsp;\u00e0&nbsp;mysunlife.ca\/aecom&nbsp;pour consulter la liste compl\u00e8te des d\u00e9penses admissibles&nbsp;au CDP.&nbsp;<\/p>\n\n\n\n<p><strong>Imposition&nbsp;<\/strong>&nbsp;<\/p>\n\n\n\n<p>Les montants rembours\u00e9s dans un CDP sont imposables comme revenu.&nbsp;<\/p>\n<\/div>\n\n\n\n<div class=\"wp-block-column sticky-sidebar is-layout-flow wp-block-column-is-layout-flow\" style=\"flex-basis:30%\">\n<div class=\"wp-block-buttons is-layout-flex wp-block-buttons-is-layout-flex\" style=\"margin-bottom:var(--wp--preset--spacing--50)\">\n<div class=\"wp-block-button has-custom-width wp-block-button__width-100\"><a class=\"wp-block-button__link has-earth-green-background-color has-background wp-element-button\" href=\"https:\/\/sso.seb-admin.com\/sp\/singlesignon?partnerIdP=https:\/\/sts.windows.net\/16ed5ab4-2b59-4e40-806d-8a30bdc9cf26\/\" target=\"_blank\" rel=\"noreferrer noopener\"><strong><strong>L\u2019authentification unique de Microsoft&nbsp;<\/strong><\/strong><\/a><\/div>\n\n\n\n<div class=\"wp-block-button has-custom-width wp-block-button__width-100\"><a class=\"wp-block-button__link has-earth-green-background-color has-background wp-element-button\" href=\"https:\/\/aecom.seb-admin.com\/App\/login?lang=en-us\" target=\"_blank\" rel=\"noreferrer noopener\"><strong><strong>Examinez votre couverture<\/strong><\/strong><\/a><\/div>\n<\/div>\n\n\n\n<div class=\"wp-block-cover is-light resources-sidebar has-vendor-data vendor-group-vendor_contact\" style=\"padding-top:40px;padding-right:40px;padding-bottom:40px;padding-left:40px;min-height:50px;aspect-ratio:unset;\"><span aria-hidden=\"true\" class=\"wp-block-cover__background has-stone-gray-background-color has-background-dim-100 has-background-dim\"><\/span><div class=\"wp-block-cover__inner-container is-layout-constrained wp-container-core-cover-is-layout-3dcc9c70 wp-block-cover-is-layout-constrained\"><style>\n\t\t.vendor-directory-fields {\n\t\t\tmargin-bottom: 20px;\n\t\t}\n\t\t.vendor-directory-fields .vendor-app-name {\n\t\t\tmargin: 0 0 12px 0;\n\t\t\tfont-size: 1.5em;\n\t\t\tfont-weight: 600;\n\t\t}\n\t\t.vendor-directory-fields .vendor-app-description {\n\t\t\tmargin: 0 0 20px 0;\n\t\t\tfont-size: 1em;\n\t\t\tline-height: 1.6;\n\t\t}\n\t\t.vendor-directory-fields .vendor-app-links {\n\t\t\tdisplay: flex;\n\t\t\tgap: 20px;\n\t\t\tflex-wrap: wrap;\n\t\t\talign-items: stretch;\n\t\t}\n\t\t.vendor-directory-fields .vendor-app-link-column {\n\t\t\tflex: 1;\n\t\t\tmin-width: 140px;\n\t\t}\n\t\t.vendor-directory-fields .vendor-app-links {\n\t\t\tmargin: 0 !important;\n\t\t}\n\t\t.vendor-directory-fields .vendor-app-link-column {\n\t\t\tmargin: 0 !important;\n\t\t}\n\t\t.vendor-directory-fields .vendor-app-badge {\n\t\t\tmargin: 0 !important;\n\t\t\tpadding: 0;\n\t\t\tdisplay: block;\n\t\t\twidth: 100%;\n\t\t}\n\t\t.vendor-directory-fields .vendor-app-badge a,\n\t\t.vendor-directory-fields .vendor-app-badge-link {\n\t\t\tdisplay: block;\n\t\t\twidth: 100%;\n\t\t\tmargin: 0;\n\t\t}\n\t\t.vendor-directory-fields .vendor-app-badge img,\n\t\t.vendor-directory-fields .vendor-app-badge-image {\n\t\t\twidth: 100% !important;\n\t\t\tmax-width: 100% !important;\n\t\t\theight: auto !important;\n\t\t\tdisplay: block;\n\t\t\tmargin: 0 !important;\n\t\t}\n\t\t.vendor-directory-fields figure.vendor-app-badge {\n\t\t\twidth: 100%;\n\t\t\tmargin: 0 !important;\n\t\t}\n\t\t.vendor-directory-fields .vendor-contact-field-label {\n\t\t\tmargin: 0 0 8px 0;\n\t\t\tfont-size: 1.25em;\n\t\t\tfont-weight: 600;\n\t\t}\n\t\t.vendor-directory-fields .vendor-contact-field {\n\t\t\tmargin-bottom: 12px;\n\t\t}\n\t\t.vendor-directory-fields .vendor-contact-field strong {\n\t\t\tdisplay: block;\n\t\t\tmargin-bottom: 4px;\n\t\t}\n\t\t.vendor-directory-fields .vendor-contact-field-content {\n\t\t\tline-height: 1.5;\n\t\t}\n\t<\/style><div class=\"vendor-directory-fields\" data-vendor-id=\"493\" data-field-group=\"vendor_contact\"><div class=\"vendor-contact-content\"><div class=\"vendor-contact-fields\"><div class=\"vendor-contact-field vendor-contact-field--vendor_contact_info\"><h3 class=\"vendor-contact-field-label\">Contact<\/h3><div class=\"vendor-contact-field-content\"><p><span data-contrast=\"auto\">La Financi\u00e8re Sun Life administre notre assurance soins m\u00e9dicaux et dentaires, notre assurance vie, les comptes de d\u00e9penses et l\u2019autorisation pr\u00e9alable de l\u2019assurance m\u00e9dicaments. <\/span><span data-ccp-props=\"{&quot;201341983&quot;:0,&quot;335559740&quot;:278}\">\u00a0<\/span><\/p>\n<p><span data-contrast=\"auto\"><strong>T\u00e9l\u00e9phone:<\/strong> Sun Life Customer Care Centre <\/span><span data-ccp-props=\"{&quot;201341983&quot;:0,&quot;335559739&quot;:0,&quot;335559740&quot;:278}\">\u00a0<\/span><\/p>\n<p><span data-contrast=\"auto\">866.896.6976<\/span><span data-ccp-props=\"{&quot;201341983&quot;:0,&quot;335559685&quot;:720,&quot;335559739&quot;:0,&quot;335559740&quot;:278}\">\u00a0<\/span><\/p>\n<p><span data-contrast=\"auto\">(Lundi au vendredi, de 8 h \u00e0 20 h, heure de l\u2019Est)<\/span><\/p>\n<p><a href=\"http:\/\/masunlife.ca\/aecom\" target=\"_blank\" rel=\"noopener\"><strong>Site Web<\/strong><\/a><span data-contrast=\"auto\">\u00a0<\/span><span data-ccp-props=\"{&quot;201341983&quot;:0,&quot;335559740&quot;:278}\">\u00a0<\/span><\/p>\n<\/div><\/div><\/div><\/div><\/div>\n<p><\/p>\n<\/div><\/div>\n\n\n\n<div class=\"wp-block-cover is-light resources-sidebar has-vendor-data vendor-group-vendor_app\" style=\"padding-top:40px;padding-right:40px;padding-bottom:40px;padding-left:40px;min-height:50px;aspect-ratio:unset;\"><span aria-hidden=\"true\" class=\"wp-block-cover__background has-background-dim-100 has-background-dim\" style=\"background-color:#e3e3e3\"><\/span><div class=\"wp-block-cover__inner-container is-layout-constrained wp-container-core-cover-is-layout-3dcc9c70 wp-block-cover-is-layout-constrained\"><div class=\"vendor-directory-fields\" data-vendor-id=\"493\" data-field-group=\"vendor_app\"><h3 class=\"wp-block-heading vendor-app-name\">Financi\u00e8re Sun Life\u00a0\u00a0<\/h3><div class=\"wp-block-columns vendor-app-links\"><div class=\"wp-block-column vendor-app-link-column\"><figure class=\"wp-block-image vendor-app-badge vendor-app-badge--appstore\"><a href=\"https:\/\/apps.apple.com\/ca\/app\/ma-sun-life-canada\/id453274313?l=fr-\" target=\"_blank\" rel=\"noopener noreferrer\" class=\"vendor-app-badge-link\"><img decoding=\"async\" src=\"https:\/\/benefits.aecom.com\/fr-ca\/wp-content\/uploads\/sites\/4\/2024\/08\/Download_on_the_App_Store_Badge-copy.webp\" alt=\"Download on the App Store\" class=\"vendor-app-badge-image\" \/><\/a><\/figure><\/div><div class=\"wp-block-column vendor-app-link-column\"><figure class=\"wp-block-image vendor-app-badge vendor-app-badge--googleplay\"><a href=\"https:\/\/play.google.com\/store\/apps\/details?id=com.sunlife.ca.mysunlife&#038;hl=fr&#038;utm_source=sunlifeCA&#038;utm_medium=web&#038;utm_campaign=landing_static\" target=\"_blank\" rel=\"noopener noreferrer\" class=\"vendor-app-badge-link\"><img decoding=\"async\" src=\"https:\/\/benefits.aecom.com\/fr-ca\/wp-content\/uploads\/sites\/4\/2024\/08\/Get_it_on_Google_Play-copy.webp\" alt=\"Get it on Google Play\" class=\"vendor-app-badge-image\" \/><\/a><\/figure><\/div><\/div><\/div>\n<p><\/p>\n<\/div><\/div>\n<\/div>\n<\/div>\n\n\n\n<p><\/p>\n","protected":false},"excerpt":{"rendered":"<p>Peu importe le module de soins de sant\u00e9 choisi, AECOM cotise \u00e0 un compte de d\u00e9penses que vous pouvez utiliser pour payer des frais de sant\u00e9 et de mieux-\u00eatre, pour vous et vos personnes \u00e0 charge.&nbsp; C\u2019est \u00e0 vous de d\u00e9cider o\u00f9 verser cet argent :&nbsp; Si vous souhaitez que l\u2019argent soit vers\u00e9 dans votre [&hellip;]<\/p>\n","protected":false},"author":4,"featured_media":0,"parent":17,"menu_order":0,"comment_status":"closed","ping_status":"closed","template":"page-templates\/page-blank-container.php","meta":{"_acf_changed":false,"footnotes":""},"class_list":["post-596","page","type-page","status-publish","hentry"],"acf":[],"_links":{"self":[{"href":"https:\/\/benefits.aecom.com\/fr-ca\/wp-json\/wp\/v2\/pages\/596","targetHints":{"allow":["GET"]}}],"collection":[{"href":"https:\/\/benefits.aecom.com\/fr-ca\/wp-json\/wp\/v2\/pages"}],"about":[{"href":"https:\/\/benefits.aecom.com\/fr-ca\/wp-json\/wp\/v2\/types\/page"}],"author":[{"embeddable":true,"href":"https:\/\/benefits.aecom.com\/fr-ca\/wp-json\/wp\/v2\/users\/4"}],"replies":[{"embeddable":true,"href":"https:\/\/benefits.aecom.com\/fr-ca\/wp-json\/wp\/v2\/comments?post=596"}],"version-history":[{"count":14,"href":"https:\/\/benefits.aecom.com\/fr-ca\/wp-json\/wp\/v2\/pages\/596\/revisions"}],"predecessor-version":[{"id":961,"href":"https:\/\/benefits.aecom.com\/fr-ca\/wp-json\/wp\/v2\/pages\/596\/revisions\/961"}],"up":[{"embeddable":true,"href":"https:\/\/benefits.aecom.com\/fr-ca\/wp-json\/wp\/v2\/pages\/17"}],"wp:attachment":[{"href":"https:\/\/benefits.aecom.com\/fr-ca\/wp-json\/wp\/v2\/media?parent=596"}],"curies":[{"name":"wp","href":"https:\/\/api.w.org\/{rel}","templated":true}]}}