{"id":607,"date":"2026-02-04T14:07:58","date_gmt":"2026-02-04T14:07:58","guid":{"rendered":"https:\/\/dev-benefits2024.pantheonsite.io\/fr-ca\/?page_id=607"},"modified":"2026-02-18T21:26:07","modified_gmt":"2026-02-18T21:26:07","slug":"tous-les-avantages-sociaux","status":"publish","type":"page","link":"https:\/\/benefits.aecom.com\/fr-ca\/tous-les-avantages-sociaux\/","title":{"rendered":"Tous les avantages sociaux"},"content":{"rendered":"\n<ul class=\"wp-block-list benefits-list\">\n<li class=\"  \"><a href=\"https:\/\/benefits.aecom.com\/fr-ca\/all-benefits\/assurance-contre-les-maladies-graves\/\" data-type=\"link\" data-id=\"https:\/\/benefits.aecom.com\/fr-ca\/all-benefits\/assurance-contre-les-maladies-graves\/\" target=\"_blank\" rel=\"noreferrer noopener\">Assurance contre les maladies graves<\/a><\/li>\n\n\n\n<li class=\"  \"><a href=\"https:\/\/benefits.aecom.com\/fr-ca\/all-benefits\/accidental-death-and-dismemberment-add-insurance\/\" data-type=\"link\" data-id=\"https:\/\/benefits.aecom.com\/fr-ca\/all-benefits\/assurance-contre-les-maladies-graves\/\" target=\"_blank\" rel=\"noreferrer noopener\">Assurance en cas de d\u00e9c\u00e8s ou de mutilation par accident (D et MA) <\/a><\/li>\n\n\n\n<li class=\"  \"><a href=\"https:\/\/benefits.aecom.com\/fr-ca\/all-benefits\/assurance-habitation-et-automobile\/\" data-type=\"page\" data-id=\"559\" target=\"_blank\" rel=\"noreferrer noopener\">Assurance habitation et automobile <\/a><\/li>\n\n\n\n<li class=\"  \"><a href=\"https:\/\/benefits.aecom.com\/fr-ca\/all-benefits\/assurance-invalidite\/\" data-type=\"page\" data-id=\"526\" target=\"_blank\" rel=\"noreferrer noopener\">Assurance Invalidit\u00e9<\/a><\/li>\n\n\n\n<li class=\"  \"><a href=\"https:\/\/benefits.aecom.com\/fr-ca\/all-benefits\/assurance-pour-animaux-de-compagnie\/\" data-type=\"page\" data-id=\"573\" target=\"_blank\" rel=\"noreferrer noopener\">Assurance pour animaux de compagnie<\/a><\/li>\n\n\n\n<li class=\"  \"><a href=\"https:\/\/benefits.aecom.com\/fr-ca\/assurance-vie\/\" data-type=\"page\" data-id=\"564\" target=\"_blank\" rel=\"noreferrer noopener\">Assurance vie<\/a><\/li>\n\n\n\n<li class=\"  \"><a href=\"https:\/\/benefits.aecom.com\/fr-ca\/all-benefits\/avis-medical-specialise-et-avis-dun-deuxieme-specialiste\/\" data-type=\"page\" data-id=\"535\" target=\"_blank\" rel=\"noreferrer noopener\">Avis m\u00e9dical sp\u00e9cialis\u00e9 et avis d\u2019un deuxi\u00e8me sp\u00e9cialiste <\/a><\/li>\n\n\n\n<li class=\"  \"><a href=\"https:\/\/benefits.aecom.com\/fr-ca\/assurance-voyage-daffaires-et-crisis24\/\" data-type=\"link\" data-id=\"https:\/\/benefits.aecom.com\/fr-ca\/all-benefits\/assurance-contre-les-maladies-graves\/\" target=\"_blank\" rel=\"noreferrer noopener\">Assurance voyage d\u2019affaires et Crisis24<\/a><\/li>\n\n\n\n<li class=\"  \"><a href=\"https:\/\/benefits.aecom.com\/fr-ca\/all-benefits\/comptes-de-depenses\/\" data-type=\"page\" data-id=\"596\" target=\"_blank\" rel=\"noreferrer noopener\">Comptes de d\u00e9penses <\/a><\/li>\n\n\n\n<li class=\"  \"><a href=\"https:\/\/benefits.aecom.com\/fr-ca\/all-benefits-2\/dons-de-charite\/\" data-type=\"page\" data-id=\"693\" target=\"_blank\" rel=\"noreferrer noopener\">Dons de charit\u00e9<\/a><\/li>\n\n\n\n<li class=\"  \"><a href=\"https:\/\/benefits.aecom.com\/fr-ca\/all-benefits\/jours-feries-et-conges-flexibles\/\" data-type=\"page\" data-id=\"554\" target=\"_blank\" rel=\"noreferrer noopener\">Jours f\u00e9ri\u00e9s et cong\u00e9s flexibles<\/a><\/li>\n\n\n\n<li class=\"  \"><a href=\"https:\/\/benefits.aecom.com\/fr-ca\/all-benefits\/lassurance-medicale-durgence-hors-province-ou-hors\/\" data-type=\"page\" data-id=\"562\" target=\"_blank\" rel=\"noreferrer noopener\">L\u2019assurance m\u00e9dicale d\u2019urgence hors province ou hors<\/a><\/li>\n\n\n\n<li class=\"  \"><a href=\"https:\/\/benefits.aecom.com\/fr-ca\/all-benefits\/modules-de-soins-de-sante\/\" data-type=\"page\" data-id=\"549\" target=\"_blank\" rel=\"noreferrer noopener\">Modules de soins de sant\u00e9 <\/a><\/li>\n\n\n\n<li class=\"  \"><a href=\"https:\/\/benefits.aecom.com\/fr-ca\/programme-daide-aux-activites-de-formation\/\" data-type=\"page\" data-id=\"702\" target=\"_blank\" rel=\"noreferrer noopener\">Programme d\u2019aide aux activit\u00e9s de formation<\/a><\/li>\n\n\n\n<li class=\"  \"><a href=\"https:\/\/benefits.aecom.com\/fr-ca\/all-benefits\/programme-de-conditionnement-physique-au-canada\/\" data-type=\"page\" data-id=\"541\">Programme de conditionnement physique au Canada<\/a><\/li>\n\n\n\n<li class=\"  \"><a href=\"https:\/\/benefits.aecom.com\/fr-ca\/all-benefits-2\/programme-de-premiere-certification\/\" data-type=\"page\" data-id=\"698\" target=\"_blank\" rel=\"noreferrer noopener\">Programme de premi\u00e8re certification<\/a><\/li>\n\n\n\n<li class=\"  \"><a href=\"https:\/\/benefits.aecom.com\/fr-ca\/programme-daide-aux-employes\/\" data-type=\"page\" data-id=\"702\" target=\"_blank\" rel=\"noreferrer noopener\">Programme d\u2019aide aux employ\u00e9s &amp; Koa Care 360<\/a><\/li>\n\n\n\n<li class=\"  \"><a href=\"https:\/\/benefits.aecom.com\/fr-ca\/regime-dachat-dactions-des-employes-raae\/\" data-type=\"page\" data-id=\"532\" target=\"_blank\" rel=\"noreferrer noopener\">R\u00e9gime d\u2019achat d\u2019actions des employ\u00e9s (RAAE)<\/a><\/li>\n\n\n\n<li class=\"  \"><a href=\"https:\/\/benefits.aecom.com\/fr-ca\/all-benefits-2\/reductions-chez-lequipeur\/\" data-type=\"page\" data-id=\"695\" target=\"_blank\" rel=\"noreferrer noopener\">R\u00e9ductions chez L\u2019\u00c9quipeur<\/a><\/li>\n\n\n\n<li class=\"  \"><a href=\"https:\/\/benefits.aecom.com\/fr-ca\/kudos-service-awards-and-social-recognition-fr\/\" data-type=\"page\" data-id=\"562\" target=\"_blank\" rel=\"noreferrer noopener\">Programme de reconnaissance d\u2019anciennet\u00e9 et de reconnaissance sociale Kudos<\/a><\/li>\n\n\n\n<li class=\"  \"><a href=\"https:\/\/benefits.aecom.com\/fr-ca\/all-benefits\/regime-de-retraite-et-depargne\/\" data-type=\"page\" data-id=\"577\" target=\"_blank\" rel=\"noreferrer noopener\">R\u00e9gime de retraite et d\u2019\u00e9pargne<\/a><\/li>\n\n\n\n<li class=\"  \"><a href=\"https:\/\/benefits.aecom.com\/fr-ca\/all-benefits\/retablissement-de-lidentite\/\" data-type=\"page\" data-id=\"562\" target=\"_blank\" rel=\"noreferrer noopener\">R\u00e9tablissement de l\u2019identit\u00e9 <\/a><\/li>\n\n\n\n<li class=\"  \"><a href=\"https:\/\/benefits.aecom.com\/fr-ca\/all-benefits\/service-de-telesante-soins-virtuels-lumino-sante\/\" data-type=\"page\" data-id=\"602\" target=\"_blank\" rel=\"noreferrer noopener\">Service de t\u00e9l\u00e9sant\u00e9 (Soins virtuels Lumino Sant\u00e9) <\/a><\/li>\n<\/ul>\n\n\n\n<p><\/p>\n","protected":false},"excerpt":{"rendered":"","protected":false},"author":4,"featured_media":0,"parent":0,"menu_order":0,"comment_status":"closed","ping_status":"closed","template":"page-templates\/page-blank-container.php","meta":{"_acf_changed":false,"footnotes":""},"class_list":["post-607","page","type-page","status-publish","hentry"],"acf":[],"_links":{"self":[{"href":"https:\/\/benefits.aecom.com\/fr-ca\/wp-json\/wp\/v2\/pages\/607","targetHints":{"allow":["GET"]}}],"collection":[{"href":"https:\/\/benefits.aecom.com\/fr-ca\/wp-json\/wp\/v2\/pages"}],"about":[{"href":"https:\/\/benefits.aecom.com\/fr-ca\/wp-json\/wp\/v2\/types\/page"}],"author":[{"embeddable":true,"href":"https:\/\/benefits.aecom.com\/fr-ca\/wp-json\/wp\/v2\/users\/4"}],"replies":[{"embeddable":true,"href":"https:\/\/benefits.aecom.com\/fr-ca\/wp-json\/wp\/v2\/comments?post=607"}],"version-history":[{"count":20,"href":"https:\/\/benefits.aecom.com\/fr-ca\/wp-json\/wp\/v2\/pages\/607\/revisions"}],"predecessor-version":[{"id":1060,"href":"https:\/\/benefits.aecom.com\/fr-ca\/wp-json\/wp\/v2\/pages\/607\/revisions\/1060"}],"wp:attachment":[{"href":"https:\/\/benefits.aecom.com\/fr-ca\/wp-json\/wp\/v2\/media?parent=607"}],"curies":[{"name":"wp","href":"https:\/\/api.w.org\/{rel}","templated":true}]}}