{"id":609,"date":"2026-02-05T08:21:53","date_gmt":"2026-02-05T08:21:53","guid":{"rendered":"https:\/\/dev-benefits2024.pantheonsite.io\/fr-ca\/?page_id=609"},"modified":"2026-02-19T00:56:43","modified_gmt":"2026-02-19T00:56:43","slug":"nouveaux-employes-daecom-ou-nouvellement-admissibles-a-lassurance-collective","status":"publish","type":"page","link":"https:\/\/benefits.aecom.com\/fr-ca\/nouveaux-employes-daecom-ou-nouvellement-admissibles-a-lassurance-collective\/","title":{"rendered":"Nouveaux employ\u00e9s d\u2019AECOM (ou nouvellement admissibles \u00e0 l\u2019assurance collective)"},"content":{"rendered":"\n<p><\/p>\n\n\n\n<div class=\"wp-block-columns sticky-sidebar-container is-layout-flex wp-container-core-columns-is-layout-cbe57604 wp-block-columns-is-layout-flex\">\n<div class=\"wp-block-column is-layout-flow wp-block-column-is-layout-flow\" style=\"flex-basis:70%\">\n<ul class=\"wp-block-list checklist\">\n<li class=\"  \">Surveillez votre avis d\u2019adh\u00e9sion \u00e0 l\u2019assurance collective, que vous recevrez par courriel du Centre d\u2019assurance collective d\u2019AECOM environ deux semaines apr\u00e8s votre date d\u2019embauche. Il explique comment&nbsp;choisir vos avantages sociaux. &nbsp;<\/li>\n\n\n\n<li class=\"  \">Faites vos choix dans les 31&nbsp;jours suivant votre date d\u2019embauche (ou votre date d\u2019admissibilit\u00e9) au&nbsp;<a href=\"https:\/\/aecom.seb-admin.com\/login?lang=fr-CA\">AECOMBenefitsOnline.com<\/a>. S\u00e9lectionnez Premi\u00e8re fois? et suivez les indications s\u2019affichant \u00e0 l\u2019\u00e9cran pour vous inscrire, si ce n\u2019est pas d\u00e9j\u00e0 fait. Une fois que vous avez enregistr\u00e9 votre compte, vous pouvez acc\u00e9der au site \u00e0 l\u2019aide de Microsoft Authenticator.<\/li>\n\n\n\n<li class=\"  \">Surveillez votre avis sur le r\u00e9gime de retraite, que vous recevrez par courriel du la Sun&nbsp;Life environ deux semaines suivant votre date d\u2019embauche.<\/li>\n\n\n\n<li class=\"  \">Si vous souhaitez \u00e9pargner \u00e0 long terme, commencez \u00e0 cotiser au&nbsp;<a href=\"https:\/\/benefits.aecom.com\/fr-ca\/all-benefits\/regime-de-retraite-et-depargne\/\" target=\"_blank\" rel=\"noreferrer noopener\">r\u00e9gime de retraite \u00e0 cotisation d\u00e9termin\u00e9e (RRCD)<\/a>, au&nbsp;<a href=\"https:\/\/benefits.aecom.com\/fr-ca\/all-benefits\/regime-de-retraite-et-depargne\/\" target=\"_blank\" rel=\"noreferrer noopener\">r\u00e9gime enregistr\u00e9 d\u2019\u00e9pargne-retraite (REER) collectif<\/a>, au&nbsp;<a href=\"https:\/\/benefits.aecom.com\/fr-ca\/all-benefits\/regime-de-retraite-et-depargne\/\" target=\"_blank\" rel=\"noreferrer noopener\">compte d\u2019\u00e9pargne libre d\u2019imp\u00f4t (CELI)<\/a>&nbsp;et au&nbsp;<a href=\"https:\/\/benefits.aecom.com\/fr-ca\/regime-dachat-dactions-des-employes-raae\/\" target=\"_blank\" rel=\"noreferrer noopener\">r\u00e9gime d\u2019achat d\u2019actions des employ\u00e9s (RAAE)<\/a>. Vos cotisations au RRCD, au REER et au CELI retenues \u00e0 la source commenceront la semaine de paie suivant la date \u00e0 laquelle vous avez choisi de commencer \u00e0 cotiser. Les cotisations d\u2019AECOM \u00e0 votre compte RRCD commenceront automatiquement (les employ\u00e9s temporaires, occasionnels et r\u00e9guliers \u00e0 temps partiel qui travaillent 20&nbsp;heures ou plus par semaine en moyenne doivent attendre 6&nbsp;mois avant d\u2019\u00eatre admissibles \u00e0 ce r\u00e9gime).<\/li>\n\n\n\n<li class=\"  \">Inscrivez-vous au&nbsp;<a href=\"https:\/\/benefits.aecom.com\/fr-ca\/programme-daide-aux-employes\/\" target=\"_blank\" rel=\"noreferrer noopener\">programme d\u2019aide aux employ\u00e9s (PAE) de GuidanceResources<\/a>&nbsp;d\u00e8s maintenant, de sorte que vous l\u2019aurez mis en place et pr\u00eat \u00e0 partir lorsque vous en avez besoin.<\/li>\n\n\n\n<li class=\"  \">T\u00e9l\u00e9chargez des&nbsp;<a href=\"https:\/\/benefits.aecom.com\/fr-ca\/repertoire-des-fournisseurs\/\" target=\"_blank\" rel=\"noreferrer noopener\">applis<\/a>&nbsp;pratiques pour vos avantages sociaux.<\/li>\n\n\n\n<li class=\"  \">D\u00e9couvrez tous les&nbsp;<a href=\"https:\/\/benefits.aecom.com\/fr-ca\/tous-les-avantages-sociaux\/\" target=\"_blank\" rel=\"noreferrer noopener\">avantages sociaux gratuits<\/a>&nbsp;qui vous sont offerts.<\/li>\n\n\n\n<li class=\"  \">Si vous vous joignez \u00e0 AECOM dans le cadre d\u2019une affectation \u00e0 l\u2019\u00e9tranger, veuillez consulter&nbsp;<a href=\"https:\/\/benefits.aecom.com\/fr-ca\/changements-demploi-daffectation\/616-2\/\" target=\"_blank\" rel=\"noreferrer noopener\">l\u2019aide-m\u00e9moire D\u00e9but d\u2019une affectation \u00e0 l\u2019\u00e9tranger<\/a>.<\/li>\n\n\n\n<li class=\"  \">Si vous avez des questions, veuillez communiquer avec le Centre d\u2019assurance collective d\u2019AECOM, au 1-833-411-5520.<\/li>\n<\/ul>\n<\/div>\n\n\n\n<div class=\"wp-block-column sticky-sidebar is-layout-flow wp-block-column-is-layout-flow\" style=\"flex-basis:30%\">\n<section class=\"wp-block-cover quick-links\" style=\"padding-top:40px;padding-right:40px;padding-bottom:40px;padding-left:40px;min-height:50px;aspect-ratio:unset;\"><span aria-hidden=\"true\" class=\"wp-block-cover__background has-midnight-teal-background-color has-background-dim-100 has-background-dim\"><\/span><div class=\"wp-block-cover__inner-container is-layout-constrained wp-container-core-cover-is-layout-e158748c wp-block-cover-is-layout-constrained\">\n<h3 class=\"wp-block-heading has-text-align-left\" style=\"font-size:24px\"><strong>Liens connexes<\/strong><\/h3>\n\n\n\n<ul class=\"wp-block-list\">\n<li class=\"  \"><a href=\"https:\/\/benefitsataecom.com\/docs\/2026-benefits-guide-fr-2\/\" target=\"_blank\" rel=\"noreferrer noopener\">Guide de l\u2019assurance coll<\/a><a href=\"https:\/\/benefits.aecom.com\/wp-content\/uploads\/documents\/Canada-FR\/guide_de_l'assurance_collective.pdf\" target=\"_blank\" rel=\"noreferrer noopener\">e<\/a><a href=\"https:\/\/benefitsataecom.com\/docs\/2026-benefits-guide-fr-2\/\" target=\"_blank\" rel=\"noreferrer noopener\">ctive pour les groupes DCS<\/a><\/li>\n\n\n\n<li class=\"  \"><a href=\"https:\/\/benefits.aecom.com\/wp-content\/uploads\/documents\/Canada-FR\/retirement_and_savings_plan\/guide_commencez_%C3%A0_%C3%A9pargner.pdf\" target=\"_blank\" rel=\"noreferrer noopener\">Guide Commencez \u00e0 \u00e9pargner<\/a><\/li>\n<\/ul>\n<\/div><\/section>\n\n\n\n<div class=\"wp-block-cover is-light resources-sidebar\" style=\"padding-top:40px;padding-right:40px;padding-bottom:40px;padding-left:40px;min-height:50px;aspect-ratio:unset;\"><span aria-hidden=\"true\" class=\"wp-block-cover__background has-background-dim-100 has-background-dim\" style=\"background-color:#e3e3e3\"><\/span><div class=\"wp-block-cover__inner-container is-layout-constrained wp-container-core-cover-is-layout-3dcc9c70 wp-block-cover-is-layout-constrained\">\n<h3 class=\"wp-block-heading\" style=\"font-size:24px\">Si vous avez un conjoint:<\/h3>\n\n\n\n<p>Envoyez-leur un lien vers ce site Web, afin qu\u2019ils puissent \u00e9galement en apprendre davantage sur les avantages d\u2019AECOM qui leur sont offerts. Il suffit de cliquer sur le lien Partager en haut de chaque page.<\/p>\n<\/div><\/div>\n<\/div>\n<\/div>\n\n\n\n<p><\/p>\n","protected":false},"excerpt":{"rendered":"","protected":false},"author":4,"featured_media":0,"parent":0,"menu_order":0,"comment_status":"closed","ping_status":"closed","template":"page-templates\/page-blank-container.php","meta":{"_acf_changed":false,"footnotes":""},"class_list":["post-609","page","type-page","status-publish","hentry"],"acf":[],"_links":{"self":[{"href":"https:\/\/benefits.aecom.com\/fr-ca\/wp-json\/wp\/v2\/pages\/609","targetHints":{"allow":["GET"]}}],"collection":[{"href":"https:\/\/benefits.aecom.com\/fr-ca\/wp-json\/wp\/v2\/pages"}],"about":[{"href":"https:\/\/benefits.aecom.com\/fr-ca\/wp-json\/wp\/v2\/types\/page"}],"author":[{"embeddable":true,"href":"https:\/\/benefits.aecom.com\/fr-ca\/wp-json\/wp\/v2\/users\/4"}],"replies":[{"embeddable":true,"href":"https:\/\/benefits.aecom.com\/fr-ca\/wp-json\/wp\/v2\/comments?post=609"}],"version-history":[{"count":10,"href":"https:\/\/benefits.aecom.com\/fr-ca\/wp-json\/wp\/v2\/pages\/609\/revisions"}],"predecessor-version":[{"id":1150,"href":"https:\/\/benefits.aecom.com\/fr-ca\/wp-json\/wp\/v2\/pages\/609\/revisions\/1150"}],"wp:attachment":[{"href":"https:\/\/benefits.aecom.com\/fr-ca\/wp-json\/wp\/v2\/media?parent=609"}],"curies":[{"name":"wp","href":"https:\/\/api.w.org\/{rel}","templated":true}]}}