{"id":613,"date":"2026-02-05T09:14:45","date_gmt":"2026-02-05T09:14:45","guid":{"rendered":"https:\/\/dev-benefits2024.pantheonsite.io\/fr-ca\/?page_id=613"},"modified":"2026-02-19T00:55:11","modified_gmt":"2026-02-19T00:55:11","slug":"changement-du-statut-demploye-a-temporaire-occasionnel-ou-temps-partiel","status":"publish","type":"page","link":"https:\/\/benefits.aecom.com\/fr-ca\/changements-demploi-daffectation-1\/changement-du-statut-demploye-a-temporaire-occasionnel-ou-temps-partiel\/","title":{"rendered":"Changement du statut d\u2019employ\u00e9 \u00e0 temporaire, occasionnel ou temps partiel"},"content":{"rendered":"\n<p><\/p>\n\n\n\n<div class=\"wp-block-columns sticky-sidebar-container is-layout-flex wp-container-core-columns-is-layout-cbe57604 wp-block-columns-is-layout-flex\">\n<div class=\"wp-block-column is-layout-flow wp-block-column-is-layout-flow\" style=\"flex-basis:70%\">\n<ul class=\"wp-block-list checklist\">\n<li class=\"  \">Vous demeurez admissible au\u00a0<a href=\"https:\/\/benefits.aecom.com\/fr-ca\/all-benefits\/regime-de-retraite-et-depargne\/#R%C3%A9gime-de\" target=\"_blank\" rel=\"noreferrer noopener\">r\u00e9gime de retraite \u00e0 cotisation d\u00e9termin\u00e9e (RRCD)<\/a>, au\u00a0<a href=\"https:\/\/benefits.aecom.com\/fr-ca\/all-benefits\/regime-de-retraite-et-depargne\/#R%C3%A9gime-enregistr%C3%A9\" target=\"_blank\" rel=\"noreferrer noopener\">r\u00e9gime enregistr\u00e9 d\u2019\u00e9pargne-retraite (REER) collectif<\/a>, au\u00a0<a href=\"https:\/\/benefits.aecom.com\/fr-ca\/all-benefits\/regime-de-retraite-et-depargne\/#Compte-d%E2%80%99%C3%A9pargne\" target=\"_blank\" rel=\"noreferrer noopener\">compte d\u2019\u00e9pargne libre d\u2019imp\u00f4t (CELI)<\/a>\u00a0et au\u00a0<a href=\"https:\/\/benefits.aecom.com\/fr-ca\/programme-daide-aux-employes\/\" target=\"_blank\" rel=\"noreferrer noopener\">programme d\u2019aide aux employ\u00e9s (PAE) de GuidanceResources<\/a>.<\/li>\n\n\n\n<li class=\"  \">Si vous travaillez au moins 20\u00a0heures par semaine en moyenne, votre\u00a0<a href=\"https:\/\/benefits.aecom.com\/fr-ca\/all-benefits\/modules-de-soins-de-sante\/\" target=\"_blank\" rel=\"noreferrer noopener\">couverture de soins de sant\u00e9<\/a>, votre\u00a0<a href=\"https:\/\/benefits.aecom.com\/fr-ca\/assurance-vie\/\" target=\"_blank\" rel=\"noreferrer noopener\">assurance vie<\/a>, votre\u00a0<a href=\"https:\/\/benefits.aecom.com\/fr-ca\/all-benefits\/accidental-death-and-dismemberment-add-insurance\/\" target=\"_blank\" rel=\"noreferrer noopener\">assurance en cas de d\u00e9c\u00e8s ou de mutilation par accident (D\u00a0et\u00a0MA)<\/a>, vos\u00a0<a href=\"https:\/\/benefits.aecom.com\/fr-ca\/all-benefits\/comptes-de-depenses\/\" target=\"_blank\" rel=\"noreferrer noopener\">comptes de d\u00e9penses<\/a>\u00a0et votre\u00a0<a href=\"https:\/\/benefits.aecom.com\/fr-ca\/all-benefits\/assurance-contre-les-maladies-graves\/\" target=\"_blank\" rel=\"noreferrer noopener\">assurance contre les maladies graves<\/a>\u00a0restent en vigueur. Si vous travaillez moins de 20\u00a0heures par semaine en moyenne, ces avantages prendront fin \u00e0 compter de la date d\u2019entr\u00e9e en vigueur de votre changement de situation. Vous pourriez \u00eatre en mesure de conserver votre\u00a0<a href=\"https:\/\/benefitsataecom.com\/soins-de-sante\/?lang=fr\">couverture de soins de sant\u00e9<\/a>\u00a0et votre\u00a0<a href=\"https:\/\/benefits.aecom.com\/fr-ca\/assurance-vie\/\" target=\"_blank\" rel=\"noreferrer noopener\">assurance vie<\/a>\u00a0en souscrivant des polices individuelles aupr\u00e8s de la Sun\u00a0Life. Pour obtenir plus de d\u00e9tails, t\u00e9l\u00e9phonez \u00e0 la Sun\u00a0Life au 1-866-896-6976.<\/li>\n\n\n\n<li class=\"  \">Vous cesserez d\u2019\u00eatre admissible au RAAE. Si vous participez au RAAE pour la p\u00e9riode de souscription en cours et devenez employ\u00e9 occasionnel ou temporaire \u00e0 temps partiel avant la fin de la p\u00e9riode de souscription, vous recevrez un remboursement des cotisations que vous avez effectu\u00e9es durant cette p\u00e9riode. Connectez-vous \u00e0 votre&nbsp;<a href=\"https:\/\/fr-ca.benefits.ml.com\/enfr-ca\/sdwww\/login\/login\" target=\"_blank\" rel=\"noreferrer noopener\">compte du RAAE<\/a>&nbsp;pour modifier votre taux de cotisation.<\/li>\n\n\n\n<li class=\"  \">Si vous avez des questions, veuillez communiquer avec le Centre d\u2019assurance collective d\u2019AECOM, au 1-833-411-5520.<\/li>\n<\/ul>\n<\/div>\n\n\n\n<div class=\"wp-block-column sticky-sidebar is-layout-flow wp-block-column-is-layout-flow\" style=\"flex-basis:30%\">\n<section class=\"wp-block-cover quick-links\" style=\"padding-top:40px;padding-right:40px;padding-bottom:40px;padding-left:40px;min-height:50px;aspect-ratio:unset;\"><span aria-hidden=\"true\" class=\"wp-block-cover__background has-midnight-teal-background-color has-background-dim-100 has-background-dim\"><\/span><div class=\"wp-block-cover__inner-container is-layout-constrained wp-container-core-cover-is-layout-e158748c wp-block-cover-is-layout-constrained\">\n<h2 class=\"wp-block-heading\"><strong>Liens connexes<\/strong><\/h2>\n\n\n\n<ul class=\"wp-block-list\">\n<li class=\"  \"><a href=\"https:\/\/benefits.aecom.com\/wp-content\/uploads\/documents\/Canada-FR\/sun_life_individual_policy_fr.pdf\" target=\"_blank\" rel=\"noreferrer noopener\">Police individuelle de la Sun&nbsp;Life<\/a><\/li>\n<\/ul>\n<\/div><\/section>\n<\/div>\n<\/div>\n\n\n\n<p><\/p>\n","protected":false},"excerpt":{"rendered":"","protected":false},"author":4,"featured_media":0,"parent":627,"menu_order":0,"comment_status":"closed","ping_status":"closed","template":"page-templates\/page-blank-container.php","meta":{"_acf_changed":false,"footnotes":""},"class_list":["post-613","page","type-page","status-publish","hentry"],"acf":[],"_links":{"self":[{"href":"https:\/\/benefits.aecom.com\/fr-ca\/wp-json\/wp\/v2\/pages\/613","targetHints":{"allow":["GET"]}}],"collection":[{"href":"https:\/\/benefits.aecom.com\/fr-ca\/wp-json\/wp\/v2\/pages"}],"about":[{"href":"https:\/\/benefits.aecom.com\/fr-ca\/wp-json\/wp\/v2\/types\/page"}],"author":[{"embeddable":true,"href":"https:\/\/benefits.aecom.com\/fr-ca\/wp-json\/wp\/v2\/users\/4"}],"replies":[{"embeddable":true,"href":"https:\/\/benefits.aecom.com\/fr-ca\/wp-json\/wp\/v2\/comments?post=613"}],"version-history":[{"count":5,"href":"https:\/\/benefits.aecom.com\/fr-ca\/wp-json\/wp\/v2\/pages\/613\/revisions"}],"predecessor-version":[{"id":1149,"href":"https:\/\/benefits.aecom.com\/fr-ca\/wp-json\/wp\/v2\/pages\/613\/revisions\/1149"}],"up":[{"embeddable":true,"href":"https:\/\/benefits.aecom.com\/fr-ca\/wp-json\/wp\/v2\/pages\/627"}],"wp:attachment":[{"href":"https:\/\/benefits.aecom.com\/fr-ca\/wp-json\/wp\/v2\/media?parent=613"}],"curies":[{"name":"wp","href":"https:\/\/api.w.org\/{rel}","templated":true}]}}