{"id":616,"date":"2026-02-05T09:19:42","date_gmt":"2026-02-05T09:19:42","guid":{"rendered":"https:\/\/dev-benefits2024.pantheonsite.io\/fr-ca\/?page_id=616"},"modified":"2026-02-19T00:51:44","modified_gmt":"2026-02-19T00:51:44","slug":"616-2","status":"publish","type":"page","link":"https:\/\/benefits.aecom.com\/fr-ca\/changements-demploi-daffectation-1\/616-2\/","title":{"rendered":"D\u00e9but d\u2019une affectation \u00e0 l\u2019\u00e9tranger"},"content":{"rendered":"\n<div class=\"wp-block-columns sticky-sidebar-container is-layout-flex wp-container-core-columns-is-layout-cbe57604 wp-block-columns-is-layout-flex\">\n<div class=\"wp-block-column is-layout-flow wp-block-column-is-layout-flow\" style=\"flex-basis:70%\">\n<ul class=\"wp-block-list checklist\">\n<li class=\"  \">L\u2019\u00e9quipe de la mobilit\u00e9 internationale communiquera avec l\u2019\u00e9quipe des avantages sociaux pour lancer votre adh\u00e9sion au\u00a0r\u00e9gime de soins de sant\u00e9 \u00e0 l\u2019\u00e9tranger\u00a0de Cigna.<\/li>\n\n\n\n<li class=\"  \">Si vous avez des personnes \u00e0 charge qui restent au Canada, elles peuvent conserver leur&nbsp;<a href=\"https:\/\/benefits.aecom.com\/fr-ca\/all-benefits\/modules-de-soins-de-sante\/\" target=\"_blank\" rel=\"noreferrer noopener\">couverture de soins de sant\u00e9<\/a>&nbsp;de la Sun&nbsp;Life.<\/li>\n\n\n\n<li class=\"  \">Si vous \u00eates un nouvel employ\u00e9, faites vos choix dans les 31\u00a0jours suivant votre date d\u2019embauche au\u00a0<a href=\"https:\/\/aecom.seb-admin.com\/login?lang=fr-CA\">AECOMBenefitsOnline.com<\/a>\u00a0(si ce n\u2019est pas d\u00e9j\u00e0 fait, vous devrez vous inscrire). Assurez-vous \u00e9galement de consulter\u00a0<a href=\"https:\/\/benefits.aecom.com\/fr-ca\/nouveaux-employes-daecom-ou-nouvellement-admissibles-a-lassurance-collective\/\" target=\"_blank\" rel=\"noreferrer noopener\">l\u2019aide-m\u00e9moire pour les nouveaux employ\u00e9s<\/a>.<\/li>\n\n\n\n<li class=\"  \">Envisagez de cotiser davantage au&nbsp;<a href=\"https:\/\/benefits.aecom.com\/fr-ca\/all-benefits\/regime-de-retraite-et-depargne\/#R%C3%A9gime-de\" target=\"_blank\" rel=\"noreferrer noopener\">r\u00e9gime de retraite \u00e0 cotisation d\u00e9termin\u00e9e (RRCD)<\/a>, au&nbsp;<a href=\"https:\/\/benefits.aecom.com\/fr-ca\/all-benefits\/regime-de-retraite-et-depargne\/#R%C3%A9gime-enregistr%C3%A9\" target=\"_blank\" rel=\"noreferrer noopener\">r\u00e9gime enregistr\u00e9 d\u2019\u00e9pargne-retraite (REER) collectif<\/a>, au&nbsp;<a href=\"https:\/\/benefits.aecom.com\/fr-ca\/all-benefits\/regime-de-retraite-et-depargne\/#Compte-d%E2%80%99%C3%A9pargne\" target=\"_blank\" rel=\"noreferrer noopener\">compte d\u2019\u00e9pargne libre d\u2019imp\u00f4t (CELI)<\/a>&nbsp;et au&nbsp;<a href=\"https:\/\/benefits.aecom.com\/fr-ca\/regime-dachat-dactions-des-employes-raae\/\" target=\"_blank\" rel=\"noreferrer noopener\">r\u00e9gime d\u2019achat d\u2019actions des employ\u00e9s (RAAE)<\/a>.<\/li>\n\n\n\n<li class=\"  \">T\u00e9l\u00e9chargez\u00a0<a href=\"https:\/\/benefits.aecom.com\/business-travel-benefits-crisis24\/\" target=\"_blank\" rel=\"noreferrer noopener\">l\u2019appli Crisis 24<\/a>\u00a0et d\u2019autres\u00a0applis pratiques sur les avantages sociaux.<\/li>\n\n\n\n<li class=\"  \">Si vous avez des questions, communiquez avec le Centre d\u2019assurance collective d\u2019AECOM, au 1-833-411-5520.<\/li>\n<\/ul>\n<\/div>\n\n\n\n<div class=\"wp-block-column sticky-sidebar is-layout-flow wp-block-column-is-layout-flow\" style=\"flex-basis:30%\">\n<section class=\"wp-block-cover quick-links\" style=\"padding-top:40px;padding-right:40px;padding-bottom:40px;padding-left:40px;min-height:50px;aspect-ratio:unset;\"><span aria-hidden=\"true\" class=\"wp-block-cover__background has-midnight-teal-background-color has-background-dim-100 has-background-dim\"><\/span><div class=\"wp-block-cover__inner-container is-layout-constrained wp-container-core-cover-is-layout-e158748c wp-block-cover-is-layout-constrained\">\n<h2 class=\"wp-block-heading\"><strong>Liens connexes<\/strong><\/h2>\n\n\n\n<ul class=\"wp-block-list\">\n<li class=\"  \"><a href=\"https:\/\/benefits.aecom.com\/wp-content\/uploads\/documents\/Canada-FR\/guide_de_l'assurance_collective.pdf\" target=\"_blank\" rel=\"noreferrer noopener\">Guide de l\u2019assurance collective<\/a><\/li>\n<\/ul>\n<\/div><\/section>\n\n\n\n<div class=\"wp-block-cover is-light resources-sidebar\" style=\"padding-top:40px;padding-right:40px;padding-bottom:40px;padding-left:40px;min-height:50px;aspect-ratio:unset;\"><span aria-hidden=\"true\" class=\"wp-block-cover__background has-background-dim-100 has-background-dim\" style=\"background-color:#e3e3e3\"><\/span><div class=\"wp-block-cover__inner-container is-layout-constrained wp-container-core-cover-is-layout-3dcc9c70 wp-block-cover-is-layout-constrained\">\n<h3 class=\"wp-block-heading\" style=\"font-size:24px\">Si vous avez un conjoint:<\/h3>\n\n\n\n<p>Envoyez-leur un lien vers ce site Web, afin qu\u2019ils puissent \u00e9galement en apprendre davantage sur les avantages d\u2019AECOM qui leur sont offerts. Il suffit de cliquer sur le lien Partager en haut de chaque page.<\/p>\n<\/div><\/div>\n<\/div>\n<\/div>\n","protected":false},"excerpt":{"rendered":"","protected":false},"author":4,"featured_media":0,"parent":627,"menu_order":0,"comment_status":"closed","ping_status":"closed","template":"page-templates\/page-blank-container.php","meta":{"_acf_changed":false,"footnotes":""},"class_list":["post-616","page","type-page","status-publish","hentry"],"acf":[],"_links":{"self":[{"href":"https:\/\/benefits.aecom.com\/fr-ca\/wp-json\/wp\/v2\/pages\/616","targetHints":{"allow":["GET"]}}],"collection":[{"href":"https:\/\/benefits.aecom.com\/fr-ca\/wp-json\/wp\/v2\/pages"}],"about":[{"href":"https:\/\/benefits.aecom.com\/fr-ca\/wp-json\/wp\/v2\/types\/page"}],"author":[{"embeddable":true,"href":"https:\/\/benefits.aecom.com\/fr-ca\/wp-json\/wp\/v2\/users\/4"}],"replies":[{"embeddable":true,"href":"https:\/\/benefits.aecom.com\/fr-ca\/wp-json\/wp\/v2\/comments?post=616"}],"version-history":[{"count":11,"href":"https:\/\/benefits.aecom.com\/fr-ca\/wp-json\/wp\/v2\/pages\/616\/revisions"}],"predecessor-version":[{"id":1147,"href":"https:\/\/benefits.aecom.com\/fr-ca\/wp-json\/wp\/v2\/pages\/616\/revisions\/1147"}],"up":[{"embeddable":true,"href":"https:\/\/benefits.aecom.com\/fr-ca\/wp-json\/wp\/v2\/pages\/627"}],"wp:attachment":[{"href":"https:\/\/benefits.aecom.com\/fr-ca\/wp-json\/wp\/v2\/media?parent=616"}],"curies":[{"name":"wp","href":"https:\/\/api.w.org\/{rel}","templated":true}]}}