{"id":623,"date":"2026-02-05T10:17:53","date_gmt":"2026-02-05T10:17:53","guid":{"rendered":"https:\/\/dev-benefits2024.pantheonsite.io\/fr-ca\/?page_id=623"},"modified":"2026-02-18T19:26:50","modified_gmt":"2026-02-18T19:26:50","slug":"assurance-collective-2026","status":"publish","type":"page","link":"https:\/\/benefits.aecom.com\/fr-ca\/assurance-collective-2026\/","title":{"rendered":"Assurance collective 2026"},"content":{"rendered":"\n<div class=\"wp-block-columns sticky-sidebar-container is-layout-flex wp-container-core-columns-is-layout-cbe57604 wp-block-columns-is-layout-flex\">\n<div class=\"wp-block-column is-layout-flow wp-block-column-is-layout-flow\" style=\"flex-basis:66.667%\">\n<figure class=\"wp-block-image size-full\"><img decoding=\"async\" src=\"https:\/\/benefits.aecom.com\/en-ca\/wp-content\/uploads\/sites\/3\/2026\/02\/image.png\" alt=\"\" class=\"wp-image-831\" \/><\/figure>\n\n\n\n<p>Merci \u00e0 toutes les personnes qui ont particip\u00e9 \u00e0 la p\u00e9riode d\u2019adh\u00e9sion. Vos nouvelles s\u00e9lections entreront en vigueur le 1\u1d49\u02b3 janvier 2026.<\/p>\n\n\n\n<ul class=\"wp-block-list\">\n<li class=\"  \"><strong>Si vous ne vous \u00eates pas inscrit(e)<\/strong>&nbsp;: Vos choix de prestations actuels se poursuivront jusqu\u2019en 2026. L\u2019allocation annuelle de votre compte de d\u00e9penses sera vers\u00e9e \u00e0 votre&nbsp;Compte de d\u00e9penses de sant\u00e9 (CDS), et non \u00e0 votre&nbsp;Compte de d\u00e9penses personnelles (CDP). Les fonds ne peuvent pas \u00eatre transf\u00e9r\u00e9s entre les comptes apr\u00e8s la p\u00e9riode d\u2019inscription annuelle aux avantages sociaux.<\/li>\n\n\n\n<li class=\"  \"><strong>Apporter des changements<\/strong>&nbsp;: Vous pouvez modifier votre module de soins de sant\u00e9 et votre option d\u2019assurance invalidit\u00e9 de longue dur\u00e9e uniquement dans les 31 jours suivant un \u00e9v\u00e9nement de vie admissible (p. ex. mariage, naissance, adoption). Vous pouvez mettre \u00e0 jour vos protections d\u2019assurance facultatives et vos d\u00e9signations de b\u00e9n\u00e9ficiaires en tout temps durant l\u2019ann\u00e9e.<\/li>\n\n\n\n<li class=\"  \"><strong>Des \u00e9conomies pour vous en 2026<\/strong>&nbsp;: AECOM paiera 100 % du co\u00fbt de l\u2019assurance invalidit\u00e9 de courte dur\u00e9e (ICD), et votre co\u00fbt pour l\u2019assurance invalidit\u00e9 de longue dur\u00e9e (ILD) diminue de 20 %.<\/li>\n\n\n\n<li class=\"  \"><strong>Configurez votre compte en ligne et vos applications<\/strong>&nbsp;: Si ce n\u2019est pas d\u00e9j\u00e0 fait, t\u00e9l\u00e9chargez l\u2019application Sun Life ainsi que les applications des autres assureurs pour acc\u00e9der facilement aux d\u00e9tails de votre couverture, o\u00f9 que vous soyez. Il se peut que vous deviez d\u2019abord cr\u00e9er votre compte en ligne aupr\u00e8s de l\u2019assureur avant de configurer l\u2019application mobile correspondante.<\/li>\n<\/ul>\n\n\n\n<h4 class=\"wp-block-heading\"><strong>Si vous avez des questions au sujet de vos avantages sociaux<\/strong>, appelez le Centre de service des avantages sociaux d\u2019AECOM au&nbsp;<strong>833 411-5520<\/strong>, de&nbsp;<strong>8 h \u00e0 20 h (heure de l\u2019Est)<\/strong>.<\/h4>\n\n\n\n<hr class=\"wp-block-separator has-alpha-channel-opacity\" \/>\n\n\n\n<p><\/p>\n\n\n\n<figure class=\"wp-block-table\"><table class=\"has-fixed-layout\"><tbody><tr><td><strong>Profitez de ces avantages pour soutenir votre sant\u00e9 et votre bien-\u00eatre<\/strong><br><br><a href=\"https:\/\/benefits.aecom.com\/fr-ca\/all-benefits\/service-de-telesante-soins-virtuels-lumino-sante\/\" target=\"_blank\" rel=\"noreferrer noopener\"><strong>T\u00e9l\u00e9sant\u00e9<\/strong><\/a><strong>\u00a0\u2013<\/strong>\u00a0Vous et vos personnes \u00e0 charge qui \u00eates inscrits au r\u00e9gime de soins de sant\u00e9 de la Sun Life avez acc\u00e8s au service de t\u00e9l\u00e9sant\u00e9 offert par Soins virtuels Lumino Sant\u00e9. Ce service vous permet de consulter des professionnels de la sant\u00e9 \u00e0 l\u2019aide d\u2019une application Web ou mobile.<br><br><a href=\"https:\/\/benefits.aecom.com\/fr-ca\/all-benefits\/programme-de-conditionnement-physique-au-canada\/\" target=\"_blank\" rel=\"noreferrer noopener\"><strong>Programme de conditionnement physique<\/strong><\/a>\u00a0\u2013 Si vous habitez \u00e0 l\u2019ext\u00e9rieur du Qu\u00e9bec, vous pouvez\u00a0<a href=\"https:\/\/url.us.m.mimecastprotect.com\/s\/EwRuCZ6nBlF5AQ0X8t7HKsBq7L_?domain=aecomca.cmail20.com\">vous inscrire<\/a>\u00a0(en anglais seulement) \u00e0 GoodLife Fitness en ligne en s\u00e9lectionnant AECOM comme organisation et en utilisant votre identifiant Workday comme num\u00e9ro d\u2019employ\u00e9. Si vous habitez au Qu\u00e9bec, vous pouvez adh\u00e9rer \u00e0\u00a0<a href=\"https:\/\/benefits.aecom.com\/wp-content\/uploads\/documents\/Canada-FR\/fitness_discount\/world-gym-aecom-fr.pdf\" target=\"_blank\" rel=\"noreferrer noopener\">World Gym<\/a>\u00a0\u2013 il suffit de pr\u00e9senter une preuve d\u2019emploi, comme un talon de paie, dans n\u2019importe quel \u00e9tablissement World Gym au Qu\u00e9bec.<br><br><strong><a href=\"https:\/\/benefits.aecom.com\/fr-ca\/programme-daide-aux-employes\/\" target=\"_blank\" rel=\"noreferrer noopener\">Programme d\u2019aide aux employ\u00e9s GuidanceResources (PAE<\/a><\/strong><a href=\"https:\/\/benefitsataecom.com\/programme-daide-aux-employes-pae-de-guidanceresources\/?lang=fr\"><strong>)<\/strong><\/a>\u00a0\u2013 Vous et chaque membre de votre famille pouvez b\u00e9n\u00e9ficier de jusqu\u2019\u00e0 cinq consultations par an, et vous pouvez acc\u00e9der \u00e0 des ressources en ligne pour vous aider avec une vari\u00e9t\u00e9 de probl\u00e8mes. Vous n\u2019avez pas \u00e0 vous inscrire et AECOM assume la totalit\u00e9 des co\u00fbts.<\/td><\/tr><\/tbody><\/table><\/figure>\n\n\n\n<hr class=\"wp-block-separator has-alpha-channel-opacity\" style=\"margin-top:var(--wp--preset--spacing--50);margin-bottom:var(--wp--preset--spacing--50)\" \/>\n<\/div>\n\n\n\n<div class=\"wp-block-column sticky-sidebar is-layout-flow wp-block-column-is-layout-flow\" style=\"flex-basis:30%\">\n<div class=\"wp-block-buttons is-layout-flex wp-block-buttons-is-layout-flex\" style=\"margin-bottom:var(--wp--preset--spacing--50)\">\n<div class=\"wp-block-button has-custom-width wp-block-button__width-100\"><a class=\"wp-block-button__link has-earth-green-background-color has-background wp-element-button\" href=\"https:\/\/sso.seb-admin.com\/sp\/singlesignon?partnerIdP=https:\/\/sts.windows.net\/16ed5ab4-2b59-4e40-806d-8a30bdc9cf26\/\" target=\"_blank\" rel=\"noreferrer noopener\"><strong>Se connecter avec Microsoft Authenticator pour adh\u00e9rer<\/strong><\/a><\/div>\n<\/div>\n\n\n\n<div class=\"wp-block-buttons is-layout-flex wp-block-buttons-is-layout-flex\" style=\"margin-bottom:var(--wp--preset--spacing--50)\">\n<div class=\"wp-block-button has-custom-width wp-block-button__width-100\"><a class=\"wp-block-button__link has-earth-green-background-color has-background wp-element-button\" href=\"https:\/\/leplb0320.upoint.alight.com\/web\/aecom\/login?forkPage=false\"><strong>Ouvrir une session avec nom d\u2019utilisateur et mot de passe pour adh\u00e9rer<\/strong><\/a><\/div>\n<\/div>\n\n\n\n<section class=\"wp-block-cover quick-links\" style=\"padding-top:40px;padding-right:40px;padding-bottom:40px;padding-left:40px;min-height:50px;aspect-ratio:unset;\"><span aria-hidden=\"true\" class=\"wp-block-cover__background has-midnight-teal-background-color has-background-dim-100 has-background-dim\"><\/span><div class=\"wp-block-cover__inner-container is-layout-constrained wp-container-core-cover-is-layout-e158748c wp-block-cover-is-layout-constrained\">\n<h2 class=\"wp-block-heading\">Ressources pour l\u2019adh\u00e9sion<\/h2>\n\n\n\n<ul class=\"wp-block-list\">\n<li class=\"  \"><a href=\"https:\/\/benefits.aecom.com\/wp-content\/uploads\/documents\/Canada-FR\/guide_de_l'assurance_collective.pdf\" target=\"_blank\" rel=\"noreferrer noopener\">Guide de l\u2019assurance collective 2026<\/a><\/li>\n\n\n\n<li class=\"  \"><a href=\"https:\/\/benefits.aecom.com\/wp-content\/uploads\/documents\/Canada-FR\/guide_de_l'assurance_collective.pdf\" target=\"_blank\" rel=\"noreferrer noopener\">Guide de l\u2019assurance collective 2026 pour employ\u00e9s affect\u00e9s \u00e0 l\u2019\u00e9tranger (en anglais seulement)<\/a><\/li>\n\n\n\n<li class=\"  \"><a href=\"https:\/\/benefits.aecom.com\/wp-content\/uploads\/documents\/Canada-FR\/annual_enrolment\/2026_oe_faqs_fr.pdf\" target=\"_blank\" rel=\"noreferrer noopener\">FAQ sur la p\u00e9riode d\u2019adh\u00e9sion \u00e0 l\u2019assurance collective 2026<\/a><\/li>\n\n\n\n<li class=\"  \"><a href=\"https:\/\/benefits.aecom.com\/fr-ca\/repertoire-des-fournisseurs\/\" data-type=\"link\" data-id=\"https:\/\/benefits.aecom.com\/fr-ca\/repertoire-des-fournisseurs\/\" target=\"_blank\" rel=\"noreferrer noopener\">Personnes-ressources du fournisseur<\/a><\/li>\n<\/ul>\n<\/div><\/section>\n<\/div>\n<\/div>\n","protected":false},"excerpt":{"rendered":"<p>Merci \u00e0 toutes les personnes qui ont particip\u00e9 \u00e0 la p\u00e9riode d\u2019adh\u00e9sion. Vos nouvelles s\u00e9lections entreront en vigueur le 1\u1d49\u02b3 janvier 2026. Si vous avez des questions au sujet de vos avantages sociaux, appelez le Centre de service des avantages sociaux d\u2019AECOM au&nbsp;833 411-5520, de&nbsp;8 h \u00e0 20 h (heure de l\u2019Est). Profitez de ces [&hellip;]<\/p>\n","protected":false},"author":4,"featured_media":0,"parent":0,"menu_order":0,"comment_status":"closed","ping_status":"closed","template":"page-templates\/page-blank-container.php","meta":{"_acf_changed":false,"footnotes":""},"class_list":["post-623","page","type-page","status-publish","hentry"],"acf":[],"_links":{"self":[{"href":"https:\/\/benefits.aecom.com\/fr-ca\/wp-json\/wp\/v2\/pages\/623","targetHints":{"allow":["GET"]}}],"collection":[{"href":"https:\/\/benefits.aecom.com\/fr-ca\/wp-json\/wp\/v2\/pages"}],"about":[{"href":"https:\/\/benefits.aecom.com\/fr-ca\/wp-json\/wp\/v2\/types\/page"}],"author":[{"embeddable":true,"href":"https:\/\/benefits.aecom.com\/fr-ca\/wp-json\/wp\/v2\/users\/4"}],"replies":[{"embeddable":true,"href":"https:\/\/benefits.aecom.com\/fr-ca\/wp-json\/wp\/v2\/comments?post=623"}],"version-history":[{"count":9,"href":"https:\/\/benefits.aecom.com\/fr-ca\/wp-json\/wp\/v2\/pages\/623\/revisions"}],"predecessor-version":[{"id":1057,"href":"https:\/\/benefits.aecom.com\/fr-ca\/wp-json\/wp\/v2\/pages\/623\/revisions\/1057"}],"wp:attachment":[{"href":"https:\/\/benefits.aecom.com\/fr-ca\/wp-json\/wp\/v2\/media?parent=623"}],"curies":[{"name":"wp","href":"https:\/\/api.w.org\/{rel}","templated":true}]}}