{"id":629,"date":"2026-02-05T10:54:09","date_gmt":"2026-02-05T10:54:09","guid":{"rendered":"https:\/\/dev-benefits2024.pantheonsite.io\/fr-ca\/?page_id=629"},"modified":"2026-02-14T00:08:02","modified_gmt":"2026-02-14T00:08:02","slug":"changements-dans-votre-famille","status":"publish","type":"page","link":"https:\/\/benefits.aecom.com\/fr-ca\/changements-dans-votre-famille\/","title":{"rendered":"Changements dans votre famille"},"content":{"rendered":"\n<ul class=\"wp-block-list benefits-list\">\n<li class=\"  \"><a href=\"https:\/\/benefits.aecom.com\/fr-ca\/changements-dans-votre-famille\/mariage-ou-debut-dune-union-de-fait\/\" target=\"_blank\" rel=\"noreferrer noopener\">Mariage ou d\u00e9but d\u2019une union de fait<\/a><\/li>\n\n\n\n<li class=\"  \"><a href=\"https:\/\/benefits.aecom.com\/fr-ca\/changements-dans-votre-famille\/arrivee-dun-enfant\/\">Arriv\u00e9e d\u2019un enfant<\/a><\/li>\n\n\n\n<li class=\"  \"><a href=\"https:\/\/benefits.aecom.com\/fr-ca\/changements-dans-votre-famille\/animal-de-compagnie\/\" data-type=\"link\" data-id=\"https:\/\/benefits.aecom.com\/en-ca\/new-pet\/\" target=\"_blank\" rel=\"noreferrer noopener\">Animal de compagnie<\/a><\/li>\n\n\n\n<li class=\"  \"><a href=\"https:\/\/benefits.aecom.com\/fr-ca\/changements-dans-votre-famille\/enfant-atteignant-bientot-lage-de-21-ans-ou-25-26-ans\/\" data-type=\"link\" data-id=\"https:\/\/benefits.aecom.com\/en-ca\/child-turning-age-26\/\" target=\"_blank\" rel=\"noreferrer noopener\">Enfant atteignant bient\u00f4t l\u2019\u00e2ge de 21 ans (ou 25\/26 ans)<\/a><\/li>\n\n\n\n<li class=\"  \"><a href=\"https:\/\/benefits.aecom.com\/fr-ca\/changements-dans-votre-famille\/divorce\/\" data-type=\"link\" data-id=\"https:\/\/benefits.aecom.com\/en-ca\/divorce\/\" target=\"_blank\" rel=\"noreferrer noopener\">Divorce<\/a><\/li>\n\n\n\n<li class=\"  \"><a href=\"https:\/\/benefits.aecom.com\/fr-ca\/changements-dans-votre-famille\/changement-de-province-de-residence\/\" data-type=\"link\" data-id=\"https:\/\/benefits.aecom.com\/en-ca\/moving-to-a-new-province\/\" target=\"_blank\" rel=\"noreferrer noopener\">Changement de province de r\u00e9sidence<\/a><\/li>\n\n\n\n<li class=\"  \"><a href=\"https:\/\/benefits.aecom.com\/fr-ca\/changements-dans-votre-famille\/changement-de-nom-dadresse-de-numero-de-telephone-ou-de-courriel\/\" data-type=\"page\" data-id=\"1020\" target=\"_blank\" rel=\"noreferrer noopener\">Changement de nom, d\u2019adresse, de num\u00e9ro de t\u00e9l\u00e9phone ou de courriel<\/a><\/li>\n\n\n\n<li class=\"  \"><a href=\"https:\/\/benefits.aecom.com\/fr-ca\/changements-dans-votre-famille\/en-cas-de-deces-de-lun-de-vos-proches-aecom-est-la-pour-vous-aider\/\" data-type=\"link\" data-id=\"https:\/\/benefits.aecom.com\/en-ca\/if-your-loved-one-dies-aecom-is-here-for-you\/\" target=\"_blank\" rel=\"noreferrer noopener\">En cas de d\u00e9c\u00e8s de l\u2019un de vos proches, AECOM est l\u00e0 pour vous aider<\/a><\/li>\n<\/ul>\n","protected":false},"excerpt":{"rendered":"","protected":false},"author":4,"featured_media":0,"parent":0,"menu_order":0,"comment_status":"closed","ping_status":"closed","template":"page-templates\/page-blank-container.php","meta":{"_acf_changed":false,"footnotes":""},"class_list":["post-629","page","type-page","status-publish","hentry"],"acf":[],"_links":{"self":[{"href":"https:\/\/benefits.aecom.com\/fr-ca\/wp-json\/wp\/v2\/pages\/629","targetHints":{"allow":["GET"]}}],"collection":[{"href":"https:\/\/benefits.aecom.com\/fr-ca\/wp-json\/wp\/v2\/pages"}],"about":[{"href":"https:\/\/benefits.aecom.com\/fr-ca\/wp-json\/wp\/v2\/types\/page"}],"author":[{"embeddable":true,"href":"https:\/\/benefits.aecom.com\/fr-ca\/wp-json\/wp\/v2\/users\/4"}],"replies":[{"embeddable":true,"href":"https:\/\/benefits.aecom.com\/fr-ca\/wp-json\/wp\/v2\/comments?post=629"}],"version-history":[{"count":4,"href":"https:\/\/benefits.aecom.com\/fr-ca\/wp-json\/wp\/v2\/pages\/629\/revisions"}],"predecessor-version":[{"id":998,"href":"https:\/\/benefits.aecom.com\/fr-ca\/wp-json\/wp\/v2\/pages\/629\/revisions\/998"}],"wp:attachment":[{"href":"https:\/\/benefits.aecom.com\/fr-ca\/wp-json\/wp\/v2\/media?parent=629"}],"curies":[{"name":"wp","href":"https:\/\/api.w.org\/{rel}","templated":true}]}}