{"id":638,"date":"2026-02-05T12:48:33","date_gmt":"2026-02-05T12:48:33","guid":{"rendered":"https:\/\/dev-benefits2024.pantheonsite.io\/fr-ca\/?page_id=638"},"modified":"2026-02-19T00:47:40","modified_gmt":"2026-02-19T00:47:40","slug":"en-attente-dune-couverture-provinciale","status":"publish","type":"page","link":"https:\/\/benefits.aecom.com\/fr-ca\/en-attente-dune-couverture-provinciale\/","title":{"rendered":"En attente d\u2019une couverture provinciale"},"content":{"rendered":"\n<div class=\"wp-block-columns sticky-sidebar-container is-layout-flex wp-container-core-columns-is-layout-cbe57604 wp-block-columns-is-layout-flex\">\n<div class=\"wp-block-column is-layout-flow wp-block-column-is-layout-flow\" style=\"flex-basis:70%\">\n<ul class=\"wp-block-list checklist\">\n<li class=\"  \">Pour \u00eatre admissible \u00e0 la&nbsp;<a href=\"https:\/\/benefits.aecom.com\/fr-ca\/all-benefits\/modules-de-soins-de-sante\/\" target=\"_blank\" rel=\"noreferrer noopener\">couverture d\u2019assurance sant\u00e9 et d\u2019assurance dentaire collective<\/a>&nbsp;d\u2019AECOM au Canada, vous devez b\u00e9n\u00e9ficier d\u2019une couverture provinciale. Les employ\u00e9s (et les personnes \u00e0 leur charge) nouvellement arriv\u00e9s au Canada doivent avoir une couverture de remplacement temporaire pendant qu\u2019ils attendent d\u2019\u00eatre admissibles au r\u00e9gime provincial d\u2019assurance maladie. Chez AECOM, cette couverture de remplacement est offerte en vertu du r\u00e9gime d\u2019assurance maladie des salari\u00e9s impatri\u00e9s (RAMSI).<\/li>\n\n\n\n<li class=\"  \">Il vous incombe, en tant qu\u2019employ\u00e9, d\u2019adh\u00e9rer \u00e0 la couverture provinciale aussit\u00f4t que vous arrivez au Canada ou aussit\u00f4t que la couverture pour impatri\u00e9s commence. La p\u00e9riode d\u2019attente pour la couverture provinciale est habituellement de trois mois.&nbsp;<\/li>\n\n\n\n<li class=\"  \">Si vous (et vos personnes \u00e0 charge) \u00eates un nouvel arrivant au Canada, vous devez adh\u00e9rer \u00e0 la&nbsp;<a href=\"https:\/\/benefits.aecom.com\/fr-ca\/all-benefits\/modules-de-soins-de-sante\/\" target=\"_blank\" rel=\"noreferrer noopener\">couverture de soins de sant\u00e9<\/a>&nbsp;d\u2019AECOM par l\u2019entremise de la Sun&nbsp;Life, qui comprend une assurance sant\u00e9 et une assurance soins dentaires, ainsi qu\u2019au r\u00e9gime d\u2019assurance maladie des salari\u00e9s impatri\u00e9s, qui offre uniquement une assurance maladie.\n<ul class=\"wp-block-list\">\n<li class=\"  \">Adh\u00e9rez au r\u00e9gime d\u2019assurance maladie des salari\u00e9s impatri\u00e9s en transmettant le formulaire d\u2019adh\u00e9sion appropri\u00e9 (\u00e0 droite) \u00e0 l\u2019adresse&nbsp;<a href=\"mailto:aecomihp@seb-admin.com\">aecomihp@seb-admin.com<\/a>&nbsp;dans les 31&nbsp;jours suivant votre date d\u2019embauche au Canada. Apr\u00e8s cette date, vous devrez soumettre le formulaire d\u2019adh\u00e9sion tardive (\u00e0 droite) ainsi qu\u2019une d\u00e9claration d\u2019assurabilit\u00e9.<\/li>\n<\/ul>\n<\/li>\n\n\n\n<li class=\"  \">Si vous \u00eates un nouvel employ\u00e9, faites vos choix dans les 31\u00a0jours suivant votre date d\u2019embauche au\u00a0<a href=\"https:\/\/aecom.seb-admin.com\/login?lang=fr-CA\">AECOMBenefitsOnline.com<\/a>\u00a0(si ce n\u2019est pas d\u00e9j\u00e0 fait, vous devrez vous inscrire en s\u00e9lectionnant Premi\u00e8re fois?). Assurez-vous \u00e9galement de consulter\u00a0<a href=\"https:\/\/benefits.aecom.com\/fr-ca\/nouveaux-employes-daecom-ou-nouvellement-admissibles-a-lassurance-collective\/\" target=\"_blank\" rel=\"noreferrer noopener\">l\u2019aide-m\u00e9moire pour les nouveaux employ\u00e9s<\/a>.<\/li>\n\n\n\n<li class=\"  \">Aussit\u00f4t que vous (ou vos personnes \u00e0 charge) b\u00e9n\u00e9ficiez de la couverture provinciale, avisez le Centre d\u2019assurance collective d\u2019AECOM en composant le 833-411-5520 ou en envoyant un courriel \u00e0 l\u2019adresse&nbsp;<a href=\"mailto:aecomihp@seb-admin.com\">aecomihp@seb-admin.com<\/a>.<\/li>\n<\/ul>\n<\/div>\n\n\n\n<div class=\"wp-block-column sticky-sidebar is-layout-flow wp-block-column-is-layout-flow\" style=\"flex-basis:30%\">\n<section class=\"wp-block-cover quick-links\" style=\"padding-top:40px;padding-right:40px;padding-bottom:40px;padding-left:40px;min-height:50px;aspect-ratio:unset;\"><span aria-hidden=\"true\" class=\"wp-block-cover__background has-midnight-teal-background-color has-background-dim-100 has-background-dim\"><\/span><div class=\"wp-block-cover__inner-container is-layout-constrained wp-container-core-cover-is-layout-e158748c wp-block-cover-is-layout-constrained\">\n<h2 class=\"wp-block-heading\"><strong>Liens connexes<\/strong><\/h2>\n\n\n\n<ul class=\"wp-block-list\">\n<li class=\"  \"><a href=\"https:\/\/benefitsataecom.com\/docs\/fr\/Inpatriate-Health-Plan-Guide-FR.pdf\" target=\"_blank\" rel=\"noreferrer noopener\">Guide du r\u00e9gime d\u2019assurance maladie des salari\u00e9s impatri\u00e9s<\/a><\/li>\n\n\n\n<li class=\"  \"><a href=\"https:\/\/benefits.aecom.com\/wp-content\/uploads\/documents\/Canada-FR\/guide_de_l'assurance_collective.pdf\" target=\"_blank\" rel=\"noreferrer noopener\">Guide de l\u2019assurance collective pour les groupes DCS<\/a><\/li>\n\n\n\n<li class=\"  \"><a href=\"https:\/\/benefitsataecom.com\/docs\/fr\/IHP-Enrolment-Form-FR.pdf\" target=\"_blank\" rel=\"noreferrer noopener\">Formulaire d\u2019adh\u00e9sion au r\u00e9gime d\u2019assurance maladie des salari\u00e9s impatri\u00e9s (RAMSI)<\/a><\/li>\n\n\n\n<li class=\"  \"><a href=\"https:\/\/benefitsataecom.com\/docs\/fr\/IHP-Late-Enrolment-Form-FR.pdf\" target=\"_blank\" rel=\"noreferrer noopener\">Formulaire d\u2019adh\u00e9sion tardive au r\u00e9gime d\u2019assurance maladie des salari\u00e9s impatri\u00e9s (RAMSI)<\/a><\/li>\n\n\n\n<li class=\"  \"><a href=\"https:\/\/benefitsataecom.com\/docs\/fr\/IHP-Dependent-Only-Enrolment-Form-FR.pdf\" target=\"_blank\" rel=\"noreferrer noopener\">Formulaire d\u2019adh\u00e9sion au r\u00e9gime d\u2019assurance maladie des salari\u00e9s impatri\u00e9s (RAMSI) pour les personnes \u00e0 charge seulement<\/a><\/li>\n<\/ul>\n<\/div><\/section>\n<\/div>\n<\/div>\n","protected":false},"excerpt":{"rendered":"","protected":false},"author":4,"featured_media":0,"parent":0,"menu_order":0,"comment_status":"closed","ping_status":"closed","template":"page-templates\/page-blank-container.php","meta":{"_acf_changed":false,"footnotes":""},"class_list":["post-638","page","type-page","status-publish","hentry"],"acf":[],"_links":{"self":[{"href":"https:\/\/benefits.aecom.com\/fr-ca\/wp-json\/wp\/v2\/pages\/638","targetHints":{"allow":["GET"]}}],"collection":[{"href":"https:\/\/benefits.aecom.com\/fr-ca\/wp-json\/wp\/v2\/pages"}],"about":[{"href":"https:\/\/benefits.aecom.com\/fr-ca\/wp-json\/wp\/v2\/types\/page"}],"author":[{"embeddable":true,"href":"https:\/\/benefits.aecom.com\/fr-ca\/wp-json\/wp\/v2\/users\/4"}],"replies":[{"embeddable":true,"href":"https:\/\/benefits.aecom.com\/fr-ca\/wp-json\/wp\/v2\/comments?post=638"}],"version-history":[{"count":6,"href":"https:\/\/benefits.aecom.com\/fr-ca\/wp-json\/wp\/v2\/pages\/638\/revisions"}],"predecessor-version":[{"id":1141,"href":"https:\/\/benefits.aecom.com\/fr-ca\/wp-json\/wp\/v2\/pages\/638\/revisions\/1141"}],"wp:attachment":[{"href":"https:\/\/benefits.aecom.com\/fr-ca\/wp-json\/wp\/v2\/media?parent=638"}],"curies":[{"name":"wp","href":"https:\/\/api.w.org\/{rel}","templated":true}]}}