{"id":659,"date":"2026-02-05T16:12:30","date_gmt":"2026-02-05T16:12:30","guid":{"rendered":"https:\/\/dev-benefits2024.pantheonsite.io\/fr-ca\/?page_id=659"},"modified":"2026-02-19T13:45:00","modified_gmt":"2026-02-19T13:45:00","slug":"soins-de-sante","status":"publish","type":"page","link":"https:\/\/benefits.aecom.com\/fr-ca\/soins-de-sante\/","title":{"rendered":"Soins de sant\u00e9"},"content":{"rendered":"\n<ul class=\"wp-block-list benefits-list\">\n<li class=\"  \"><a href=\"https:\/\/benefits.aecom.com\/fr-ca\/all-benefits\/modules-de-soins-de-sante\/\" data-type=\"page\" data-id=\"549\">Modules de sant\u00e9<\/a><\/li>\n\n\n\n<li class=\"  \"><a href=\"https:\/\/benefits.aecom.com\/fr-ca\/all-benefits\/service-de-telesante-soins-virtuels-lumino-sante\/\" data-type=\"page\" data-id=\"602\">T\u00e9l\u00e9sant\u00e9 (Lumino Virtual Health)<\/a><\/li>\n\n\n\n<li class=\"  \"><a href=\"https:\/\/benefits.aecom.com\/us\/vision-benefits\/\" data-type=\"page\" data-id=\"1020\" target=\"_blank\" rel=\"noreferrer noopener\">Conseils m\u00e9dicaux d&#8217;experts<\/a><\/li>\n\n\n\n<li class=\"  \"><a href=\"https:\/\/benefits.aecom.com\/fr-ca\/all-benefits\/comptes-de-depenses\/\" data-type=\"page\" data-id=\"596\" target=\"_blank\" rel=\"noreferrer noopener\">Comptes de d\u00e9penses<\/a><\/li>\n\n\n\n<li class=\"  \"><a href=\"https:\/\/benefits.aecom.com\/fr-ca\/all-benefits\/lassurance-medicale-durgence-hors-province-ou-hors\/\" data-type=\"page\" data-id=\"570\" target=\"_blank\" rel=\"noreferrer noopener\">L\u2019assurance m\u00e9dicale d\u2019urgence hors province ou hors<\/a><\/li>\n<\/ul>\n\n\n\n<p><\/p>\n","protected":false},"excerpt":{"rendered":"","protected":false},"author":5,"featured_media":0,"parent":0,"menu_order":0,"comment_status":"closed","ping_status":"closed","template":"page-templates\/page-blank-container.php","meta":{"_acf_changed":false,"footnotes":""},"class_list":["post-659","page","type-page","status-publish","hentry"],"acf":[],"_links":{"self":[{"href":"https:\/\/benefits.aecom.com\/fr-ca\/wp-json\/wp\/v2\/pages\/659","targetHints":{"allow":["GET"]}}],"collection":[{"href":"https:\/\/benefits.aecom.com\/fr-ca\/wp-json\/wp\/v2\/pages"}],"about":[{"href":"https:\/\/benefits.aecom.com\/fr-ca\/wp-json\/wp\/v2\/types\/page"}],"author":[{"embeddable":true,"href":"https:\/\/benefits.aecom.com\/fr-ca\/wp-json\/wp\/v2\/users\/5"}],"replies":[{"embeddable":true,"href":"https:\/\/benefits.aecom.com\/fr-ca\/wp-json\/wp\/v2\/comments?post=659"}],"version-history":[{"count":4,"href":"https:\/\/benefits.aecom.com\/fr-ca\/wp-json\/wp\/v2\/pages\/659\/revisions"}],"predecessor-version":[{"id":1025,"href":"https:\/\/benefits.aecom.com\/fr-ca\/wp-json\/wp\/v2\/pages\/659\/revisions\/1025"}],"wp:attachment":[{"href":"https:\/\/benefits.aecom.com\/fr-ca\/wp-json\/wp\/v2\/media?parent=659"}],"curies":[{"name":"wp","href":"https:\/\/api.w.org\/{rel}","templated":true}]}}