{"id":666,"date":"2026-02-06T11:30:12","date_gmt":"2026-02-06T11:30:12","guid":{"rendered":"https:\/\/dev-benefits2024.pantheonsite.io\/fr-ca\/?page_id=666"},"modified":"2026-02-19T00:42:00","modified_gmt":"2026-02-19T00:42:00","slug":"retraite","status":"publish","type":"page","link":"https:\/\/benefits.aecom.com\/fr-ca\/changements-demploi-daffectation-1\/retraite\/","title":{"rendered":"Retraite"},"content":{"rendered":"\n<div class=\"wp-block-columns sticky-sidebar-container is-layout-flex wp-container-core-columns-is-layout-cbe57604 wp-block-columns-is-layout-flex\">\n<div class=\"wp-block-column is-layout-flow wp-block-column-is-layout-flow\" style=\"flex-basis:70%\">\n<ul class=\"wp-block-list checklist\">\n<li class=\"  \">Vos avantages sociaux prendront fin \u00e0 la date de votre d\u00e9part d\u2019AECOM.<\/li>\n\n\n\n<li class=\"  \">D\u00e8s que vous les aurez inform\u00e9s de votre date de cessation d\u2019emploi, le Centre d\u2019assurance collective d\u2019AECOM et la Sun&nbsp;Life vous enverront des renseignements sur vos options de couverture et de compte.<\/li>\n\n\n\n<li class=\"  \">Vous pourriez \u00eatre admissible \u00e0 des options d\u2019assurance sant\u00e9, voyage et vie pour retrait\u00e9s gr\u00e2ce au programme de solutions de retraite de Mercer. Ces options et la fa\u00e7on de les demander sont d\u00e9crites dans votre dossier d\u2019avantages sociaux de retraite.<\/li>\n\n\n\n<li class=\"  \">Vos cotisations (et celles d\u2019AECOM, le cas \u00e9ch\u00e9ant) au\u00a0<a href=\"https:\/\/benefits.aecom.com\/fr-ca\/all-benefits\/regime-de-retraite-et-depargne\/#R%C3%A9gime-de\" target=\"_blank\" rel=\"noreferrer noopener\">r\u00e9gime de retraite \u00e0 cotisation d\u00e9termin\u00e9e (RRCD)<\/a>, au\u00a0<a href=\"https:\/\/benefits.aecom.com\/fr-ca\/all-benefits\/regime-de-retraite-et-depargne\/#R%C3%A9gime-enregistr%C3%A9\" target=\"_blank\" rel=\"noreferrer noopener\">r\u00e9gime enregistr\u00e9 d\u2019\u00e9pargne-retraite (REER) collectif<\/a>\u00a0et au\u00a0<a href=\"https:\/\/benefits.aecom.com\/fr-ca\/all-benefits\/regime-de-retraite-et-depargne\/#Compte-d%E2%80%99%C3%A9pargne\" target=\"_blank\" rel=\"noreferrer noopener\">compte d\u2019\u00e9pargne libre d\u2019imp\u00f4t (CELI)<\/a>\u00a0prennent fin lorsque vous cessez de recevoir vos ch\u00e8ques de paie.<\/li>\n\n\n\n<li class=\"  \">Vos cotisations au\u00a0<a href=\"https:\/\/benefits.aecom.com\/fr-ca\/regime-dachat-dactions-des-employes-raae\/\" target=\"_blank\" rel=\"noreferrer noopener\">r\u00e9gime d\u2019achat d\u2019actions des employ\u00e9s (RAAE)<\/a>\u00a0prennent fin lorsque vous cessez de recevoir vos ch\u00e8ques de paie. Pour conna\u00eetre les options li\u00e9es \u00e0 votre compte, t\u00e9l\u00e9phonez \u00e0 la Bank of America Merrill Lynch, au 1-877-637-4226.<\/li>\n\n\n\n<li class=\"  \">Vous et les membres de votre famille qui habitent avec vous pouvez continuer d\u2019utiliser le\u00a0<a href=\"https:\/\/benefits.aecom.com\/fr-ca\/programme-daide-aux-employes\/\" target=\"_blank\" rel=\"noreferrer noopener\">programme d\u2019aide aux employ\u00e9s (PAE)\u00a0de GuidanceResources<\/a>\u00a0jusqu\u2019\u00e0 90\u00a0jours apr\u00e8s votre d\u00e9part d\u2019AECOM. Recherchez \u00ab\u00a0prendre sa retraite\u00a0\u00bb ou \u00ab\u00a0retraite\u00a0\u00bb pour obtenir des ressources qui vous aideront \u00e0 faire la transition vers la retraite.<\/li>\n\n\n\n<li class=\"  \">En cas de changement d\u2019adresse, de num\u00e9ro de t\u00e9l\u00e9phone ou de courriel, veuillez\u00a0<a href=\"https:\/\/benefits.aecom.com\/fr-ca\/changements-dans-votre-famille\/changement-de-nom-dadresse-de-numero-de-telephone-ou-de-courriel\/\" target=\"_blank\" rel=\"noreferrer noopener\">mettre \u00e0 jour vos renseignements personnels<\/a>\u00a0afin que vous puissiez continuer de recevoir des renseignements importants en ce qui concerne l\u2019assurance collective.<\/li>\n<\/ul>\n<\/div>\n\n\n\n<div class=\"wp-block-column sticky-sidebar is-layout-flow wp-block-column-is-layout-flow\" style=\"flex-basis:30%\">\n<section class=\"wp-block-cover quick-links\" style=\"padding-top:40px;padding-right:40px;padding-bottom:40px;padding-left:40px;min-height:50px;aspect-ratio:unset;\"><span aria-hidden=\"true\" class=\"wp-block-cover__background has-midnight-teal-background-color has-background-dim-100 has-background-dim\"><\/span><div class=\"wp-block-cover__inner-container is-layout-constrained wp-container-core-cover-is-layout-e158748c wp-block-cover-is-layout-constrained\">\n<h2 class=\"wp-block-heading\"><strong>Liens connexes<\/strong><\/h2>\n\n\n\n<ul class=\"wp-block-list\">\n<li class=\"  \"><a href=\"https:\/\/benefits.aecom.com\/wp-content\/uploads\/documents\/Canada-FR\/guide_de_l'assurance_collective.pdf\" target=\"_blank\" rel=\"noreferrer noopener\">Guide de l\u2019assurance collective (DCS)<\/a><\/li>\n<\/ul>\n<\/div><\/section>\n<\/div>\n<\/div>\n","protected":false},"excerpt":{"rendered":"","protected":false},"author":4,"featured_media":0,"parent":627,"menu_order":0,"comment_status":"closed","ping_status":"closed","template":"page-templates\/page-blank-container.php","meta":{"_acf_changed":false,"footnotes":""},"class_list":["post-666","page","type-page","status-publish","hentry"],"acf":[],"_links":{"self":[{"href":"https:\/\/benefits.aecom.com\/fr-ca\/wp-json\/wp\/v2\/pages\/666","targetHints":{"allow":["GET"]}}],"collection":[{"href":"https:\/\/benefits.aecom.com\/fr-ca\/wp-json\/wp\/v2\/pages"}],"about":[{"href":"https:\/\/benefits.aecom.com\/fr-ca\/wp-json\/wp\/v2\/types\/page"}],"author":[{"embeddable":true,"href":"https:\/\/benefits.aecom.com\/fr-ca\/wp-json\/wp\/v2\/users\/4"}],"replies":[{"embeddable":true,"href":"https:\/\/benefits.aecom.com\/fr-ca\/wp-json\/wp\/v2\/comments?post=666"}],"version-history":[{"count":4,"href":"https:\/\/benefits.aecom.com\/fr-ca\/wp-json\/wp\/v2\/pages\/666\/revisions"}],"predecessor-version":[{"id":1137,"href":"https:\/\/benefits.aecom.com\/fr-ca\/wp-json\/wp\/v2\/pages\/666\/revisions\/1137"}],"up":[{"embeddable":true,"href":"https:\/\/benefits.aecom.com\/fr-ca\/wp-json\/wp\/v2\/pages\/627"}],"wp:attachment":[{"href":"https:\/\/benefits.aecom.com\/fr-ca\/wp-json\/wp\/v2\/media?parent=666"}],"curies":[{"name":"wp","href":"https:\/\/api.w.org\/{rel}","templated":true}]}}