{"id":669,"date":"2026-02-06T11:38:00","date_gmt":"2026-02-06T11:38:00","guid":{"rendered":"https:\/\/dev-benefits2024.pantheonsite.io\/fr-ca\/?page_id=669"},"modified":"2026-02-19T01:01:46","modified_gmt":"2026-02-19T01:01:46","slug":"mariage-ou-debut-dune-union-de-fait","status":"publish","type":"page","link":"https:\/\/benefits.aecom.com\/fr-ca\/changements-dans-votre-famille\/mariage-ou-debut-dune-union-de-fait\/","title":{"rendered":"Mariage ou d\u00e9but d\u2019une union de fait"},"content":{"rendered":"\n<div class=\"wp-block-columns sticky-sidebar-container is-layout-flex wp-container-core-columns-is-layout-cbe57604 wp-block-columns-is-layout-flex\">\n<div class=\"wp-block-column is-layout-flow wp-block-column-is-layout-flow\" style=\"flex-basis:70%\">\n<ul class=\"wp-block-list checklist\">\n<li class=\"  \">Partagez ce site avec votre nouveau conjoint ou nouvelle conjointe, afin de lui permettre de d\u00e9couvrir les avantages sociaux d\u2019AECOM. Pour ce faire, il vous suffit de cliquer sur le lien \u00ab&nbsp;Partager&nbsp;\u00bb en haut de chaque page.<\/li>\n\n\n\n<li class=\"  \">Ajoutez votre conjoint(e) \u00e0 votre couverture dans les 31\u00a0jours suivant le d\u00e9but de votre mariage ou de votre union de fait au\u00a0<a href=\"https:\/\/aecom.seb-admin.com\/login?lang=fr-CA\" target=\"_blank\" rel=\"noreferrer noopener\">AECOMBenefitsOnline.com<\/a>. Personnes \u00e0 charge admissibles: Votre conjoint l\u00e9gal ou votre conjoint de fait de sexe oppos\u00e9 ou de m\u00eame sexe avec qui vous cohabitez depuis au moins un an.<\/li>\n\n\n\n<li class=\"  \">Vous pouvez \u00e9galement choisir ou augmenter certaines couvertures telles que l\u2019assurance vie et l\u2019assurance contre les maladies graves.<\/li>\n\n\n\n<li class=\"  \">Envisagez de cotiser davantage au\u00a0<a href=\"https:\/\/benefits.aecom.com\/fr-ca\/all-benefits\/regime-de-retraite-et-depargne\/#R%C3%A9gime-de\" target=\"_blank\" rel=\"noreferrer noopener\">r\u00e9gime de retraite \u00e0 cotisation d\u00e9termin\u00e9e (RRCD)<\/a>, au\u00a0<a href=\"https:\/\/benefits.aecom.com\/fr-ca\/all-benefits\/regime-de-retraite-et-depargne\/#R%C3%A9gime-enregistr%C3%A9\" target=\"_blank\" rel=\"noreferrer noopener\">r\u00e9gime enregistr\u00e9 d\u2019\u00e9pargne-retraite (REER) collectif<\/a>, au\u00a0<a href=\"https:\/\/benefits.aecom.com\/fr-ca\/all-benefits\/regime-de-retraite-et-depargne\/#Compte-d%E2%80%99%C3%A9pargne\" target=\"_blank\" rel=\"noreferrer noopener\">compte d\u2019\u00e9pargne libre d\u2019imp\u00f4t (CELI)<\/a>\u00a0et au\u00a0<a href=\"https:\/\/benefits.aecom.com\/fr-ca\/regime-dachat-dactions-des-employes-raae\/\" target=\"_blank\" rel=\"noreferrer noopener\">r\u00e9gime d\u2019achat d\u2019actions des employ\u00e9s (RAAE)<\/a>.<\/li>\n\n\n\n<li class=\"  \">En cas de changement \u00e0 votre nom, adresse ou num\u00e9ro de t\u00e9l\u00e9phone, veuillez\u00a0<a href=\"https:\/\/benefits.aecom.com\/fr-ca\/changements-dans-votre-famille\/changement-de-nom-dadresse-de-numero-de-telephone-ou-de-courriel\/\" target=\"_blank\" rel=\"noreferrer noopener\">mettre \u00e0 jour vos renseignements personnels<\/a>.<\/li>\n\n\n\n<li class=\"  \">Obtenez des&nbsp;<a href=\"https:\/\/www.sunlife.ca\/ca\/Tools+and+Resources\/Life+moments\/Starting+a+family?vgnLocale=fr_CA\">conseils financiers<\/a>&nbsp;utiles pour fonder votre famille.<\/li>\n\n\n\n<li class=\"  \">Modifiez les\u00a0renseignements sur vos b\u00e9n\u00e9ficiaires.<\/li>\n\n\n\n<li class=\"  \">Si vous avez des questions, communiquez avec le Centre d\u2019assurance collective d\u2019AECOM, au 1-833-<\/li>\n<\/ul>\n<\/div>\n\n\n\n<div class=\"wp-block-column sticky-sidebar is-layout-flow wp-block-column-is-layout-flow\" style=\"flex-basis:30%\">\n<section class=\"wp-block-cover quick-links\" style=\"padding-top:40px;padding-right:40px;padding-bottom:40px;padding-left:40px;min-height:50px;aspect-ratio:unset;\"><span aria-hidden=\"true\" class=\"wp-block-cover__background has-midnight-teal-background-color has-background-dim-100 has-background-dim\"><\/span><div class=\"wp-block-cover__inner-container is-layout-constrained wp-container-core-cover-is-layout-e158748c wp-block-cover-is-layout-constrained\">\n<h2 class=\"wp-block-heading\"><strong>Liens connexes<\/strong><\/h2>\n\n\n\n<ul class=\"wp-block-list\">\n<li class=\"  \"><a href=\"https:\/\/benefits.aecom.com\/wp-content\/uploads\/documents\/Canada-FR\/guide_de_l'assurance_collective.pdf\" target=\"_blank\" rel=\"noreferrer noopener\">Guide de l\u2019assurance collective pour les groupes DCS<\/a><\/li>\n<\/ul>\n<\/div><\/section>\n<\/div>\n<\/div>\n","protected":false},"excerpt":{"rendered":"","protected":false},"author":4,"featured_media":0,"parent":629,"menu_order":0,"comment_status":"closed","ping_status":"closed","template":"page-templates\/page-blank-container.php","meta":{"_acf_changed":false,"footnotes":""},"class_list":["post-669","page","type-page","status-publish","hentry"],"acf":[],"_links":{"self":[{"href":"https:\/\/benefits.aecom.com\/fr-ca\/wp-json\/wp\/v2\/pages\/669","targetHints":{"allow":["GET"]}}],"collection":[{"href":"https:\/\/benefits.aecom.com\/fr-ca\/wp-json\/wp\/v2\/pages"}],"about":[{"href":"https:\/\/benefits.aecom.com\/fr-ca\/wp-json\/wp\/v2\/types\/page"}],"author":[{"embeddable":true,"href":"https:\/\/benefits.aecom.com\/fr-ca\/wp-json\/wp\/v2\/users\/4"}],"replies":[{"embeddable":true,"href":"https:\/\/benefits.aecom.com\/fr-ca\/wp-json\/wp\/v2\/comments?post=669"}],"version-history":[{"count":3,"href":"https:\/\/benefits.aecom.com\/fr-ca\/wp-json\/wp\/v2\/pages\/669\/revisions"}],"predecessor-version":[{"id":1135,"href":"https:\/\/benefits.aecom.com\/fr-ca\/wp-json\/wp\/v2\/pages\/669\/revisions\/1135"}],"up":[{"embeddable":true,"href":"https:\/\/benefits.aecom.com\/fr-ca\/wp-json\/wp\/v2\/pages\/629"}],"wp:attachment":[{"href":"https:\/\/benefits.aecom.com\/fr-ca\/wp-json\/wp\/v2\/media?parent=669"}],"curies":[{"name":"wp","href":"https:\/\/api.w.org\/{rel}","templated":true}]}}