{"id":672,"date":"2026-02-06T11:43:16","date_gmt":"2026-02-06T11:43:16","guid":{"rendered":"https:\/\/dev-benefits2024.pantheonsite.io\/fr-ca\/?page_id=672"},"modified":"2026-02-19T00:36:59","modified_gmt":"2026-02-19T00:36:59","slug":"arrivee-dun-enfant","status":"publish","type":"page","link":"https:\/\/benefits.aecom.com\/fr-ca\/changements-dans-votre-famille\/arrivee-dun-enfant\/","title":{"rendered":"Arriv\u00e9e d\u2019un enfant"},"content":{"rendered":"\n<div class=\"wp-block-columns sticky-sidebar-container is-layout-flex wp-container-core-columns-is-layout-cbe57604 wp-block-columns-is-layout-flex\">\n<div class=\"wp-block-column is-layout-flow wp-block-column-is-layout-flow\" style=\"flex-basis:70%\">\n<ul class=\"wp-block-list checklist\">\n<li class=\"  \">Ajoutez votre enfant \u00e0 votre couverture dans les 31&nbsp;jours suivant la date de naissance ou d\u2019adoption au&nbsp;<a href=\"https:\/\/aecom.seb-admin.com\/login?lang=fr-CA\" target=\"_blank\" rel=\"noreferrer noopener\">AECOMBenefitsOnline.com<\/a>. Vous pouvez \u00e9galement envisager de choisir ou d\u2019augmenter certaines couvertures telles que l\u2019assurance vie et l\u2019assurance contre les maladies graves.<\/li>\n\n\n\n<li class=\"  \">Contactez les sp\u00e9cialistes de FamilySource par l\u2019entremise du&nbsp;<a href=\"https:\/\/benefits.aecom.com\/fr-ca\/programme-daide-aux-employes\/\" target=\"_blank\" rel=\"noreferrer noopener\">programme d\u2019aide aux employ\u00e9s (PAE) de GuidanceResources<\/a><strong>&nbsp;<\/strong>au 1-800-497-9096 pour obtenir des renseignements sur les cours pour parents, les si\u00e8ges d\u2019auto les plus recommand\u00e9s, les options de rabais pour naissance multiple, etc.<\/li>\n\n\n\n<li class=\"  \">Visitez le&nbsp;<a href=\"https:\/\/www.guidanceresources.com\/groWeb\/login\/login.xhtml\">site Web du PAE<\/a>&nbsp;pour obtenir des conseils et des astuces sur l\u2019art d\u2019\u00eatre un parent. Si vous n\u2019avez pas encore configur\u00e9 votre compte, inscrivez-vous \u00e0 l\u2019aide de l\u2019identifiant Web de l\u2019organisation&nbsp;: AECOM. S\u00e9lectionnez le drapeau du Canada pour acc\u00e9der aux ressources qui s\u2019appliquent \u00e0 vous.<\/li>\n\n\n\n<li class=\"  \">Obtenez des&nbsp;<a href=\"https:\/\/www.sunlife.ca\/ca\/Tools+and+Resources\/Life+moments\/Starting+a+family?vgnLocale=fr_CA\">conseils financiers<\/a>&nbsp;utiles pour les familles.<\/li>\n\n\n\n<li class=\"  \">Commencez \u00e0 \u00e9pargner pour l\u2019\u00e9ducation postsecondaire de votre enfant. Prenez connaissance du&nbsp;<a href=\"https:\/\/www.savvynewcanadians.com\/resp-101-understanding-the-resp\/\">r\u00e9gime enregistr\u00e9 d\u2019\u00e9pargne-\u00e9tudes (REEE)<\/a>&nbsp;(En anglais seulement) et d\u00e9couvrez quel montant vous pourriez devoir \u00e9pargner \u00e0 l\u2019aide du&nbsp;<a href=\"https:\/\/www.sunlife.ca\/ca\/Tools+and+Resources\/Tools+and+Calculators\/RESP+calculator?vgnLocale=fr_CA\">Calculateur REEE de la Sun&nbsp;Life<\/a>.<\/li>\n\n\n\n<li class=\"  \">Envisagez de cotiser davantage au&nbsp;<a href=\"https:\/\/benefits.aecom.com\/fr-ca\/all-benefits\/regime-de-retraite-et-depargne\/#R%C3%A9gime-de\" target=\"_blank\" rel=\"noreferrer noopener\">r\u00e9gime de retraite \u00e0 cotisation d\u00e9termin\u00e9e (RRCD)<\/a>, au&nbsp;<a href=\"https:\/\/benefits.aecom.com\/fr-ca\/all-benefits\/regime-de-retraite-et-depargne\/#R%C3%A9gime-enregistr%C3%A9\" target=\"_blank\" rel=\"noreferrer noopener\">r\u00e9gime enregistr\u00e9 d\u2019\u00e9pargne-retraite (REER) collectif<\/a>, au&nbsp;<a href=\"https:\/\/benefits.aecom.com\/fr-ca\/all-benefits\/regime-de-retraite-et-depargne\/#Compte-d%E2%80%99%C3%A9pargne\" target=\"_blank\" rel=\"noreferrer noopener\">compte d\u2019\u00e9pargne libre d\u2019imp\u00f4t (CELI)<\/a>&nbsp;et au&nbsp;<a href=\"https:\/\/benefits.aecom.com\/fr-ca\/regime-dachat-dactions-des-employes-raae\/\" target=\"_blank\" rel=\"noreferrer noopener\">r\u00e9gime d\u2019achat d\u2019actions des employ\u00e9s (RAAE)<\/a>.<\/li>\n\n\n\n<li class=\"  \">Modifiez les&nbsp;renseignements sur vos b\u00e9n\u00e9ficiaires.<\/li>\n\n\n\n<li class=\"  \">Si vous avez des questions, communiquez avec le Centre d\u2019assurance collective d\u2019AECOM, au 1-833-411-5520.<\/li>\n<\/ul>\n<\/div>\n\n\n\n<div class=\"wp-block-column sticky-sidebar is-layout-flow wp-block-column-is-layout-flow\" style=\"flex-basis:30%\">\n<section class=\"wp-block-cover quick-links\" style=\"padding-top:40px;padding-right:40px;padding-bottom:40px;padding-left:40px;min-height:50px;aspect-ratio:unset;\"><span aria-hidden=\"true\" class=\"wp-block-cover__background has-midnight-teal-background-color has-background-dim-100 has-background-dim\"><\/span><div class=\"wp-block-cover__inner-container is-layout-constrained wp-container-core-cover-is-layout-e158748c wp-block-cover-is-layout-constrained\">\n<h2 class=\"wp-block-heading\"><strong>Liens connexes<\/strong><\/h2>\n\n\n\n<ul class=\"wp-block-list\">\n<li class=\"  \"><a href=\"https:\/\/benefits.aecom.com\/wp-content\/uploads\/documents\/Canada-FR\/guide_de_l'assurance_collective.pdf\" target=\"_blank\" rel=\"noreferrer noopener\">Guide de l\u2019assurance collective pour les groupes DCS<\/a><\/li>\n<\/ul>\n<\/div><\/section>\n\n\n\n<div class=\"wp-block-cover is-light resources-sidebar\" style=\"padding-top:40px;padding-right:40px;padding-bottom:40px;padding-left:40px;min-height:50px;aspect-ratio:unset;\"><span aria-hidden=\"true\" class=\"wp-block-cover__background has-background-dim-100 has-background-dim\" style=\"background-color:#e3e3e3\"><\/span><div class=\"wp-block-cover__inner-container is-layout-constrained wp-container-core-cover-is-layout-3dcc9c70 wp-block-cover-is-layout-constrained\">\n<h6 class=\"wp-block-heading\">Si vous avez un conjoint:<\/h6>\n\n\n\n<p>Envoyez-leur un lien vers ce site Web, afin qu\u2019ils puissent \u00e9galement en apprendre davantage sur les avantages d\u2019AECOM qui leur sont offerts. Il suffit de cliquer sur le lien Partager en haut de chaque page.<\/p>\n<\/div><\/div>\n<\/div>\n<\/div>\n","protected":false},"excerpt":{"rendered":"","protected":false},"author":4,"featured_media":0,"parent":629,"menu_order":0,"comment_status":"closed","ping_status":"closed","template":"page-templates\/page-blank-container.php","meta":{"_acf_changed":false,"footnotes":""},"class_list":["post-672","page","type-page","status-publish","hentry"],"acf":[],"_links":{"self":[{"href":"https:\/\/benefits.aecom.com\/fr-ca\/wp-json\/wp\/v2\/pages\/672","targetHints":{"allow":["GET"]}}],"collection":[{"href":"https:\/\/benefits.aecom.com\/fr-ca\/wp-json\/wp\/v2\/pages"}],"about":[{"href":"https:\/\/benefits.aecom.com\/fr-ca\/wp-json\/wp\/v2\/types\/page"}],"author":[{"embeddable":true,"href":"https:\/\/benefits.aecom.com\/fr-ca\/wp-json\/wp\/v2\/users\/4"}],"replies":[{"embeddable":true,"href":"https:\/\/benefits.aecom.com\/fr-ca\/wp-json\/wp\/v2\/comments?post=672"}],"version-history":[{"count":4,"href":"https:\/\/benefits.aecom.com\/fr-ca\/wp-json\/wp\/v2\/pages\/672\/revisions"}],"predecessor-version":[{"id":1133,"href":"https:\/\/benefits.aecom.com\/fr-ca\/wp-json\/wp\/v2\/pages\/672\/revisions\/1133"}],"up":[{"embeddable":true,"href":"https:\/\/benefits.aecom.com\/fr-ca\/wp-json\/wp\/v2\/pages\/629"}],"wp:attachment":[{"href":"https:\/\/benefits.aecom.com\/fr-ca\/wp-json\/wp\/v2\/media?parent=672"}],"curies":[{"name":"wp","href":"https:\/\/api.w.org\/{rel}","templated":true}]}}