{"id":676,"date":"2026-02-06T13:05:59","date_gmt":"2026-02-06T13:05:59","guid":{"rendered":"https:\/\/dev-benefits2024.pantheonsite.io\/fr-ca\/?page_id=676"},"modified":"2026-02-18T23:53:32","modified_gmt":"2026-02-18T23:53:32","slug":"enfant-atteignant-bientot-lage-de-21-ans-ou-25-26-ans","status":"publish","type":"page","link":"https:\/\/benefits.aecom.com\/fr-ca\/changements-dans-votre-famille\/enfant-atteignant-bientot-lage-de-21-ans-ou-25-26-ans\/","title":{"rendered":"Enfant atteignant bient\u00f4t l\u2019\u00e2ge de 21\u00a0ans (ou 25\/26\u00a0ans)"},"content":{"rendered":"\n<div class=\"wp-block-columns sticky-sidebar-container is-layout-flex wp-container-core-columns-is-layout-cbe57604 wp-block-columns-is-layout-flex\">\n<div class=\"wp-block-column is-layout-flow wp-block-column-is-layout-flow\" style=\"flex-basis:70%\">\n<ul class=\"wp-block-list checklist\">\n<li class=\"  \">La couverture de votre enfant prend fin le dernier jour du mois suivant son 21<sup>e<\/sup>&nbsp;anniversaire. Si votre enfant \u00e0 charge fr\u00e9quente un coll\u00e8ge ou une universit\u00e9 \u00e0 temps plein, la couverture prend fin le dernier jour du mois suivant son 25<sup>e<\/sup>&nbsp;anniversaire (26<sup>e<\/sup>&nbsp;pour les r\u00e9sidents du Qu\u00e9bec).<\/li>\n\n\n\n<li class=\"  \">Pour obtenir des renseignements sur le maintien de la couverture pour les enfants invalides ou handicap\u00e9s de plus de 21&nbsp;ans, veuillez communiquer avec le Centre d\u2019assurance collective d\u2019AECOM au 1-833-411-5520.<\/li>\n\n\n\n<li class=\"  \">Si vous avez des questions, communiquez avec le Centre d\u2019assurance collective d\u2019AECOM, au 1-833-411-5520.<\/li>\n<\/ul>\n<\/div>\n\n\n\n<div class=\"wp-block-column sticky-sidebar is-layout-flow wp-block-column-is-layout-flow\" style=\"flex-basis:30%\">\n<section class=\"wp-block-cover quick-links\" style=\"padding-top:40px;padding-right:40px;padding-bottom:40px;padding-left:40px;min-height:50px;aspect-ratio:unset;\"><span aria-hidden=\"true\" class=\"wp-block-cover__background has-midnight-teal-background-color has-background-dim-100 has-background-dim\"><\/span><div class=\"wp-block-cover__inner-container is-layout-constrained wp-container-core-cover-is-layout-e158748c wp-block-cover-is-layout-constrained\">\n<h2 class=\"wp-block-heading\"><strong>Liens connexes<\/strong><\/h2>\n\n\n\n<ul class=\"wp-block-list\">\n<li class=\"  \"><a href=\"https:\/\/benefits.aecom.com\/wp-content\/uploads\/documents\/Canada-FR\/guide_de_l'assurance_collective.pdf\" target=\"_blank\" rel=\"noreferrer noopener\">Guide de l\u2019assurance collective pour les groupes DCS<\/a><\/li>\n<\/ul>\n<\/div><\/section>\n<\/div>\n<\/div>\n\n\n\n<p><\/p>\n","protected":false},"excerpt":{"rendered":"","protected":false},"author":4,"featured_media":0,"parent":629,"menu_order":0,"comment_status":"closed","ping_status":"closed","template":"page-templates\/page-blank-container.php","meta":{"_acf_changed":false,"footnotes":""},"class_list":["post-676","page","type-page","status-publish","hentry"],"acf":[],"_links":{"self":[{"href":"https:\/\/benefits.aecom.com\/fr-ca\/wp-json\/wp\/v2\/pages\/676","targetHints":{"allow":["GET"]}}],"collection":[{"href":"https:\/\/benefits.aecom.com\/fr-ca\/wp-json\/wp\/v2\/pages"}],"about":[{"href":"https:\/\/benefits.aecom.com\/fr-ca\/wp-json\/wp\/v2\/types\/page"}],"author":[{"embeddable":true,"href":"https:\/\/benefits.aecom.com\/fr-ca\/wp-json\/wp\/v2\/users\/4"}],"replies":[{"embeddable":true,"href":"https:\/\/benefits.aecom.com\/fr-ca\/wp-json\/wp\/v2\/comments?post=676"}],"version-history":[{"count":3,"href":"https:\/\/benefits.aecom.com\/fr-ca\/wp-json\/wp\/v2\/pages\/676\/revisions"}],"predecessor-version":[{"id":1114,"href":"https:\/\/benefits.aecom.com\/fr-ca\/wp-json\/wp\/v2\/pages\/676\/revisions\/1114"}],"up":[{"embeddable":true,"href":"https:\/\/benefits.aecom.com\/fr-ca\/wp-json\/wp\/v2\/pages\/629"}],"wp:attachment":[{"href":"https:\/\/benefits.aecom.com\/fr-ca\/wp-json\/wp\/v2\/media?parent=676"}],"curies":[{"name":"wp","href":"https:\/\/api.w.org\/{rel}","templated":true}]}}