{"id":678,"date":"2026-02-06T13:11:58","date_gmt":"2026-02-06T13:11:58","guid":{"rendered":"https:\/\/dev-benefits2024.pantheonsite.io\/fr-ca\/?page_id=678"},"modified":"2026-02-19T00:32:01","modified_gmt":"2026-02-19T00:32:01","slug":"divorce","status":"publish","type":"page","link":"https:\/\/benefits.aecom.com\/fr-ca\/changements-dans-votre-famille\/divorce\/","title":{"rendered":"Divorce"},"content":{"rendered":"\n<div class=\"wp-block-columns sticky-sidebar-container is-layout-flex wp-container-core-columns-is-layout-cbe57604 wp-block-columns-is-layout-flex\">\n<div class=\"wp-block-column is-layout-flow wp-block-column-is-layout-flow\" style=\"flex-basis:70%\">\n<ul class=\"wp-block-list checklist\">\n<li class=\"  \">Retirez votre ex-conjoint(e) de votre assurance collective (et apportez tout autre changement \u00e0 votre assurance collective) au&nbsp;<a href=\"https:\/\/aecom.seb-admin.com\/login?lang=fr-CA\">aecombenefitsonline.com<\/a>&nbsp;dans les 31&nbsp;jours suivant la date de votre divorce ou la date de fin de votre union de fait.<\/li>\n\n\n\n<li class=\"  \">En cas de changement \u00e0 votre nom, adresse, num\u00e9ro de t\u00e9l\u00e9phone ou courriel, veuillez&nbsp;<a href=\"https:\/\/benefits.aecom.com\/fr-ca\/changements-dans-votre-famille\/changement-de-nom-dadresse-de-numero-de-telephone-ou-de-courriel\/\" target=\"_blank\" rel=\"noreferrer noopener\">mettre \u00e0 jour vos renseignements personnels<\/a>.<\/li>\n\n\n\n<li class=\"  \">Si vous avez besoin d\u2019un service de consultation pour vous aider \u00e0 faire face \u00e0 la fin de votre relation, veuillez communiquer avec le&nbsp;<a href=\"https:\/\/benefits.aecom.com\/fr-ca\/programme-daide-aux-employes\/\" target=\"_blank\" rel=\"noreferrer noopener\">programme d\u2019aide aux employ\u00e9s (PAE) de GuidanceResources<\/a>.<\/li>\n\n\n\n<li class=\"  \">Modifiez les&nbsp;renseignements sur vos b\u00e9n\u00e9ficiaires.<\/li>\n\n\n\n<li class=\"  \">Si vous avez des questions, communiquez avec le Centre d\u2019assurance collective d\u2019AECOM, au 1-833-411-5520.<\/li>\n\n\n\n<li class=\"  \">Connectez un \u00e0 un avec un\u00a0Alli\u00e9 de sant\u00e9 mentale\u00a0mondial si vous avez besoin de soutien \u00e9motionnel.<\/li>\n\n\n\n<li class=\"  \">Acc\u00e9dez gratuitement \u00e0 un soutien en\u00a0sant\u00e9 mentale\u00a0\u00e0 la demande par l\u2019interm\u00e9diaire de Koa Health.<\/li>\n<\/ul>\n<\/div>\n\n\n\n<div class=\"wp-block-column sticky-sidebar is-layout-flow wp-block-column-is-layout-flow\" style=\"flex-basis:30%\">\n<section class=\"wp-block-cover quick-links\" style=\"padding-top:40px;padding-right:40px;padding-bottom:40px;padding-left:40px;min-height:50px;aspect-ratio:unset;\"><span aria-hidden=\"true\" class=\"wp-block-cover__background has-midnight-teal-background-color has-background-dim-100 has-background-dim\"><\/span><div class=\"wp-block-cover__inner-container is-layout-constrained wp-container-core-cover-is-layout-e158748c wp-block-cover-is-layout-constrained\">\n<h2 class=\"wp-block-heading\"><strong>Liens connexes<\/strong><\/h2>\n\n\n\n<ul class=\"wp-block-list\">\n<li class=\"  \"><a href=\"https:\/\/benefits.aecom.com\/wp-content\/uploads\/documents\/Canada-FR\/guide_de_l'assurance_collective.pdf\" target=\"_blank\" rel=\"noreferrer noopener\">Guide de l\u2019assurance collective pour les groupes DCS<\/a><\/li>\n<\/ul>\n<\/div><\/section>\n<\/div>\n<\/div>\n","protected":false},"excerpt":{"rendered":"","protected":false},"author":4,"featured_media":0,"parent":629,"menu_order":0,"comment_status":"closed","ping_status":"closed","template":"page-templates\/page-blank-container.php","meta":{"_acf_changed":false,"footnotes":""},"class_list":["post-678","page","type-page","status-publish","hentry"],"acf":[],"_links":{"self":[{"href":"https:\/\/benefits.aecom.com\/fr-ca\/wp-json\/wp\/v2\/pages\/678","targetHints":{"allow":["GET"]}}],"collection":[{"href":"https:\/\/benefits.aecom.com\/fr-ca\/wp-json\/wp\/v2\/pages"}],"about":[{"href":"https:\/\/benefits.aecom.com\/fr-ca\/wp-json\/wp\/v2\/types\/page"}],"author":[{"embeddable":true,"href":"https:\/\/benefits.aecom.com\/fr-ca\/wp-json\/wp\/v2\/users\/4"}],"replies":[{"embeddable":true,"href":"https:\/\/benefits.aecom.com\/fr-ca\/wp-json\/wp\/v2\/comments?post=678"}],"version-history":[{"count":7,"href":"https:\/\/benefits.aecom.com\/fr-ca\/wp-json\/wp\/v2\/pages\/678\/revisions"}],"predecessor-version":[{"id":1128,"href":"https:\/\/benefits.aecom.com\/fr-ca\/wp-json\/wp\/v2\/pages\/678\/revisions\/1128"}],"up":[{"embeddable":true,"href":"https:\/\/benefits.aecom.com\/fr-ca\/wp-json\/wp\/v2\/pages\/629"}],"wp:attachment":[{"href":"https:\/\/benefits.aecom.com\/fr-ca\/wp-json\/wp\/v2\/media?parent=678"}],"curies":[{"name":"wp","href":"https:\/\/api.w.org\/{rel}","templated":true}]}}