{"id":680,"date":"2026-02-06T13:22:20","date_gmt":"2026-02-06T13:22:20","guid":{"rendered":"https:\/\/dev-benefits2024.pantheonsite.io\/fr-ca\/?page_id=680"},"modified":"2026-02-19T00:29:56","modified_gmt":"2026-02-19T00:29:56","slug":"changement-de-province-de-residence","status":"publish","type":"page","link":"https:\/\/benefits.aecom.com\/fr-ca\/changements-dans-votre-famille\/changement-de-province-de-residence\/","title":{"rendered":"Changement de province de r\u00e9sidence"},"content":{"rendered":"\n<div class=\"wp-block-columns sticky-sidebar-container is-layout-flex wp-container-core-columns-is-layout-cbe57604 wp-block-columns-is-layout-flex\">\n<div class=\"wp-block-column is-layout-flow wp-block-column-is-layout-flow\" style=\"flex-basis:70%\">\n<p><\/p>\n\n\n\n<ul class=\"wp-block-list checklist\">\n<li class=\"  \"><a href=\"https:\/\/benefits.aecom.com\/fr-ca\/changements-dans-votre-famille\/changement-de-nom-dadresse-de-numero-de-telephone-ou-de-courriel\/\" target=\"_blank\" rel=\"noreferrer noopener\">Modifiez votre adresse<\/a>&nbsp;et tout autre renseignement personnel susceptible d\u2019avoir chang\u00e9.<\/li>\n\n\n\n<li class=\"  \">Acc\u00e9dez au&nbsp;<a href=\"https:\/\/benefits.aecom.com\/fr-ca\/programme-daide-aux-employes\/\" target=\"_blank\" rel=\"noreferrer noopener\">programme d\u2019aide aux employ\u00e9s (PAE) de GuidanceResources<\/a>&nbsp;pour obtenir des ressources et des services pouvant vous aider \u00e0 vous pr\u00e9parer et \u00e0 vous adapter \u00e0 un d\u00e9m\u00e9nagement.<\/li>\n\n\n\n<li class=\"  \">Si vous avez des questions, veuillez communiquer avec le Centre d\u2019assurance collective d\u2019AECOM, au 1-833-411-5520.<\/li>\n<\/ul>\n<\/div>\n\n\n\n<div class=\"wp-block-column sticky-sidebar is-layout-flow wp-block-column-is-layout-flow\" style=\"flex-basis:30%\">\n<section class=\"wp-block-cover quick-links\" style=\"padding-top:40px;padding-right:40px;padding-bottom:40px;padding-left:40px;min-height:50px;aspect-ratio:unset;\"><span aria-hidden=\"true\" class=\"wp-block-cover__background has-midnight-teal-background-color has-background-dim-100 has-background-dim\"><\/span><div class=\"wp-block-cover__inner-container is-layout-constrained wp-container-core-cover-is-layout-e158748c wp-block-cover-is-layout-constrained\">\n<h2 class=\"wp-block-heading\"><strong>Liens connexes<\/strong><\/h2>\n\n\n\n<ul class=\"wp-block-list\">\n<li class=\"  \"><a href=\"https:\/\/benefits.aecom.com\/wp-content\/uploads\/documents\/Canada-FR\/guide_de_l'assurance_collective.pdf\" target=\"_blank\" rel=\"noreferrer noopener\">Guide de l\u2019assurance collective pour les groupes DCS<\/a><\/li>\n<\/ul>\n<\/div><\/section>\n<\/div>\n<\/div>\n\n\n\n<p><\/p>\n","protected":false},"excerpt":{"rendered":"","protected":false},"author":4,"featured_media":0,"parent":629,"menu_order":0,"comment_status":"closed","ping_status":"closed","template":"page-templates\/page-blank-container.php","meta":{"_acf_changed":false,"footnotes":""},"class_list":["post-680","page","type-page","status-publish","hentry"],"acf":[],"_links":{"self":[{"href":"https:\/\/benefits.aecom.com\/fr-ca\/wp-json\/wp\/v2\/pages\/680","targetHints":{"allow":["GET"]}}],"collection":[{"href":"https:\/\/benefits.aecom.com\/fr-ca\/wp-json\/wp\/v2\/pages"}],"about":[{"href":"https:\/\/benefits.aecom.com\/fr-ca\/wp-json\/wp\/v2\/types\/page"}],"author":[{"embeddable":true,"href":"https:\/\/benefits.aecom.com\/fr-ca\/wp-json\/wp\/v2\/users\/4"}],"replies":[{"embeddable":true,"href":"https:\/\/benefits.aecom.com\/fr-ca\/wp-json\/wp\/v2\/comments?post=680"}],"version-history":[{"count":7,"href":"https:\/\/benefits.aecom.com\/fr-ca\/wp-json\/wp\/v2\/pages\/680\/revisions"}],"predecessor-version":[{"id":1113,"href":"https:\/\/benefits.aecom.com\/fr-ca\/wp-json\/wp\/v2\/pages\/680\/revisions\/1113"}],"up":[{"embeddable":true,"href":"https:\/\/benefits.aecom.com\/fr-ca\/wp-json\/wp\/v2\/pages\/629"}],"wp:attachment":[{"href":"https:\/\/benefits.aecom.com\/fr-ca\/wp-json\/wp\/v2\/media?parent=680"}],"curies":[{"name":"wp","href":"https:\/\/api.w.org\/{rel}","templated":true}]}}