{"id":683,"date":"2026-02-06T13:28:33","date_gmt":"2026-02-06T13:28:33","guid":{"rendered":"https:\/\/dev-benefits2024.pantheonsite.io\/fr-ca\/?page_id=683"},"modified":"2026-02-19T00:20:01","modified_gmt":"2026-02-19T00:20:01","slug":"en-cas-de-deces-de-lun-de-vos-proches-aecom-est-la-pour-vous-aider","status":"publish","type":"page","link":"https:\/\/benefits.aecom.com\/fr-ca\/changements-dans-votre-famille\/en-cas-de-deces-de-lun-de-vos-proches-aecom-est-la-pour-vous-aider\/","title":{"rendered":"En cas de d\u00e9c\u00e8s de l\u2019un de vos proches, AECOM est l\u00e0 pour vous aider"},"content":{"rendered":"\n<div class=\"wp-block-columns sticky-sidebar-container is-layout-flex wp-container-core-columns-is-layout-cbe57604 wp-block-columns-is-layout-flex\">\n<div class=\"wp-block-column is-layout-flow wp-block-column-is-layout-flow\" style=\"flex-basis:70%\">\n<ul class=\"wp-block-list checklist\">\n<li class=\"  \">Si vous avez besoin d\u2019une aide pour personne en deuil, veuillez consulter le\u00a0<a href=\"https:\/\/benefits.aecom.com\/fr-ca\/programme-daide-aux-employes\/\" target=\"_blank\" rel=\"noreferrer noopener\">programme d\u2019aide aux employ\u00e9s (PAE) de GuidanceResources<\/a>.<\/li>\n\n\n\n<li class=\"  \"><a href=\"https:\/\/luminosante.sunlife.ca\/s\/article\/soins-de-sante-mentale-au-canada?language=fr&amp;WT.mc_id=fr-ca%3Aweb%3Athird_party%3Apartner%3Amh101series%3Anavigatingmh\" target=\"_blank\" rel=\"noreferrer noopener\">D\u00e9couvrez comment recevoir des soins en sant\u00e9 mentale au Canada<\/a>.<\/li>\n\n\n\n<li class=\"  \">Si cette personne avait souscrit une&nbsp;<a href=\"https:\/\/benefits.aecom.com\/fr-ca\/assurance-vie\/\" target=\"_blank\" rel=\"noreferrer noopener\">assurance vie<\/a>&nbsp;aupr\u00e8s d\u2019AECOM, veuillez communiquer avec le Centre d\u2019assurance collective d\u2019AECOM au 1-833-411-5520 pour remplir une demande de r\u00e8glement.<\/li>\n\n\n\n<li class=\"  \">S\u2019il s\u2019agit d\u2019un d\u00e9c\u00e8s \u00e0 la suite d\u2019un accident, veuillez communiquer avec votre \u00e9quipe des avantages sociaux pour pr\u00e9senter une demande de r\u00e8glement d\u2019<a href=\"https:\/\/benefits.aecom.com\/fr-ca\/all-benefits\/accidental-death-and-dismemberment-add-insurance\/\" target=\"_blank\" rel=\"noreferrer noopener\">assurance en cas de d\u00e9c\u00e8s ou de mutilation par accident (D&nbsp;et&nbsp;MA)<\/a>.<\/li>\n\n\n\n<li class=\"  \">Soins pour votre&nbsp;<a href=\"https:\/\/benefits.aecom.com\/fr-ca\/programme-daide-aux-employes\/\" target=\"_blank\" rel=\"noreferrer noopener\">sant\u00e9 mentale<\/a>&nbsp;en utilisant gratuitement sur demande un soutien en sant\u00e9 mentale par l\u2019interm\u00e9diaire de Koa Health.<\/li>\n\n\n\n<li class=\"  \">Si vous avez des questions, communiquez avec le Centre d\u2019assurance collective d\u2019AECOM, au 1-833-411-5520.<\/li>\n<\/ul>\n<\/div>\n\n\n\n<div class=\"wp-block-column sticky-sidebar is-layout-flow wp-block-column-is-layout-flow\" style=\"flex-basis:30%\">\n<section class=\"wp-block-cover quick-links\" style=\"padding-top:40px;padding-right:40px;padding-bottom:40px;padding-left:40px;min-height:50px;aspect-ratio:unset;\"><span aria-hidden=\"true\" class=\"wp-block-cover__background has-midnight-teal-background-color has-background-dim-100 has-background-dim\"><\/span><div class=\"wp-block-cover__inner-container is-layout-constrained wp-container-core-cover-is-layout-e158748c wp-block-cover-is-layout-constrained\">\n<h3 class=\"wp-block-heading has-text-align-left\" style=\"font-size:24px\"><strong>Liens connexes<\/strong><\/h3>\n\n\n\n<ul class=\"wp-block-list\">\n<li class=\"  \"><a href=\"https:\/\/benefits.aecom.com\/fr-ca\/programme-daide-aux-employes\/\" data-type=\"link\" data-id=\"https:\/\/benefits.aecom.com\/employee-assistance-program-eap-and-koa-care-360\/\" target=\"_blank\" rel=\"noreferrer noopener\">Programme d\u2019aide aux employ\u00e9s (PAE) et Koa Care 360<\/a><\/li>\n\n\n\n<li class=\"  \"><a href=\"https:\/\/benefits.aecom.com\/fr-ca\/repertoire-international-du-pae\/\" data-type=\"link\" data-id=\"https:\/\/benefits.aecom.com\/eap-global-directory\/\" target=\"_blank\" rel=\"noreferrer noopener\">R\u00e9pertoire international du PAE<\/a><\/li>\n<\/ul>\n<\/div><\/section>\n<\/div>\n<\/div>\n","protected":false},"excerpt":{"rendered":"","protected":false},"author":4,"featured_media":0,"parent":629,"menu_order":0,"comment_status":"closed","ping_status":"closed","template":"page-templates\/page-blank-container.php","meta":{"_acf_changed":false,"footnotes":""},"class_list":["post-683","page","type-page","status-publish","hentry"],"acf":[],"_links":{"self":[{"href":"https:\/\/benefits.aecom.com\/fr-ca\/wp-json\/wp\/v2\/pages\/683","targetHints":{"allow":["GET"]}}],"collection":[{"href":"https:\/\/benefits.aecom.com\/fr-ca\/wp-json\/wp\/v2\/pages"}],"about":[{"href":"https:\/\/benefits.aecom.com\/fr-ca\/wp-json\/wp\/v2\/types\/page"}],"author":[{"embeddable":true,"href":"https:\/\/benefits.aecom.com\/fr-ca\/wp-json\/wp\/v2\/users\/4"}],"replies":[{"embeddable":true,"href":"https:\/\/benefits.aecom.com\/fr-ca\/wp-json\/wp\/v2\/comments?post=683"}],"version-history":[{"count":9,"href":"https:\/\/benefits.aecom.com\/fr-ca\/wp-json\/wp\/v2\/pages\/683\/revisions"}],"predecessor-version":[{"id":1117,"href":"https:\/\/benefits.aecom.com\/fr-ca\/wp-json\/wp\/v2\/pages\/683\/revisions\/1117"}],"up":[{"embeddable":true,"href":"https:\/\/benefits.aecom.com\/fr-ca\/wp-json\/wp\/v2\/pages\/629"}],"wp:attachment":[{"href":"https:\/\/benefits.aecom.com\/fr-ca\/wp-json\/wp\/v2\/media?parent=683"}],"curies":[{"name":"wp","href":"https:\/\/api.w.org\/{rel}","templated":true}]}}