{"id":685,"date":"2026-02-06T13:33:50","date_gmt":"2026-02-06T13:33:50","guid":{"rendered":"https:\/\/dev-benefits2024.pantheonsite.io\/fr-ca\/?page_id=685"},"modified":"2026-02-19T00:28:39","modified_gmt":"2026-02-19T00:28:39","slug":"perte-dune-autre-couverture-de-soins-de-sante","status":"publish","type":"page","link":"https:\/\/benefits.aecom.com\/fr-ca\/changements-a-une-autre-couverture\/perte-dune-autre-couverture-de-soins-de-sante\/","title":{"rendered":"Perte d\u2019une autre couverture de soins de sant\u00e9"},"content":{"rendered":"\n<div class=\"wp-block-columns sticky-sidebar-container is-layout-flex wp-container-core-columns-is-layout-cbe57604 wp-block-columns-is-layout-flex\">\n<div class=\"wp-block-column is-layout-flow wp-block-column-is-layout-flow\" style=\"flex-basis:70%\">\n<ul class=\"wp-block-list checklist\">\n<li class=\"  \">Choisissez la couverture de soins de sant\u00e9 d\u2019AECOM pour vous et vos personnes \u00e0 charge dans les 31&nbsp;jours suivant la date \u00e0 laquelle l\u2019autre couverture prend fin.&nbsp;Vous pouvez effectuer un changement relatif \u00e0 un \u00e9v\u00e9nement marquant sur&nbsp;<a href=\"https:\/\/aecom.seb-admin.com\/login?lang=fr-CA\" target=\"_blank\" rel=\"noreferrer noopener\">aecombenefitsonline.com<\/a>&nbsp;pour mettre \u00e0 jour votre couverture. Par exemple, si votre conjoint quitte son emploi et n\u2019a plus acc\u00e8s \u00e0 la couverture de soins de sant\u00e9 de son employeur, vous pouvez vous ajouter, ainsi que votre conjoint et vos personnes \u00e0 charge admissibles, \u00e0 vos r\u00e9gimes d\u2019AECOM dans les 31&nbsp;jours suivant la date \u00e0 laquelle l\u2019autre couverture prend fin.<\/li>\n\n\n\n<li class=\"  \">Modifiez les\u00a0renseignements sur vos b\u00e9n\u00e9ficiaires.\u00a0<\/li>\n<\/ul>\n<\/div>\n\n\n\n<div class=\"wp-block-column sticky-sidebar is-layout-flow wp-block-column-is-layout-flow\" style=\"flex-basis:30%\">\n<section class=\"wp-block-cover quick-links\" style=\"padding-top:40px;padding-right:40px;padding-bottom:40px;padding-left:40px;min-height:50px;aspect-ratio:unset;\"><span aria-hidden=\"true\" class=\"wp-block-cover__background has-midnight-teal-background-color has-background-dim-100 has-background-dim\"><\/span><div class=\"wp-block-cover__inner-container is-layout-constrained wp-container-core-cover-is-layout-e158748c wp-block-cover-is-layout-constrained\">\n<h2 class=\"wp-block-heading\"><strong>Liens connexes<\/strong><\/h2>\n\n\n\n<ul class=\"wp-block-list\">\n<li class=\"  \"><a href=\"https:\/\/benefits.aecom.com\/wp-content\/uploads\/documents\/Canada-FR\/guide_de_l'assurance_collective.pdf\" target=\"_blank\" rel=\"noreferrer noopener\">Guide de l\u2019assurance collective pour les groupes DCS<\/a><\/li>\n<\/ul>\n<\/div><\/section>\n<\/div>\n<\/div>\n\n\n\n<p><\/p>\n","protected":false},"excerpt":{"rendered":"","protected":false},"author":4,"featured_media":0,"parent":631,"menu_order":0,"comment_status":"closed","ping_status":"closed","template":"page-templates\/page-blank-container.php","meta":{"_acf_changed":false,"footnotes":""},"class_list":["post-685","page","type-page","status-publish","hentry"],"acf":[],"_links":{"self":[{"href":"https:\/\/benefits.aecom.com\/fr-ca\/wp-json\/wp\/v2\/pages\/685","targetHints":{"allow":["GET"]}}],"collection":[{"href":"https:\/\/benefits.aecom.com\/fr-ca\/wp-json\/wp\/v2\/pages"}],"about":[{"href":"https:\/\/benefits.aecom.com\/fr-ca\/wp-json\/wp\/v2\/types\/page"}],"author":[{"embeddable":true,"href":"https:\/\/benefits.aecom.com\/fr-ca\/wp-json\/wp\/v2\/users\/4"}],"replies":[{"embeddable":true,"href":"https:\/\/benefits.aecom.com\/fr-ca\/wp-json\/wp\/v2\/comments?post=685"}],"version-history":[{"count":6,"href":"https:\/\/benefits.aecom.com\/fr-ca\/wp-json\/wp\/v2\/pages\/685\/revisions"}],"predecessor-version":[{"id":1124,"href":"https:\/\/benefits.aecom.com\/fr-ca\/wp-json\/wp\/v2\/pages\/685\/revisions\/1124"}],"up":[{"embeddable":true,"href":"https:\/\/benefits.aecom.com\/fr-ca\/wp-json\/wp\/v2\/pages\/631"}],"wp:attachment":[{"href":"https:\/\/benefits.aecom.com\/fr-ca\/wp-json\/wp\/v2\/media?parent=685"}],"curies":[{"name":"wp","href":"https:\/\/api.w.org\/{rel}","templated":true}]}}