{"id":687,"date":"2026-02-06T13:40:10","date_gmt":"2026-02-06T13:40:10","guid":{"rendered":"https:\/\/dev-benefits2024.pantheonsite.io\/fr-ca\/?page_id=687"},"modified":"2026-03-05T23:25:09","modified_gmt":"2026-03-05T23:25:09","slug":"evenements-webinaires","status":"publish","type":"page","link":"https:\/\/benefits.aecom.com\/fr-ca\/evenements-webinaires\/","title":{"rendered":"\u00c9v\u00e9nements \/ Webinaires"},"content":{"rendered":"\n<p><\/p>\n\n\n\n<p>Explorez les prochains avantages sociaux ainsi que les \u00e9v\u00e9nements et les webinaires de mieux-\u00eatre \u00e0 venir, y compris les s\u00e9ances affich\u00e9es sur les calendriers des fournisseurs. Cliquez sur les liens ci-dessous pour conna\u00eetre les s\u00e9ances offertes et vous inscrire directement sur chaque site.&nbsp;<\/p>\n\n\n\n<hr class=\"wp-block-separator has-alpha-channel-opacity\" \/>\n\n\n\n<p><\/p>\n\n\n\n<h4 class=\"wp-block-heading\">Sun Life Webinaires<\/h4>\n\n\n\n<p>Inscrivez-vous aux webinaires de mieux-\u00eatre financier offerts par la Sun Life en <a href=\"https:\/\/corpcomms.newsweaver.com\/inmaa6y751\/lhnmzfxpths1snupmemlpy\/external?email=true&amp;a=5&amp;p=2376131&amp;t=1043378\" target=\"_blank\" rel=\"noreferrer noopener\">fran\u00e7ais<\/a> et en <a href=\"https:\/\/corpcomms.newsweaver.com\/inmaa6y751\/1tuhums14n91snupmemlpy\/external?email=true&amp;a=5&amp;p=2376131&amp;t=1043378\" target=\"_blank\" rel=\"noreferrer noopener\">anglais<\/a>. Explorez les th\u00e8mes pr\u00e9vus au calendrier du d\u00e9but de 2026, qu\u2019il s\u2019agisse de budget, de placements, de planification de retraite ou de confiance en mati\u00e8res financi\u00e8res.<\/p>\n\n\n\n<h4 class=\"wp-block-heading\">Sun Life Conseils Financiers<\/h4>\n\n\n\n<p>Obtenez des conseils financiers personnalis\u00e9s offerts par les <a href=\"https:\/\/corpcomms.newsweaver.com\/inmaa6y751\/yj7m2kiihrh1snupmemlpy\/external?email=true&amp;a=5&amp;p=2376131&amp;t=1043378\" target=\"_blank\" rel=\"noreferrer noopener\">sp\u00e9cialistes de la Sun Life<\/a> et con\u00e7us pour vous aider \u00e0 prendre des d\u00e9cisions avec assurance et \u00e0 atteindre vos objectifs.<\/p>\n\n\n\n<p><\/p>\n\n\n\n<h4 class=\"wp-block-heading\">S\u00e9ances&nbsp;ComPsych&nbsp;GuidanceResources&nbsp;Huddles&nbsp;(PAE)&nbsp;<\/h4>\n\n\n\n<p><strong>Les s\u00e9ances\u00a0ComPsych\u00a0Huddles<sup>MS<\/sup><\/strong>\u00a0(en fran\u00e7ais et en anglais)\u00a0sont des exp\u00e9riences interactives en direct men\u00e9es par des experts chevronn\u00e9s et con\u00e7ues pour vous aider \u00e0 atteindre vos objectifs de mieux-\u00eatre et \u00e0 prendre soin de vous. Vous pouvez y participer activement, vous concentrer sur la r\u00e9flexion ou bien juste \u00e9couter.\u00a0<\/p>\n\n\n\n<ul class=\"wp-block-list\">\n<li class=\"  \"><strong>Interagissez dans les s\u00e9ances&nbsp;Huddle\u202f:&nbsp;<\/strong>d\u00e9couvrez&nbsp;des perspectives importantes et participez \u00e0 des discussions profondes avec vos pairs&nbsp;<\/li>\n\n\n\n<li class=\"  \"><strong>\u00c9coutez et apprenez dans les s\u00e9ances Webinar\u202f:&nbsp;<\/strong>joignez-vous aux pr\u00e9sentations ax\u00e9es sur l\u2019\u00e9ducation et la sensibilisation&nbsp;<\/li>\n\n\n\n<li class=\"  \"><strong>Entra\u00eenez-vous avec les s\u00e9ances Practice!&nbsp;<\/strong>Participez \u00e0 de courtes s\u00e9ances en direct pour pratiquer la pleine conscience, la relaxation, les \u00e9tirements et bien plus&nbsp;<\/li>\n\n\n\n<li class=\"  \"><strong>Rencontrez des personnes qui vous ressemblent avec les s\u00e9ances Alliance\u202f:&nbsp;<\/strong>prenez part \u00e0 des discussions et des groupes de soutien virtuels en toute s\u00e9curit\u00e9 avec d\u2019autres personnes qui s\u2019identifient \u00e0 une communaut\u00e9 pr\u00e9cise&nbsp;<\/li>\n<\/ul>\n\n\n\n<p>Explorez et inscrivez-vous d\u00e8s aujourd&#8217;hui aux prochains \u00e9v\u00e9nements Huddle ! N\u2019oubliez pas d\u2019ajuster le calendrier des \u00e9v\u00e9nements \u00e0 votre fuseau horaire. <\/p>\n\n\n\n<p><a href=\"https:\/\/reg.learningstream.com\/view\/cal10a.aspx?ek=&amp;ref=&amp;aa=0&amp;sid1=0&amp;sid2=0&amp;as=65&amp;wp=516&amp;tz=0&amp;ms=0&amp;nav=0&amp;cc=0&amp;cat1=0&amp;cat2=0&amp;cat3=0&amp;aid=COMPSYCH&amp;rf=&amp;pn=0\" target=\"_blank\" rel=\"noreferrer noopener\">Visitez la page des \u00e9v\u00e9nements (en fran\u00e7ais) &gt;&gt;<\/a> <\/p>\n\n\n\n<p><a href=\"https:\/\/reg.learningstream.com\/view\/cal10a.aspx?ek=&amp;ref=&amp;aa=0&amp;sid1=0&amp;sid2=0&amp;as=65&amp;wp=323&amp;tz=0&amp;ms=0&amp;nav=0&amp;cc=0&amp;cat1=0&amp;cat2=0&amp;cat3=0&amp;aid=COMPSYCH&amp;rf=&amp;pn=0\" target=\"_blank\" rel=\"noreferrer noopener\">Visitez la page des \u00e9v\u00e9nements (en anglais) &gt;&gt;<\/a><\/p>\n\n\n\n<hr class=\"wp-block-separator has-alpha-channel-opacity\" \/>\n\n\n\n<p><\/p>\n\n\n\n<p><em>Plus de d\u00e9tails \u00e0 venir bient\u00f4t!<\/em>&nbsp;<\/p>\n\n\n\n<p><\/p>\n","protected":false},"excerpt":{"rendered":"<p>Explorez les prochains avantages sociaux ainsi que les \u00e9v\u00e9nements et les webinaires de mieux-\u00eatre \u00e0 venir, y compris les s\u00e9ances affich\u00e9es sur les calendriers des fournisseurs. Cliquez sur les liens ci-dessous pour conna\u00eetre les s\u00e9ances offertes et vous inscrire directement sur chaque site.&nbsp; Sun Life Webinaires Inscrivez-vous aux webinaires de mieux-\u00eatre financier offerts par la [&hellip;]<\/p>\n","protected":false},"author":4,"featured_media":0,"parent":0,"menu_order":0,"comment_status":"closed","ping_status":"closed","template":"page-templates\/page-blank-container.php","meta":{"_acf_changed":false,"footnotes":""},"class_list":["post-687","page","type-page","status-publish","hentry"],"acf":[],"_links":{"self":[{"href":"https:\/\/benefits.aecom.com\/fr-ca\/wp-json\/wp\/v2\/pages\/687","targetHints":{"allow":["GET"]}}],"collection":[{"href":"https:\/\/benefits.aecom.com\/fr-ca\/wp-json\/wp\/v2\/pages"}],"about":[{"href":"https:\/\/benefits.aecom.com\/fr-ca\/wp-json\/wp\/v2\/types\/page"}],"author":[{"embeddable":true,"href":"https:\/\/benefits.aecom.com\/fr-ca\/wp-json\/wp\/v2\/users\/4"}],"replies":[{"embeddable":true,"href":"https:\/\/benefits.aecom.com\/fr-ca\/wp-json\/wp\/v2\/comments?post=687"}],"version-history":[{"count":11,"href":"https:\/\/benefits.aecom.com\/fr-ca\/wp-json\/wp\/v2\/pages\/687\/revisions"}],"predecessor-version":[{"id":1208,"href":"https:\/\/benefits.aecom.com\/fr-ca\/wp-json\/wp\/v2\/pages\/687\/revisions\/1208"}],"wp:attachment":[{"href":"https:\/\/benefits.aecom.com\/fr-ca\/wp-json\/wp\/v2\/media?parent=687"}],"curies":[{"name":"wp","href":"https:\/\/api.w.org\/{rel}","templated":true}]}}