{"id":689,"date":"2026-02-06T13:47:24","date_gmt":"2026-02-06T13:47:24","guid":{"rendered":"https:\/\/dev-benefits2024.pantheonsite.io\/fr-ca\/?page_id=689"},"modified":"2026-03-11T21:40:34","modified_gmt":"2026-03-11T21:40:34","slug":"conges-autorises","status":"publish","type":"page","link":"https:\/\/benefits.aecom.com\/fr-ca\/all-benefits\/conges-autorises\/","title":{"rendered":"Cong\u00e9s autoris\u00e9s"},"content":{"rendered":"\n<div class=\"wp-block-columns sticky-sidebar-container is-layout-flex wp-container-core-columns-is-layout-cbe57604 wp-block-columns-is-layout-flex\">\n<div class=\"wp-block-column is-layout-flow wp-block-column-is-layout-flow\" style=\"flex-basis:70%\">\n<p>AECOM offre des cong\u00e9s autoris\u00e9s vous permettant de vous \u00e9loigner du travail quelque temps pour vous occuper de vous-m\u00eame et de votre famille. Tous les cong\u00e9s autoris\u00e9s sont administr\u00e9s conform\u00e9ment aux lois provinciales.<\/p>\n\n\n\n<p>Types de cong\u00e9s offerts&nbsp;:<\/p>\n\n\n\n<ul class=\"wp-block-list\">\n<li class=\"  \">Cong\u00e9 d\u2019invalidit\u00e9 de courte dur\u00e9e<\/li>\n\n\n\n<li class=\"  \">Cong\u00e9 de deuil<\/li>\n\n\n\n<li class=\"  \">Cong\u00e9 pour obligations civiques<\/li>\n\n\n\n<li class=\"  \">Cong\u00e9 pour raisons familiales<\/li>\n\n\n\n<li class=\"  \">Cong\u00e9 de maternit\u00e9, de paternit\u00e9, d\u2019adoption et parental<\/li>\n\n\n\n<li class=\"  \">Cong\u00e9 d\u2019urgence personnelle<\/li>\n\n\n\n<li class=\"  \">Cong\u00e9 personnel<\/li>\n<\/ul>\n\n\n\n<div class=\"wp-block-buttons is-layout-flex wp-block-buttons-is-layout-flex\" style=\"margin-top:var(--wp--preset--spacing--50)\">\n<div class=\"wp-block-button\"><a class=\"wp-block-button__link has-earth-green-background-color has-background wp-element-button\" href=\"https:\/\/benefits.aecom.com\/wp-content\/uploads\/documents\/Canada-FR\/leave_of_absence\/canada_loa_and_disability_guide_checklist_fr.pdf\" target=\"_blank\" rel=\"noreferrer noopener\"><strong>En savoir plus<\/strong><\/a><\/div>\n<\/div>\n\n\n\n<p style=\"margin-top:var(--wp--preset--spacing--50)\"><\/p>\n\n\n\n<p><\/p>\n<\/div>\n\n\n\n<div class=\"wp-block-column sticky-sidebar is-layout-flow wp-block-column-is-layout-flow\" style=\"flex-basis:30%\">\n<section class=\"wp-block-cover quick-links\" style=\"padding-top:40px;padding-right:40px;padding-bottom:40px;padding-left:40px;min-height:50px;aspect-ratio:unset;\"><span aria-hidden=\"true\" class=\"wp-block-cover__background has-midnight-teal-background-color has-background-dim-100 has-background-dim\"><\/span><div class=\"wp-block-cover__inner-container is-layout-constrained wp-container-core-cover-is-layout-e158748c wp-block-cover-is-layout-constrained\">\n<h2 class=\"wp-block-heading\"><br>Raccourcis<\/h2>\n\n\n\n<ul class=\"wp-block-list\">\n<li class=\"  \"><a href=\"https:\/\/benefits.aecom.com\/wp-content\/uploads\/documents\/Canada-FR\/leave_of_absence\/parental_leave_checklist_FR.pdf\" target=\"_blank\" rel=\"noreferrer noopener\">Aide-m\u00e9moire pour votre cong\u00e9 parental<\/a><\/li>\n\n\n\n<li class=\"  \"><a href=\"https:\/\/benefits.aecom.com\/wp-content\/uploads\/documents\/Canada-FR\/leave_of_absence\/disability_leave_checklist_fr.pdf\" target=\"_blank\" rel=\"noreferrer noopener\">Liste de v\u00e9rification du cong\u00e9 d\u2019invalidit\u00e9<\/a><\/li>\n\n\n\n<li class=\"  \"><a href=\"https:\/\/benefits.aecom.com\/wp-content\/uploads\/documents\/Canada-FR\/leave_of_absence\/parental_leave_faqs_fr.pdf\" target=\"_blank\" rel=\"noreferrer noopener\">FAQ sur le cong\u00e9 parental<\/a><\/li>\n\n\n\n<li class=\"  \"><a href=\"https:\/\/benefits.aecom.com\/wp-content\/uploads\/documents\/Canada-FR\/leave_of_absence\/canada_loa_and_disability_guide_checklist_fr.pdf\" target=\"_blank\" rel=\"noreferrer noopener\">Guide des cong\u00e9s autoris\u00e9s et des cong\u00e9s d\u2019invalidit\u00e9 pour employ\u00e9s du Canada<\/a><\/li>\n\n\n\n<li class=\"  \"><a href=\"https:\/\/aecom.sharepoint.com\/sites\/VivaEcoppfForms\/_layouts\/download.aspx?SourceUrl=https:\/\/aecom.sharepoint.com\/sites\/VivaEcoppfForms\/Forms\/Leave_of_Absence_Request_Form_H3_DCS_AM_CA_004_FM2_Bilingual.pdf\" target=\"_blank\" rel=\"noreferrer noopener\">Demande de cong\u00e9 autoris\u00e9 &#8211; DCS<\/a><\/li>\n<\/ul>\n<\/div><\/section>\n<\/div>\n<\/div>\n\n\n\n<p><\/p>\n","protected":false},"excerpt":{"rendered":"<p>AECOM offre des cong\u00e9s autoris\u00e9s vous permettant de vous \u00e9loigner du travail quelque temps pour vous occuper de vous-m\u00eame et de votre famille. Tous les cong\u00e9s autoris\u00e9s sont administr\u00e9s conform\u00e9ment aux lois provinciales. Types de cong\u00e9s offerts&nbsp;:<\/p>\n","protected":false},"author":4,"featured_media":0,"parent":17,"menu_order":0,"comment_status":"closed","ping_status":"closed","template":"page-templates\/page-blank-container.php","meta":{"_acf_changed":false,"footnotes":""},"class_list":["post-689","page","type-page","status-publish","hentry"],"acf":[],"_links":{"self":[{"href":"https:\/\/benefits.aecom.com\/fr-ca\/wp-json\/wp\/v2\/pages\/689","targetHints":{"allow":["GET"]}}],"collection":[{"href":"https:\/\/benefits.aecom.com\/fr-ca\/wp-json\/wp\/v2\/pages"}],"about":[{"href":"https:\/\/benefits.aecom.com\/fr-ca\/wp-json\/wp\/v2\/types\/page"}],"author":[{"embeddable":true,"href":"https:\/\/benefits.aecom.com\/fr-ca\/wp-json\/wp\/v2\/users\/4"}],"replies":[{"embeddable":true,"href":"https:\/\/benefits.aecom.com\/fr-ca\/wp-json\/wp\/v2\/comments?post=689"}],"version-history":[{"count":8,"href":"https:\/\/benefits.aecom.com\/fr-ca\/wp-json\/wp\/v2\/pages\/689\/revisions"}],"predecessor-version":[{"id":1209,"href":"https:\/\/benefits.aecom.com\/fr-ca\/wp-json\/wp\/v2\/pages\/689\/revisions\/1209"}],"up":[{"embeddable":true,"href":"https:\/\/benefits.aecom.com\/fr-ca\/wp-json\/wp\/v2\/pages\/17"}],"wp:attachment":[{"href":"https:\/\/benefits.aecom.com\/fr-ca\/wp-json\/wp\/v2\/media?parent=689"}],"curies":[{"name":"wp","href":"https:\/\/api.w.org\/{rel}","templated":true}]}}