{"id":693,"date":"2026-02-06T14:07:58","date_gmt":"2026-02-06T14:07:58","guid":{"rendered":"https:\/\/dev-benefits2024.pantheonsite.io\/fr-ca\/?page_id=693"},"modified":"2026-02-26T20:20:09","modified_gmt":"2026-02-26T20:20:09","slug":"dons-de-charite","status":"publish","type":"page","link":"https:\/\/benefits.aecom.com\/fr-ca\/tous-les-avantages-sociaux\/dons-de-charite\/","title":{"rendered":"Dons de charit\u00e9"},"content":{"rendered":"\n<div class=\"wp-block-columns sticky-sidebar-container is-layout-flex wp-container-core-columns-is-layout-cbe57604 wp-block-columns-is-layout-flex\">\n<div class=\"wp-block-column is-layout-flow wp-block-column-is-layout-flow\" style=\"flex-basis:70%\">\n<p class=\"  \">AECOM est fi\u00e8re de soutenir&nbsp;<a href=\"https:\/\/www.waterforpeople.org\/aecom\/\" target=\"_blank\" rel=\"noreferrer noopener\">De l\u2019eau pour tous<\/a>&nbsp;et&nbsp;<a rel=\"noreferrer noopener\" href=\"http:\/\/ewb-international.com\/\" target=\"_blank\">Ing\u00e9nieurs sans fronti\u00e8res<\/a>&nbsp;par l\u2019entremise de son&nbsp;<a rel=\"noreferrer noopener\" href=\"https:\/\/aecom.com\/about-aecom\/corporate-responsibility\/\" target=\"_blank\">programme de responsabilit\u00e9 d\u2019entreprise<\/a>. Ces deux organismes ont des valeurs qui correspondent bien \u00e0 AECOM, car ils montrent la voie pour trouver des solutions durables \u00e0 des probl\u00e8mes complexes \u00e0 l\u2019\u00e9chelle mondiale.<\/p>\n\n\n\n<p>Les employ\u00e9s d\u2019AECOM peuvent faire des dons \u00e0 ces partenaires par retenues salariales automatiques. Vous pouvez aussi faire un don de charit\u00e9 ponctuel \u00e0 De l\u2019eau pour tous&nbsp;<a href=\"https:\/\/www.waterforpeople.org\/aecom\/\">ici<\/a>&nbsp;(en anglais).<\/p>\n\n\n\n<p>Un don fait du bien tant \u00e0 celui qui re\u00e7oit qu\u2019\u00e0 celui qui donne. Lorsque vous donnez de l\u2019argent et des ressources, vous cr\u00e9ez un lien avec l\u2019organisme, vous semez la bont\u00e9 et vous donnez un sens \u00e0 votre argent. Faire des dons de charit\u00e9 est aussi b\u00e9n\u00e9fique pour votre mieux-\u00eatre financier, car vous pouvez demander des cr\u00e9dits d\u2019imp\u00f4t en produisant votre d\u00e9claration de revenus.<\/p>\n\n\n\n<p><strong>Comment configurer ou modifier vos dons de charit\u00e9 gr\u00e2ce aux retenues salariales<\/strong><\/p>\n\n\n\n<p>Pour configurer des retenues salariales automatiques pour soutenir De l\u2019eau pour tous ou Ing\u00e9nieurs sans fronti\u00e8res ou pour modifier le montant de vos cotisations&nbsp;:<\/p>\n\n\n\n<ol class=\"wp-block-list\">\n<li class=\"  \">Connectez-vous \u00e0&nbsp;<a href=\"https:\/\/aecom.seb-admin.com\/login?lang=fr-CA\" target=\"_blank\" rel=\"noreferrer noopener\">aecombenefitsonline.com<\/a>.<\/li>\n\n\n\n<li class=\"  \">Sur la page d\u2019accueil, s\u00e9lectionnez l\u2019onglet Dons de charit\u00e9.<\/li>\n\n\n\n<li class=\"  \">Pour modifier vos choix, suivez les indications s\u2019affichant \u00e0 l\u2019\u00e9cran.<\/li>\n<\/ol>\n\n\n\n<p class=\"  \">Vous pouvez choisir vos dons de charit\u00e9 au moyen de retenues salariales et faire des changements en tout temps, mais uniquement pour vos futures cotisations.<\/p>\n\n\n\n<p class=\"  \"><\/p>\n\n\n\n<ul class=\"wp-block-list checklist\">\n<li class=\"  \"><\/li>\n<\/ul>\n<\/div>\n\n\n\n<div class=\"wp-block-column sticky-sidebar is-layout-flow wp-block-column-is-layout-flow\" style=\"flex-basis:30%\">\n<section class=\"wp-block-cover quick-links\" style=\"padding-top:40px;padding-right:40px;padding-bottom:40px;padding-left:40px;min-height:50px;aspect-ratio:unset;\"><span aria-hidden=\"true\" class=\"wp-block-cover__background has-midnight-teal-background-color has-background-dim-100 has-background-dim\"><\/span><div class=\"wp-block-cover__inner-container is-layout-constrained wp-container-core-cover-is-layout-e158748c wp-block-cover-is-layout-constrained\">\n<h2 class=\"wp-block-heading\"><strong><br>Liens connexes<\/strong><\/h2>\n\n\n\n<ul class=\"wp-block-list\">\n<li class=\"  \"><a href=\"https:\/\/aecom.okta.com\/app\/aecom_flexplusdirect_1\/exknk614jmWYb53OR2p7\/sso\/saml\" target=\"_blank\" rel=\"noreferrer noopener\">Ourvre une session \u00e0 l\u2019aide de l\u2019authentification unique d\u2019Okta<\/a><\/li>\n\n\n\n<li class=\"  \"><a href=\"https:\/\/aecom.seb-admin.com\/login?lang=fr-CA\" target=\"_blank\" rel=\"noreferrer noopener\">Configurer et modifier vos dons de charit\u00e9 gr\u00e2ce aux retenues salariales<\/a><\/li>\n\n\n\n<li class=\"  \"><a href=\"https:\/\/www.ewb-usa.org\/our-work\/impact\/\" target=\"_blank\" rel=\"noreferrer noopener\">\u00c9laborer un plan&nbsp;: faire le bien autour de soi<\/a><\/li>\n\n\n\n<li class=\"  \"><a href=\"https:\/\/www.waterforpeople.org\/the-people\/\" target=\"_blank\" rel=\"noreferrer noopener\">T\u00e9moignages de De l\u2019eau pour tous<\/a><\/li>\n\n\n\n<li class=\"  \"><a href=\"https:\/\/www.ewb.ca\/en\/what-we-do\/\" target=\"_blank\" rel=\"noreferrer noopener\">T\u00e9moignages d\u2019Ing\u00e9nieurs sans fronti\u00e8res<\/a><\/li>\n<\/ul>\n<\/div><\/section>\n<\/div>\n<\/div>\n","protected":false},"excerpt":{"rendered":"<p>AECOM est fi\u00e8re de soutenir&nbsp;De l\u2019eau pour tous&nbsp;et&nbsp;Ing\u00e9nieurs sans fronti\u00e8res&nbsp;par l\u2019entremise de son&nbsp;programme de responsabilit\u00e9 d\u2019entreprise. Ces deux organismes ont des valeurs qui correspondent bien \u00e0 AECOM, car ils montrent la voie pour trouver des solutions durables \u00e0 des probl\u00e8mes complexes \u00e0 l\u2019\u00e9chelle mondiale. Les employ\u00e9s d\u2019AECOM peuvent faire des dons \u00e0 ces partenaires par [&hellip;]<\/p>\n","protected":false},"author":4,"featured_media":0,"parent":607,"menu_order":0,"comment_status":"closed","ping_status":"closed","template":"page-templates\/page-blank-container.php","meta":{"_acf_changed":false,"footnotes":""},"class_list":["post-693","page","type-page","status-publish","hentry"],"acf":[],"_links":{"self":[{"href":"https:\/\/benefits.aecom.com\/fr-ca\/wp-json\/wp\/v2\/pages\/693","targetHints":{"allow":["GET"]}}],"collection":[{"href":"https:\/\/benefits.aecom.com\/fr-ca\/wp-json\/wp\/v2\/pages"}],"about":[{"href":"https:\/\/benefits.aecom.com\/fr-ca\/wp-json\/wp\/v2\/types\/page"}],"author":[{"embeddable":true,"href":"https:\/\/benefits.aecom.com\/fr-ca\/wp-json\/wp\/v2\/users\/4"}],"replies":[{"embeddable":true,"href":"https:\/\/benefits.aecom.com\/fr-ca\/wp-json\/wp\/v2\/comments?post=693"}],"version-history":[{"count":5,"href":"https:\/\/benefits.aecom.com\/fr-ca\/wp-json\/wp\/v2\/pages\/693\/revisions"}],"predecessor-version":[{"id":1199,"href":"https:\/\/benefits.aecom.com\/fr-ca\/wp-json\/wp\/v2\/pages\/693\/revisions\/1199"}],"up":[{"embeddable":true,"href":"https:\/\/benefits.aecom.com\/fr-ca\/wp-json\/wp\/v2\/pages\/607"}],"wp:attachment":[{"href":"https:\/\/benefits.aecom.com\/fr-ca\/wp-json\/wp\/v2\/media?parent=693"}],"curies":[{"name":"wp","href":"https:\/\/api.w.org\/{rel}","templated":true}]}}