{"id":695,"date":"2026-02-06T14:21:44","date_gmt":"2026-02-06T14:21:44","guid":{"rendered":"https:\/\/dev-benefits2024.pantheonsite.io\/fr-ca\/?page_id=695"},"modified":"2026-02-19T22:33:51","modified_gmt":"2026-02-19T22:33:51","slug":"reductions-chez-lequipeur","status":"publish","type":"page","link":"https:\/\/benefits.aecom.com\/fr-ca\/tous-les-avantages-sociaux\/reductions-chez-lequipeur\/","title":{"rendered":"R\u00e9ductions chez L\u2019\u00c9quipeur"},"content":{"rendered":"\n<div class=\"wp-block-columns sticky-sidebar-container is-layout-flex wp-container-core-columns-is-layout-cbe57604 wp-block-columns-is-layout-flex\">\n<div class=\"wp-block-column is-layout-flow wp-block-column-is-layout-flow\" style=\"flex-basis:70%\">\n<p class=\"  \">Les employ\u00e9s d\u2019AECOM au Canada peuvent b\u00e9n\u00e9ficier de rabais dans les points de vente L\u2019\u00c9quipeur.<\/p>\n\n\n\n<p>Utilisez votre&nbsp;<a href=\"https:\/\/benefits.aecom.com\/wp-content\/uploads\/documents\/Canada-FR\/discounts_at_marks_work_wearhouse\/marks_work_wearhouse_fr.pdf\" target=\"_blank\" rel=\"noreferrer noopener\">document d\u2019achat\/carte de remise<\/a>&nbsp;pour b\u00e9n\u00e9ficier de votre r\u00e9duction lors de vos achats. Utilisez-le dans n\u2019importe quel&nbsp;<a href=\"https:\/\/www.lequipeur.com\/fr\/store-locator.html\" target=\"_blank\" rel=\"noreferrer noopener\">magasin L\u2019\u00c9quipeur<\/a>&nbsp;(rabais non disponibles en ligne).<\/p>\n\n\n\n<div class=\"wp-block-buttons is-layout-flex wp-block-buttons-is-layout-flex\" style=\"margin-bottom:var(--wp--preset--spacing--50)\">\n<div class=\"wp-block-button has-custom-width wp-block-button__width-100\"><a class=\"wp-block-button__link has-earth-green-background-color has-background wp-element-button\" href=\"https:\/\/www.marks.com\/en\/help-desk\/company-information\/about-marks.html\" target=\"_blank\" rel=\"noreferrer noopener\"><strong>En savoir plus<\/strong><\/a><\/div>\n<\/div>\n\n\n\n<p class=\"  \"><\/p>\n<\/div>\n\n\n\n<div class=\"wp-block-column sticky-sidebar is-layout-flow wp-block-column-is-layout-flow\" style=\"flex-basis:30%\">\n<div class=\"wp-block-buttons is-layout-flex wp-block-buttons-is-layout-flex\" style=\"margin-bottom:var(--wp--preset--spacing--50)\">\n<div class=\"wp-block-button has-custom-width wp-block-button__width-100\"><a class=\"wp-block-button__link has-earth-green-background-color has-background wp-element-button\" href=\"https:\/\/www.lequipeur.com\/fr.html\" target=\"_blank\" rel=\"noreferrer noopener\"><strong>Visitez le site L&#8217;\u00c9quipeur<\/strong><\/a><\/div>\n<\/div>\n\n\n\n<section class=\"wp-block-cover quick-links\" style=\"padding-top:40px;padding-right:40px;padding-bottom:40px;padding-left:40px;min-height:50px;aspect-ratio:unset;\"><span aria-hidden=\"true\" class=\"wp-block-cover__background has-midnight-teal-background-color has-background-dim-100 has-background-dim\"><\/span><div class=\"wp-block-cover__inner-container is-layout-constrained wp-container-core-cover-is-layout-e158748c wp-block-cover-is-layout-constrained\">\n<h2 class=\"wp-block-heading\">Raccourcis<\/h2>\n\n\n\n<ul class=\"wp-block-list\">\n<li class=\"  \"><a href=\"https:\/\/www.lequipeur.com\/fr\/store-locator.html\" target=\"_blank\" rel=\"noreferrer noopener\">Recherche de magasin<\/a><\/li>\n\n\n\n<li class=\"  \"><a href=\"https:\/\/benefits.aecom.com\/wp-content\/uploads\/documents\/Canada-FR\/discounts_at_marks_work_wearhouse\/marks_work_wearhouse_fr.pdf\" target=\"_blank\" rel=\"noreferrer noopener\">Document d&#8217;achat L&#8217;\u00c9quipeur<\/a><\/li>\n\n\n\n<li class=\"  \"><a href=\"https:\/\/benefits.aecom.com\/fr-ca\/all-benefits\/programme-de-conditionnement-physique-au-canada\/\" target=\"_blank\" rel=\"noreferrer noopener\">Programme de conditionnement physique<\/a><\/li>\n<\/ul>\n<\/div><\/section>\n<\/div>\n<\/div>\n\n\n\n<p><\/p>\n","protected":false},"excerpt":{"rendered":"<p>Les employ\u00e9s d\u2019AECOM au Canada peuvent b\u00e9n\u00e9ficier de rabais dans les points de vente L\u2019\u00c9quipeur. Utilisez votre&nbsp;document d\u2019achat\/carte de remise&nbsp;pour b\u00e9n\u00e9ficier de votre r\u00e9duction lors de vos achats. Utilisez-le dans n\u2019importe quel&nbsp;magasin L\u2019\u00c9quipeur&nbsp;(rabais non disponibles en ligne).<\/p>\n","protected":false},"author":4,"featured_media":0,"parent":607,"menu_order":0,"comment_status":"closed","ping_status":"closed","template":"page-templates\/page-blank-container.php","meta":{"_acf_changed":false,"footnotes":""},"class_list":["post-695","page","type-page","status-publish","hentry"],"acf":[],"_links":{"self":[{"href":"https:\/\/benefits.aecom.com\/fr-ca\/wp-json\/wp\/v2\/pages\/695","targetHints":{"allow":["GET"]}}],"collection":[{"href":"https:\/\/benefits.aecom.com\/fr-ca\/wp-json\/wp\/v2\/pages"}],"about":[{"href":"https:\/\/benefits.aecom.com\/fr-ca\/wp-json\/wp\/v2\/types\/page"}],"author":[{"embeddable":true,"href":"https:\/\/benefits.aecom.com\/fr-ca\/wp-json\/wp\/v2\/users\/4"}],"replies":[{"embeddable":true,"href":"https:\/\/benefits.aecom.com\/fr-ca\/wp-json\/wp\/v2\/comments?post=695"}],"version-history":[{"count":7,"href":"https:\/\/benefits.aecom.com\/fr-ca\/wp-json\/wp\/v2\/pages\/695\/revisions"}],"predecessor-version":[{"id":1185,"href":"https:\/\/benefits.aecom.com\/fr-ca\/wp-json\/wp\/v2\/pages\/695\/revisions\/1185"}],"up":[{"embeddable":true,"href":"https:\/\/benefits.aecom.com\/fr-ca\/wp-json\/wp\/v2\/pages\/607"}],"wp:attachment":[{"href":"https:\/\/benefits.aecom.com\/fr-ca\/wp-json\/wp\/v2\/media?parent=695"}],"curies":[{"name":"wp","href":"https:\/\/api.w.org\/{rel}","templated":true}]}}