{"id":698,"date":"2026-02-06T14:26:12","date_gmt":"2026-02-06T14:26:12","guid":{"rendered":"https:\/\/dev-benefits2024.pantheonsite.io\/fr-ca\/?page_id=698"},"modified":"2026-02-13T15:01:01","modified_gmt":"2026-02-13T15:01:01","slug":"programme-de-premiere-certification","status":"publish","type":"page","link":"https:\/\/benefits.aecom.com\/fr-ca\/tous-les-avantages-sociaux\/programme-de-premiere-certification\/","title":{"rendered":"Programme de premi\u00e8re certification"},"content":{"rendered":"\n<div class=\"wp-block-columns sticky-sidebar-container is-layout-flex wp-container-core-columns-is-layout-cbe57604 wp-block-columns-is-layout-flex\">\n<div class=\"wp-block-column is-layout-flow wp-block-column-is-layout-flow\" style=\"flex-basis:70%\">\n<p class=\"  \">AECOM reconna\u00eet les employ\u00e9s permanents \u00e0 temps plein et \u00e0 temps partiel au Canada qui ont r\u00e9ussi \u00e0 obtenir un permis exig\u00e9 par un organisme de r\u00e9glementation dans le cadre de leurs fonctions chez AECOM. Les permis d\u2019exercice doivent \u00eatre accord\u00e9s par suite d\u2019un examen relevant de la comp\u00e9tence d\u2019une autorit\u00e9 provinciale et \u00eatre directement applicables au poste, au secteur d\u2019affaires ou \u00e0 la r\u00e9gion de l\u2019employ\u00e9.<\/p>\n\n\n\n<p>Dans le cadre du programme de premi\u00e8re certification, AECOM offre une augmentation unique de 2&nbsp;500&nbsp;$&nbsp;CA, \u00e0 l\u2019unique discr\u00e9tion de l\u2019entreprise, pour l\u2019am\u00e9lioration des comp\u00e9tences professionnelles et&nbsp;de l\u2019expertise.<\/p>\n\n\n\n<p>Les permis approuv\u00e9s pour ce programme sont les suivants&nbsp;:<\/p>\n\n\n\n<ul class=\"wp-block-list\">\n<li class=\"  \">Architecte<\/li>\n\n\n\n<li class=\"  \">Ing\u00e9nieur et g\u00e9oscientifiques, en vertu de la&nbsp;<em>Engineering and Geoscientists Professions Act<\/em><\/li>\n\n\n\n<li class=\"  \">Architecte paysagiste<\/li>\n<\/ul>\n\n\n\n<p>Les prix Faites la diff\u00e9rence pourraient \u00eatre utilis\u00e9s comme reconnaissance pour d\u2019autres permis.<\/p>\n\n\n\n<p>Toutes les augmentations seront examin\u00e9es dans un souci de coh\u00e9rence, et l\u2019approbation finale est laiss\u00e9e \u00e0 la discr\u00e9tion du responsable de secteur et du directeur principal de r\u00e9gion.<\/p>\n\n\n\n<p>Les employ\u00e9s permanents \u00e0 temps partiel doivent travailler au moins 20&nbsp;heures par semaine pour pouvoir participer \u00e0 ce programme. Les employ\u00e9s occasionnels ou temporaires ne sont pas admissibles \u00e0 ce programme.<\/p>\n\n\n\n<p>Processus&nbsp;:<\/p>\n\n\n\n<p>Si une modification de profil d\u2019emploi ou d\u2019\u00e9chelon professionnel est envisag\u00e9e, les gestionnaires doivent consulter leur partenaire d\u2019affaires en RH.<\/p>\n\n\n\n<p>Les gestionnaires soumettent la demande de modification \u00e0 la r\u00e9mun\u00e9ration dans Workday et doivent inclure une copie du permis.<\/p>\n\n\n\n<p>Les gestionnaires peuvent soumettre une modification de titre professionnel dans Workday, le cas \u00e9ch\u00e9ant.<\/p>\n\n\n\n<p class=\"  \"><\/p>\n\n\n\n<ul class=\"wp-block-list checklist\">\n<li class=\"  \"><\/li>\n<\/ul>\n<\/div>\n\n\n\n<div class=\"wp-block-column sticky-sidebar is-layout-flow wp-block-column-is-layout-flow\" style=\"flex-basis:30%\">\n<section class=\"wp-block-cover quick-links\" style=\"padding-top:40px;padding-right:40px;padding-bottom:40px;padding-left:40px;min-height:50px;aspect-ratio:unset;\"><span aria-hidden=\"true\" class=\"wp-block-cover__background has-midnight-teal-background-color has-background-dim-100 has-background-dim\"><\/span><div class=\"wp-block-cover__inner-container is-layout-constrained wp-container-core-cover-is-layout-e158748c wp-block-cover-is-layout-constrained\">\n<h2 class=\"wp-block-heading\"><br>Raccourcis<\/h2>\n\n\n\n<ul class=\"wp-block-list\">\n<li class=\"  \"><a href=\"https:\/\/www.guidanceresources.com\/groWeb\/s\/alert.xhtml?nodeId=814950\" target=\"_blank\" rel=\"noreferrer noopener\">Acquisition de comp\u00e9tences essentielles en milieu de travail (s\u00e9lectionnez le drapeau du Canada)<\/a><\/li>\n<\/ul>\n<\/div><\/section>\n<\/div>\n<\/div>\n","protected":false},"excerpt":{"rendered":"<p>AECOM reconna\u00eet les employ\u00e9s permanents \u00e0 temps plein et \u00e0 temps partiel au Canada qui ont r\u00e9ussi \u00e0 obtenir un permis exig\u00e9 par un organisme de r\u00e9glementation dans le cadre de leurs fonctions chez AECOM. Les permis d\u2019exercice doivent \u00eatre accord\u00e9s par suite d\u2019un examen relevant de la comp\u00e9tence d\u2019une autorit\u00e9 provinciale et \u00eatre directement [&hellip;]<\/p>\n","protected":false},"author":4,"featured_media":0,"parent":607,"menu_order":0,"comment_status":"closed","ping_status":"closed","template":"page-templates\/page-blank-container.php","meta":{"_acf_changed":false,"footnotes":""},"class_list":["post-698","page","type-page","status-publish","hentry"],"acf":[],"_links":{"self":[{"href":"https:\/\/benefits.aecom.com\/fr-ca\/wp-json\/wp\/v2\/pages\/698","targetHints":{"allow":["GET"]}}],"collection":[{"href":"https:\/\/benefits.aecom.com\/fr-ca\/wp-json\/wp\/v2\/pages"}],"about":[{"href":"https:\/\/benefits.aecom.com\/fr-ca\/wp-json\/wp\/v2\/types\/page"}],"author":[{"embeddable":true,"href":"https:\/\/benefits.aecom.com\/fr-ca\/wp-json\/wp\/v2\/users\/4"}],"replies":[{"embeddable":true,"href":"https:\/\/benefits.aecom.com\/fr-ca\/wp-json\/wp\/v2\/comments?post=698"}],"version-history":[{"count":3,"href":"https:\/\/benefits.aecom.com\/fr-ca\/wp-json\/wp\/v2\/pages\/698\/revisions"}],"predecessor-version":[{"id":894,"href":"https:\/\/benefits.aecom.com\/fr-ca\/wp-json\/wp\/v2\/pages\/698\/revisions\/894"}],"up":[{"embeddable":true,"href":"https:\/\/benefits.aecom.com\/fr-ca\/wp-json\/wp\/v2\/pages\/607"}],"wp:attachment":[{"href":"https:\/\/benefits.aecom.com\/fr-ca\/wp-json\/wp\/v2\/media?parent=698"}],"curies":[{"name":"wp","href":"https:\/\/api.w.org\/{rel}","templated":true}]}}