{"id":7,"date":"2024-08-05T10:14:28","date_gmt":"2024-08-05T10:14:28","guid":{"rendered":"https:\/\/dev-benefits2024.pantheonsite.io\/?page_id=7"},"modified":"2026-02-25T08:36:40","modified_gmt":"2026-02-25T08:36:40","slug":"home","status":"publish","type":"page","link":"https:\/\/benefits.aecom.com\/fr-ca\/","title":{"rendered":"Home"},"content":{"rendered":"\n<div class=\"wp-block-cover is-light benefits-hero\" style=\"min-height:500px;aspect-ratio:unset;\"><img decoding=\"async\" class=\"wp-block-cover__image-background wp-image-401 size-full\" alt=\"\" src=\"https:\/\/benefits.aecom.com\/en-ca\/wp-content\/uploads\/sites\/3\/2025\/10\/benefits-banner2.jpg\" data-object-fit=\"cover\" \/><span aria-hidden=\"true\" class=\"wp-block-cover__background has-midnight-teal-background-color has-background-dim-0 has-background-dim\"><\/span><div class=\"wp-block-cover__inner-container is-layout-constrained wp-block-cover-is-layout-constrained\">\n<div class=\"wp-block-columns are-vertically-aligned-center container hero-content-column is-layout-flex wp-container-core-columns-is-layout-28f84493 wp-block-columns-is-layout-flex\">\n<div class=\"wp-block-column is-vertically-aligned-center hero-content has-background is-layout-flow wp-block-column-is-layout-flow\" style=\"background-color:#ffffffd1;flex-basis:70%\">\n<p class=\"hero-tag\">PROGRAMME D\u2019AVANTAGES SOCIAUX ET DE MIEUX-\u00caTRE DU CANADA<\/p>\n\n\n\n<h2 class=\"wp-block-heading has-text-align-left hero-title has-earth-green-color has-text-color has-link-color wp-elements-436dd70db82ee93542e3772ccf3f5fbb\">Prendre soin de ce qui compte le plus<\/h2>\n\n\n\n<p class=\"hero-text\">C\u2019est lorsqu\u2019ils se sentent soutenus dans toutes les sph\u00e8res de leur vie que nos employ\u00e9s peuvent s\u2019\u00e9panouir le mieux \u2013 au travail et au-del\u00e0.<\/p>\n<\/div>\n<\/div>\n<\/div><\/div>\n\n\n\n<div class=\"wp-block-columns alignwide container intro-content-column equalize-container is-layout-flex wp-container-core-columns-is-layout-28f84493 wp-block-columns-is-layout-flex\">\n<div class=\"wp-block-column is-vertically-aligned-top intro-item is-layout-flow wp-block-column-is-layout-flow\">\n<div class=\"wp-block-group is-layout-constrained wp-block-group-is-layout-constrained\">\n<h3 class=\"wp-block-heading equalize-item has-midnight-teal-color has-text-color has-link-color has-medium-font-size wp-elements-cb63363cfb17525b4fb9c50bff5b9029\" style=\"padding-top:var(--wp--preset--spacing--30);padding-bottom:var(--wp--preset--spacing--30)\"><strong>Programme de conditionnement physique<\/strong><\/h3>\n\n\n\n<p class=\"equalize-item-2\" style=\"padding-top:0;padding-bottom:0\">\u00c9conomisez de l\u2019argent sur les cours de remise en forme, l\u2019\u00e9quipement et l\u2019entra\u00eenement gr\u00e2ce \u00e0 notre programme de r\u00e9ductions de remise en forme.<\/p>\n\n\n\n<p class=\"module-link\"><a href=\"https:\/\/benefits.aecom.com\/en-ca\/fitness-discounts-program\/\" target=\"_blank\" rel=\"noreferrer noopener\">En savoir plus<\/a><\/p>\n<\/div>\n\n\n\n<figure class=\"wp-block-image size-full has-custom-border\"><img loading=\"lazy\" decoding=\"async\" width=\"960\" height=\"525\" src=\"https:\/\/benefits.aecom.com\/en-ca\/wp-content\/uploads\/sites\/3\/2024\/08\/OE-2-960x525-1.jpg\" alt=\"\" class=\"wp-image-34\" style=\"border-radius:7px\" srcset=\"https:\/\/benefits.aecom.com\/fr-ca\/wp-content\/uploads\/sites\/4\/2024\/08\/OE-2-960x525-1.jpg 960w, https:\/\/benefits.aecom.com\/fr-ca\/wp-content\/uploads\/sites\/4\/2024\/08\/OE-2-960x525-1-300x164.jpg 300w, https:\/\/benefits.aecom.com\/fr-ca\/wp-content\/uploads\/sites\/4\/2024\/08\/OE-2-960x525-1-768x420.jpg 768w\" sizes=\"auto, (max-width: 960px) 100vw, 960px\" \/><\/figure>\n<\/div>\n\n\n\n<div class=\"wp-block-column intro-item is-layout-flow wp-block-column-is-layout-flow\">\n<div class=\"wp-block-group is-layout-constrained wp-block-group-is-layout-constrained\">\n<h3 class=\"wp-block-heading equalize-item has-midnight-teal-color has-text-color has-link-color has-medium-font-size wp-elements-5d337cc719107d714f663a26c413fe4d\" style=\"padding-top:var(--wp--preset--spacing--30);padding-bottom:var(--wp--preset--spacing--30)\"><strong>Utilisez les Soins virtuels Lumino Sant\u00e9 pour communiquer avec un professionnel de la sant\u00e9 en ligne<\/strong><\/h3>\n\n\n\n<p class=\"equalize-item-2\" style=\"padding-top:0;padding-bottom:0\">Offert aux personnes inscrites au r\u00e9gime Sun Life, ce service est une excellente option si vous n\u2019avez pas de m\u00e9decin de famille ou si vous souhaitez \u00e9viter les cliniques sans rendez-vous.<\/p>\n\n\n\n<p class=\"module-link\"><a href=\"https:\/\/benefits.aecom.com\/en-ca\/telehealth-lumino-virtual-health\/\" target=\"_blank\" rel=\"noreferrer noopener\">En savoir plus<\/a><\/p>\n<\/div>\n\n\n\n<figure class=\"wp-block-image size-full has-custom-border\"><img loading=\"lazy\" decoding=\"async\" width=\"960\" height=\"525\" src=\"https:\/\/benefits.aecom.com\/en-ca\/wp-content\/uploads\/sites\/3\/2024\/08\/USWB-Page.jpg\" alt=\"\" class=\"wp-image-20\" style=\"border-radius:7px\" srcset=\"https:\/\/benefits.aecom.com\/fr-ca\/wp-content\/uploads\/sites\/4\/2024\/08\/USWB-Page.jpg 960w, https:\/\/benefits.aecom.com\/fr-ca\/wp-content\/uploads\/sites\/4\/2024\/08\/USWB-Page-300x164.jpg 300w, https:\/\/benefits.aecom.com\/fr-ca\/wp-content\/uploads\/sites\/4\/2024\/08\/USWB-Page-768x420.jpg 768w\" sizes=\"auto, (max-width: 960px) 100vw, 960px\" \/><\/figure>\n<\/div>\n\n\n\n<div class=\"wp-block-column intro-item is-layout-flow wp-block-column-is-layout-flow\">\n<div class=\"wp-block-group is-layout-constrained wp-block-group-is-layout-constrained\">\n<h3 class=\"wp-block-heading equalize-item has-midnight-teal-color has-text-color has-link-color has-medium-font-size wp-elements-edd83c35eb38b2f12d30f58ec3e556b7\" style=\"padding-top:var(--wp--preset--spacing--30);padding-bottom:var(--wp--preset--spacing--30)\"><strong>\u00c9conomisez pour aujourd\u2019hui et demain<\/strong><\/h3>\n\n\n\n<p class=\"equalize-item-2\" style=\"padding-top:0;padding-bottom:0\">V\u00e9rifiez votre bien-\u00eatre financier et as vous de profiter de toutes les fa\u00e7ons d avantages AECOM peuvent vous aide \u00e9conomiser de l\u2019argent aujourd\u2019hui et des \u00e9conomies pour l\u2019avenir.<\/p>\n\n\n\n<p class=\"module-link\" style=\"padding-top:0;padding-bottom:0\"><a href=\"https:\/\/benefits.aecom.com\/en-ca\/retirement-and-savings-plan\/\" target=\"_blank\" rel=\"noreferrer noopener\">En savoir plus<\/a><\/p>\n<\/div>\n\n\n\n<figure class=\"wp-block-image size-full has-custom-border\"><img loading=\"lazy\" decoding=\"async\" width=\"960\" height=\"525\" src=\"https:\/\/benefits.aecom.com\/en-ca\/wp-content\/uploads\/sites\/3\/2024\/08\/B-OE-Page-Images-960x525-1.jpg\" alt=\"\" class=\"wp-image-99\" style=\"border-radius:7px\" srcset=\"https:\/\/benefits.aecom.com\/fr-ca\/wp-content\/uploads\/sites\/4\/2024\/08\/B-OE-Page-Images-960x525-1.jpg 960w, https:\/\/benefits.aecom.com\/fr-ca\/wp-content\/uploads\/sites\/4\/2024\/08\/B-OE-Page-Images-960x525-1-300x164.jpg 300w, https:\/\/benefits.aecom.com\/fr-ca\/wp-content\/uploads\/sites\/4\/2024\/08\/B-OE-Page-Images-960x525-1-768x420.jpg 768w\" sizes=\"auto, (max-width: 960px) 100vw, 960px\" \/><\/figure>\n<\/div>\n<\/div>\n\n\n\n<div style=\"height:60px\" aria-hidden=\"true\" class=\"wp-block-spacer\"><\/div>\n","protected":false},"excerpt":{"rendered":"<p>Programme de conditionnement physique \u00c9conomisez de l\u2019argent sur les cours de remise en forme, l\u2019\u00e9quipement et l\u2019entra\u00eenement gr\u00e2ce \u00e0 notre programme de r\u00e9ductions de remise en forme. En savoir plus Utilisez les Soins virtuels Lumino Sant\u00e9 pour communiquer avec un professionnel de la sant\u00e9 en ligne Offert aux personnes inscrites au r\u00e9gime Sun Life, ce [&hellip;]<\/p>\n","protected":false},"author":1,"featured_media":0,"parent":0,"menu_order":0,"comment_status":"closed","ping_status":"closed","template":"page-templates\/page-blank.php","meta":{"_acf_changed":false,"footnotes":""},"class_list":["post-7","page","type-page","status-publish","hentry"],"acf":[],"_links":{"self":[{"href":"https:\/\/benefits.aecom.com\/fr-ca\/wp-json\/wp\/v2\/pages\/7","targetHints":{"allow":["GET"]}}],"collection":[{"href":"https:\/\/benefits.aecom.com\/fr-ca\/wp-json\/wp\/v2\/pages"}],"about":[{"href":"https:\/\/benefits.aecom.com\/fr-ca\/wp-json\/wp\/v2\/types\/page"}],"author":[{"embeddable":true,"href":"https:\/\/benefits.aecom.com\/fr-ca\/wp-json\/wp\/v2\/users\/1"}],"replies":[{"embeddable":true,"href":"https:\/\/benefits.aecom.com\/fr-ca\/wp-json\/wp\/v2\/comments?post=7"}],"version-history":[{"count":18,"href":"https:\/\/benefits.aecom.com\/fr-ca\/wp-json\/wp\/v2\/pages\/7\/revisions"}],"predecessor-version":[{"id":1193,"href":"https:\/\/benefits.aecom.com\/fr-ca\/wp-json\/wp\/v2\/pages\/7\/revisions\/1193"}],"wp:attachment":[{"href":"https:\/\/benefits.aecom.com\/fr-ca\/wp-json\/wp\/v2\/media?parent=7"}],"curies":[{"name":"wp","href":"https:\/\/api.w.org\/{rel}","templated":true}]}}