{"id":700,"date":"2026-02-06T14:29:29","date_gmt":"2026-02-06T14:29:29","guid":{"rendered":"https:\/\/dev-benefits2024.pantheonsite.io\/fr-ca\/?page_id=700"},"modified":"2026-02-19T00:45:22","modified_gmt":"2026-02-19T00:45:22","slug":"transfert-a-un-poste-daecom-a-lexterieur-du-canada","status":"publish","type":"page","link":"https:\/\/benefits.aecom.com\/fr-ca\/transfert-a-un-poste-daecom-a-lexterieur-du-canada\/","title":{"rendered":"Transfert \u00e0 un poste d\u2019AECOM \u00e0 l\u2019ext\u00e9rieur du Canada"},"content":{"rendered":"\n<div class=\"wp-block-columns sticky-sidebar-container is-layout-flex wp-container-core-columns-is-layout-cbe57604 wp-block-columns-is-layout-flex\">\n<div class=\"wp-block-column is-layout-flow wp-block-column-is-layout-flow\" style=\"flex-basis:70%\">\n<ul class=\"wp-block-list checklist\">\n<li class=\"  \">Votre assurance collective au Canada prendra fin \u00e0 la date de votre transfert.<\/li>\n\n\n\n<li class=\"  \">D\u00e8s que vous les aurez inform\u00e9s de votre date de transfert, le Centre d\u2019assurance collective d\u2019AECOM et la Sun&nbsp;Life vous enverront des renseignements sur vos options de couverture et de compte. Vous recevrez \u00e9galement diverses communications (de la part d\u2019AECOM ou des partenaires fournisseurs) sur les nouveaux r\u00e9gimes dont vous pourrez b\u00e9n\u00e9ficier apr\u00e8s votre transfert.<\/li>\n\n\n\n<li class=\"  \">Vous et les membres de votre famille qui habitent avec vous pouvez continuer d\u2019utiliser le\u00a0<a href=\"https:\/\/benefits.aecom.com\/fr-ca\/programme-daide-aux-employes\/\" target=\"_blank\" rel=\"noreferrer noopener\">programme d\u2019aide aux employ\u00e9s (PAE) de GuidanceResources<\/a>, car cet avantage est offert partout dans le monde.<\/li>\n\n\n\n<li class=\"  \">Vos ann\u00e9es de services et vos cong\u00e9s pay\u00e9s accumul\u00e9s seront transf\u00e9r\u00e9s \u00e0 votre nouveau poste.<\/li>\n\n\n\n<li class=\"  \">Vous pourriez \u00eatre en mesure de conserver votre\u00a0<a href=\"https:\/\/benefits.aecom.com\/fr-ca\/all-benefits\/modules-de-soins-de-sante\/\" target=\"_blank\" rel=\"noreferrer noopener\">couverture de soins de sant\u00e9<\/a>\u00a0en souscrivant une police individuelle aupr\u00e8s de la Sun\u00a0Life. Pour obtenir plus de d\u00e9tails, t\u00e9l\u00e9phonez \u00e0 la Sun\u00a0Life au 1-866-896-6976.<\/li>\n\n\n\n<li class=\"  \">Vous pourriez \u00eatre en mesure de conserver votre\u00a0<a href=\"https:\/\/benefits.aecom.com\/fr-ca\/assurance-vie\/\" target=\"_blank\" rel=\"noreferrer noopener\">assurance vie<\/a>\u00a0en souscrivant une police individuelle aupr\u00e8s de la Sun\u00a0Life. Pour obtenir plus de d\u00e9tails, t\u00e9l\u00e9phonez \u00e0 la Sun\u00a0Life au 1-833-411-5520.<\/li>\n\n\n\n<li class=\"  \">Vos cotisations (et celles d\u2019AECOM, le cas \u00e9ch\u00e9ant) au\u00a0<a href=\"https:\/\/benefits.aecom.com\/fr-ca\/all-benefits\/regime-de-retraite-et-depargne\/#R%C3%A9gime-de\" target=\"_blank\" rel=\"noreferrer noopener\">r\u00e9gime de retraite \u00e0 cotisation d\u00e9termin\u00e9e (RRCD)<\/a>, au\u00a0<a href=\"https:\/\/benefits.aecom.com\/fr-ca\/all-benefits\/regime-de-retraite-et-depargne\/#R%C3%A9gime-enregistr%C3%A9\" target=\"_blank\" rel=\"noreferrer noopener\">r\u00e9gime enregistr\u00e9 d\u2019\u00e9pargne-retraite (REER) collectif<\/a>\u00a0et au\u00a0<a href=\"https:\/\/benefits.aecom.com\/fr-ca\/all-benefits\/regime-de-retraite-et-depargne\/#Compte-d%E2%80%99%C3%A9pargne\" target=\"_blank\" rel=\"noreferrer noopener\"><a href=\"https:\/\/benefits.aecom.com\/fr-ca\/all-benefits\/regime-de-retraite-et-depargne\/#Compte-d%E2%80%99%C3%A9pargne\" target=\"_blank\" rel=\"noreferrer noopener\">compte d\u2019\u00e9pargne libre d\u2019imp\u00f4t (CELI)<\/a><\/a>\u00a0prennent fin lorsque vous cessez de recevoir vos ch\u00e8ques de paie du Canada.<\/li>\n\n\n\n<li class=\"  \">Vos cotisations au\u00a0<a href=\"https:\/\/benefits.aecom.com\/fr-ca\/regime-dachat-dactions-des-employes-raae\/\" target=\"_blank\" rel=\"noreferrer noopener\"><a href=\"https:\/\/benefits.aecom.com\/fr-ca\/regime-dachat-dactions-des-employes-raae\/\" target=\"_blank\" rel=\"noreferrer noopener\">r\u00e9gime d\u2019achat d\u2019actions des employ\u00e9s (RAAE)<\/a>)<\/a>\u00a0prennent fin lorsque vous cessez de recevoir vos ch\u00e8ques de paie. Pour conna\u00eetre les options li\u00e9es \u00e0 votre compte, t\u00e9l\u00e9phonez \u00e0 la Bank of America Merrill Lynch, au 1-877-637-4226.<\/li>\n\n\n\n<li class=\"  \">En cas de changement d\u2019adresse ou de num\u00e9ro de t\u00e9l\u00e9phone, veuillez\u00a0<a href=\"https:\/\/benefits.aecom.com\/fr-ca\/changements-dans-votre-famille\/changement-de-nom-dadresse-de-numero-de-telephone-ou-de-courriel\/\" target=\"_blank\" rel=\"noreferrer noopener\">mettre \u00e0 jour vos renseignements personnels<\/a>.<\/li>\n\n\n\n<li class=\"  \">Si vous avez des questions, veuillez communiquer avec le Centre d\u2019assurance collective d\u2019AECOM, au 1-833-411-5520.<\/li>\n<\/ul>\n<\/div>\n\n\n\n<div class=\"wp-block-column sticky-sidebar is-layout-flow wp-block-column-is-layout-flow\" style=\"flex-basis:30%\"><\/div>\n<\/div>\n","protected":false},"excerpt":{"rendered":"","protected":false},"author":4,"featured_media":0,"parent":0,"menu_order":0,"comment_status":"closed","ping_status":"closed","template":"page-templates\/page-blank-container.php","meta":{"_acf_changed":false,"footnotes":""},"class_list":["post-700","page","type-page","status-publish","hentry"],"acf":[],"_links":{"self":[{"href":"https:\/\/benefits.aecom.com\/fr-ca\/wp-json\/wp\/v2\/pages\/700","targetHints":{"allow":["GET"]}}],"collection":[{"href":"https:\/\/benefits.aecom.com\/fr-ca\/wp-json\/wp\/v2\/pages"}],"about":[{"href":"https:\/\/benefits.aecom.com\/fr-ca\/wp-json\/wp\/v2\/types\/page"}],"author":[{"embeddable":true,"href":"https:\/\/benefits.aecom.com\/fr-ca\/wp-json\/wp\/v2\/users\/4"}],"replies":[{"embeddable":true,"href":"https:\/\/benefits.aecom.com\/fr-ca\/wp-json\/wp\/v2\/comments?post=700"}],"version-history":[{"count":2,"href":"https:\/\/benefits.aecom.com\/fr-ca\/wp-json\/wp\/v2\/pages\/700\/revisions"}],"predecessor-version":[{"id":1139,"href":"https:\/\/benefits.aecom.com\/fr-ca\/wp-json\/wp\/v2\/pages\/700\/revisions\/1139"}],"wp:attachment":[{"href":"https:\/\/benefits.aecom.com\/fr-ca\/wp-json\/wp\/v2\/media?parent=700"}],"curies":[{"name":"wp","href":"https:\/\/api.w.org\/{rel}","templated":true}]}}