{"id":702,"date":"2026-02-06T14:35:24","date_gmt":"2026-02-06T14:35:24","guid":{"rendered":"https:\/\/dev-benefits2024.pantheonsite.io\/fr-ca\/?page_id=702"},"modified":"2026-02-13T15:01:19","modified_gmt":"2026-02-13T15:01:19","slug":"programme-daide-aux-activites-de-formation","status":"publish","type":"page","link":"https:\/\/benefits.aecom.com\/fr-ca\/programme-daide-aux-activites-de-formation\/","title":{"rendered":"Programme d\u2019aide aux activit\u00e9s de formation"},"content":{"rendered":"\n<div class=\"wp-block-columns sticky-sidebar-container is-layout-flex wp-container-core-columns-is-layout-cbe57604 wp-block-columns-is-layout-flex\">\n<div class=\"wp-block-column is-layout-flow wp-block-column-is-layout-flow\" style=\"flex-basis:70%\">\n<p class=\"  \">Les employ\u00e9s peuvent b\u00e9n\u00e9ficier du programme d\u2019aide aux activit\u00e9s de formation (anciennement programme d\u2019aide \u00e0 l\u2019\u00e9ducation), qui fournit une aide financi\u00e8re pour obtenir ou poursuivre une formation pertinente, des s\u00e9minaires de formation technique, des conf\u00e9rences ou des examens (\u00ab activit\u00e9 de formation \u00bb) dans le cadre de leur d\u00e9veloppement professionnel au sein d\u2019AECOM.<\/p>\n\n\n\n<p class=\"  \">L\u2019admissibilit\u00e9 et le montant du remboursement peuvent varier en fonction du groupe commercial.<\/p>\n\n\n\n<p class=\"  \"><\/p>\n\n\n\n<ul class=\"wp-block-list checklist\">\n<li class=\"  \"><\/li>\n<\/ul>\n<\/div>\n\n\n\n<div class=\"wp-block-column sticky-sidebar is-layout-flow wp-block-column-is-layout-flow\" style=\"flex-basis:30%\">\n<section class=\"wp-block-cover quick-links\" style=\"padding-top:40px;padding-right:40px;padding-bottom:40px;padding-left:40px;min-height:50px;aspect-ratio:unset;\"><span aria-hidden=\"true\" class=\"wp-block-cover__background has-midnight-teal-background-color has-background-dim-100 has-background-dim\"><\/span><div class=\"wp-block-cover__inner-container is-layout-constrained wp-container-core-cover-is-layout-e158748c wp-block-cover-is-layout-constrained\">\n<h2 class=\"wp-block-heading\"><br>Raccourcis<\/h2>\n\n\n\n<ul class=\"wp-block-list\">\n<li class=\"  \"><a href=\"https:\/\/www.guidanceresources.com\/groWeb\/s\/alert.xhtml?nodeId=814958\" target=\"_blank\" rel=\"noreferrer noopener\">Acquisition de comp\u00e9tences essentielles en milieu de travail (s\u00e9lectionnez le drapeau du Canada)<\/a><\/li>\n\n\n\n<li class=\"  \"><a href=\"https:\/\/aecom.sharepoint.com\/sites\/VivaEcoppfForms\/_layouts\/download.aspx?SourceUrl=https:\/\/aecom.sharepoint.com\/sites\/VivaEcoppfForms\/Forms\/Demande_d%E2%80%99activit%C3%A9_de_formation_Training_Activity_Request_H3_DCS_AM_CA_003_FM1_Bilingual.pdf\" target=\"_blank\" rel=\"noreferrer noopener\">Demande d\u2019activit\u00e9 de formation<\/a><\/li>\n<\/ul>\n<\/div><\/section>\n<\/div>\n<\/div>\n","protected":false},"excerpt":{"rendered":"<p>Les employ\u00e9s peuvent b\u00e9n\u00e9ficier du programme d\u2019aide aux activit\u00e9s de formation (anciennement programme d\u2019aide \u00e0 l\u2019\u00e9ducation), qui fournit une aide financi\u00e8re pour obtenir ou poursuivre une formation pertinente, des s\u00e9minaires de formation technique, des conf\u00e9rences ou des examens (\u00ab activit\u00e9 de formation \u00bb) dans le cadre de leur d\u00e9veloppement professionnel au sein d\u2019AECOM. L\u2019admissibilit\u00e9 et [&hellip;]<\/p>\n","protected":false},"author":4,"featured_media":0,"parent":0,"menu_order":0,"comment_status":"closed","ping_status":"closed","template":"page-templates\/page-blank-container.php","meta":{"_acf_changed":false,"footnotes":""},"class_list":["post-702","page","type-page","status-publish","hentry"],"acf":[],"_links":{"self":[{"href":"https:\/\/benefits.aecom.com\/fr-ca\/wp-json\/wp\/v2\/pages\/702","targetHints":{"allow":["GET"]}}],"collection":[{"href":"https:\/\/benefits.aecom.com\/fr-ca\/wp-json\/wp\/v2\/pages"}],"about":[{"href":"https:\/\/benefits.aecom.com\/fr-ca\/wp-json\/wp\/v2\/types\/page"}],"author":[{"embeddable":true,"href":"https:\/\/benefits.aecom.com\/fr-ca\/wp-json\/wp\/v2\/users\/4"}],"replies":[{"embeddable":true,"href":"https:\/\/benefits.aecom.com\/fr-ca\/wp-json\/wp\/v2\/comments?post=702"}],"version-history":[{"count":4,"href":"https:\/\/benefits.aecom.com\/fr-ca\/wp-json\/wp\/v2\/pages\/702\/revisions"}],"predecessor-version":[{"id":895,"href":"https:\/\/benefits.aecom.com\/fr-ca\/wp-json\/wp\/v2\/pages\/702\/revisions\/895"}],"wp:attachment":[{"href":"https:\/\/benefits.aecom.com\/fr-ca\/wp-json\/wp\/v2\/media?parent=702"}],"curies":[{"name":"wp","href":"https:\/\/api.w.org\/{rel}","templated":true}]}}