{"id":844,"date":"2026-02-13T08:31:56","date_gmt":"2026-02-13T08:31:56","guid":{"rendered":"https:\/\/dev-benefits2024.pantheonsite.io\/fr-ca\/?page_id=844"},"modified":"2026-02-18T21:52:25","modified_gmt":"2026-02-18T21:52:25","slug":"repertoire-international-du-pae","status":"publish","type":"page","link":"https:\/\/benefits.aecom.com\/fr-ca\/repertoire-international-du-pae\/","title":{"rendered":"R\u00e9pertoire international du PAE"},"content":{"rendered":"\n<div class=\"wp-block-columns is-layout-flex wp-container-core-columns-is-layout-28f84493 wp-block-columns-is-layout-flex\">\n<div class=\"wp-block-column is-layout-constrained wp-container-core-column-is-layout-f36bc466 wp-block-column-is-layout-constrained\">\n<div class=\"wp-block-group is-nowrap is-layout-flex wp-container-core-group-is-layout-6c531013 wp-block-group-is-layout-flex\">\n<p>Gr\u00e2ce au programme mondial d\u2019aide aux employ\u00e9s (PAE) de ComPsych Guidance Resources, vous et les membres de votre famille imm\u00e9diate pouvez b\u00e9n\u00e9ficier de consultations confidentielles gratuites au t\u00e9l\u00e9phone en tout temps.<\/p>\n<\/div>\n\n\n\n<p>Si votre pays ne figure pas dans cette liste, appelez le centre d\u2019appel des \u00c9tats-Unis, \u00e0 frais vir\u00e9s\u00a0:\u00a0<strong>1-312-595-0074<\/strong>.\u00a0\u00a0<\/p>\n\n\n\n<figure class=\"wp-block-table is-style-stripes\"><table><tbody><tr><td>Alg\u00e9rie<\/td><td>T\u00e9l\u00e9phone fixe et mobile 213982402353<\/td><\/tr><tr><td>Argentine<\/td><td>Centre d\u2019appel d\u2019Am\u00e9rique latine 0800-333-9106<\/td><\/tr><tr><td>Australie<\/td><td>T\u00e9l\u00e9phone mobile 1-300-956-253<br>T\u00e9l\u00e9phone fixe 1-800-377-275<\/td><\/tr><tr><td>Autriche<\/td><td>0800-802196<\/td><\/tr><tr><td>Azerba\u00efdjan<\/td><td>Centre d\u2019appel des \u00c9tats-Unis, \u00e0 frais vir\u00e9s 1-312-595-0074<\/td><\/tr><tr><td>Bahamas<\/td><td>Centre d\u2019appel des \u00c9tats-Unis, \u00e0 frais vir\u00e9s 1-312-595-0074<\/td><\/tr><tr><td>Bahre\u00efn<\/td><td>8000-6882<\/td><\/tr><tr><td>Belgique<\/td><td>0800-261-74<\/td><\/tr><tr><td>Bolivie<\/td><td>800-10-5124<\/td><\/tr><tr><td>Bosnie-Herz\u00e9govine<\/td><td>Centre d\u2019appel des \u00c9tats-Unis, \u00e0 frais vir\u00e9s 1-312-595-0074<\/td><\/tr><tr><td>Botswana<\/td><td>T\u00e9l\u00e9phone fixe 00269-800-3000-463<br>T\u00e9l\u00e9phone mobile +27&nbsp;875502184<br>Centre d\u2019appel des \u00c9tats-Unis, \u00e0 frais vir\u00e9s 1-312-595-0074<\/td><\/tr><tr><td>Br\u00e9sil<\/td><td>Centre d\u2019appel d\u2019Am\u00e9rique latine 0-800-591-7011<\/td><\/tr><tr><td>Cambodge<\/td><td>Centre d\u2019appel des \u00c9tats-Unis, \u00e0 frais vir\u00e9s 1-312-595-0074<\/td><\/tr><tr><td>Canada<\/td><td>Centre d\u2019appel du Canada<br>Anglais 1-800-497-9096<br>Fran\u00e7ais 1-877-616-0509<\/td><\/tr><tr><td>Chili<\/td><td>Centre d\u2019appel d\u2019Am\u00e9rique latine 56-448909184<\/td><\/tr><tr><td>Chine<\/td><td>4001-200746<\/td><\/tr><tr><td>Colombie<\/td><td>Centre d\u2019appel d\u2019Am\u00e9rique latine<br>T\u00e9l\u00e9phone fixe 01800-913-7493<br>T\u00e9l\u00e9phone mobile 57-13819249<\/td><\/tr><tr><td>C\u00f4te d\u2019Ivoire<\/td><td>Centre d\u2019appel des \u00c9tats-Unis, \u00e0 frais vir\u00e9s 1-312-595-0074<\/td><\/tr><tr><td>Croatie<\/td><td>Centre d\u2019appel du Royaume-Uni, \u00e0 frais vir\u00e9s 0800-200-357<\/td><\/tr><tr><td>Cuba<\/td><td>Centre d\u2019appel des \u00c9tats-Unis, \u00e0 frais vir\u00e9s 1-312-595-0074<\/td><\/tr><tr><td>R\u00e9publique tch\u00e8que<\/td><td>800-700-366<\/td><\/tr><tr><td>Djibouti<\/td><td>Centre d\u2019appel des \u00c9tats-Unis, \u00e0 frais vir\u00e9s 1-312-595-0074<\/td><\/tr><tr><td>\u00c9quateur<\/td><td>Centre d\u2019appel des \u00c9tats-Unis, \u00e0 frais vir\u00e9s 1-312-595-0074<\/td><\/tr><tr><td>\u00c9gypte<\/td><td>Centre d\u2019appel du Royaume-Uni 0800-000-0632<\/td><\/tr><tr><td>Estonie<\/td><td>Centre d\u2019appel des \u00c9tats-Unis, \u00e0 frais vir\u00e9s 1-312-595-0074<\/td><\/tr><tr><td>\u00c9thiopie<\/td><td>Centre d\u2019appel des \u00c9tats-Unis, \u00e0 frais vir\u00e9s 1-312-595-0074<\/td><\/tr><tr><td>Finlande<\/td><td>Centre d\u2019appel du Royaume-Uni 0800-915-732<\/td><\/tr><tr><td>France<\/td><td>0805-081906<\/td><\/tr><tr><td>G\u00e9orgie<\/td><td>Centre d\u2019appel des \u00c9tats-Unis, \u00e0 frais vir\u00e9s 1-312-595-0074<\/td><\/tr><tr><td>Allemagne<\/td><td>T\u00e9l\u00e9phone fixe et mobile 0800-3007347<\/td><\/tr><tr><td>Ghana<\/td><td>T\u00e9l\u00e9phone fixe 0260-000-514<br>T\u00e9l\u00e9phone mobile +233-24-2426126<\/td><\/tr><tr><td>Gr\u00e8ce<\/td><td>T\u00e9l\u00e9phone fixe et mobile 800-8481276<\/td><\/tr><tr><td>Guam<\/td><td>Centre d\u2019appel des \u00c9tats-Unis, \u00e0 frais vir\u00e9s 1-312-595-0074<\/td><\/tr><tr><td>Guin\u00e9e<\/td><td>Centre d\u2019appel des \u00c9tats-Unis, \u00e0 frais vir\u00e9s 1-312-595-0074<\/td><\/tr><tr><td>Ha\u00efti<\/td><td>Centre d\u2019appel des \u00c9tats-Unis, \u00e0 frais vir\u00e9s 1-312-595-0074<\/td><\/tr><tr><td>Hong Kong<\/td><td>800-905-386<\/td><\/tr><tr><td>Hongrie<\/td><td>T\u00e9l\u00e9phone mobile et fixe 80&nbsp;088295<br>T\u00e9l\u00e9phone mobile +36-17008567<\/td><\/tr><tr><td>Inde<\/td><td>T\u00e9l\u00e9phone mobile +91-9818711035<br>T\u00e9l\u00e9phone fixe 000800-100-4444<\/td><\/tr><tr><td>Indon\u00e9sie<\/td><td>T\u00e9l\u00e9phone mobile +62-8121123123<br>T\u00e9l\u00e9phone fixe 001-8030152046091<\/td><\/tr><tr><td>Irlande<\/td><td>Centre d\u2019appel du Royaume-Uni 1-800-948-327<\/td><\/tr><tr><td>Italie<\/td><td>800-788-706<\/td><\/tr><tr><td>Jama\u00efque<\/td><td>Centre d\u2019appel des \u00c9tats-Unis 1-800-314-4685<\/td><\/tr><tr><td>Japon<\/td><td>0120-974-243<\/td><\/tr><tr><td>Kazakhstan<\/td><td>T\u00e9l\u00e9phone fixe 8-800-3332650<br>T\u00e9l\u00e9phone mobile +7-727-3505448<br>Centre d\u2019appel des \u00c9tats-Unis, \u00e0 frais vir\u00e9s 1-312-595-0074<\/td><\/tr><tr><td>Kenya<\/td><td>T\u00e9l\u00e9phone fixe et mobile 0800-211136<br>T\u00e9l\u00e9phone mobile +254-20-7602494<\/td><\/tr><tr><td>Kowe\u00eft<\/td><td>Centre d\u2019appel des \u00c9tats-Unis, \u00e0 frais vir\u00e9s 1-312-595-0074<\/td><\/tr><tr><td>Lettonie<\/td><td>8000-3455<\/td><\/tr><tr><td>Lib\u00e9ria<\/td><td>Centre d\u2019appel des \u00c9tats-Unis, \u00e0 frais vir\u00e9s 1-312-595-0074<\/td><\/tr><tr><td>Jamahiriya arabe libyenne<\/td><td>Centre d\u2019appel des \u00c9tats-Unis, \u00e0 frais vir\u00e9s 1-312-595-0074<\/td><\/tr><tr><td>Lituanie<\/td><td>Centre d\u2019appel des \u00c9tats-Unis, \u00e0 frais vir\u00e9s 1-312-595-0074<\/td><\/tr><tr><td>Malaisie<\/td><td>T\u00e9l\u00e9phone fixe 1-800-813-685<br>T\u00e9l\u00e9phone mobile (+60) 169333523<\/td><\/tr><tr><td>Mali<\/td><td>Centre d\u2019appel des \u00c9tats-Unis, \u00e0 frais vir\u00e9s 1-312-595-0074<\/td><\/tr><tr><td>\u00celes Marshall<\/td><td>Centre d\u2019appel des \u00c9tats-Unis, \u00e0 frais vir\u00e9s 1-312-595-0074<\/td><\/tr><tr><td>Mexique<\/td><td>T\u00e9l\u00e9phone fixe&nbsp;: 800-681-9591<br>T\u00e9l\u00e9phone mobile&nbsp;: 52.3341708343<\/td><\/tr><tr><td>R\u00e9publique de Moldavie<\/td><td>Centre d\u2019appel des \u00c9tats-Unis, \u00e0 frais vir\u00e9s 1-312-595-0074<\/td><\/tr><tr><td>Mozambique<\/td><td>T\u00e9l\u00e9phone fixe et mobile +27 11 9121295<\/td><\/tr><tr><td>Namibie<\/td><td>T\u00e9l\u00e9phone fixe et mobile +213982402353<\/td><\/tr><tr><td>Pays-Bas<\/td><td>T\u00e9l\u00e9phone fixe et mobile 0-800-020-0726<\/td><\/tr><tr><td>Nouvelle-Z\u00e9lande<\/td><td>T\u00e9l\u00e9phone fixe et mobile 0800-451978<\/td><\/tr><tr><td>Nigeria<\/td><td>T\u00e9l\u00e9phone fixe et mobile +070-80601824<\/td><\/tr><tr><td>Norv\u00e8ge<\/td><td>T\u00e9l\u00e9phone fixe et mobile 800-15-821<br>Centre d\u2019appel des \u00c9tats-Unis, \u00e0 frais vir\u00e9s 1-312-595-0074<\/td><\/tr><tr><td>Oman<\/td><td>800-77634<br>Centre d\u2019appel du Royaume-Uni, \u00e0 frais vir\u00e9s +44-2033183154<\/td><\/tr><tr><td>Panama<\/td><td>Centre d\u2019appel d\u2019Am\u00e9rique latine 507-833-9094<\/td><\/tr><tr><td>Papouasie\u2013Nouvelle-Guin\u00e9e<\/td><td>Centre d\u2019appel des \u00c9tats-Unis, \u00e0 frais vir\u00e9s 1-312-595-0074<\/td><\/tr><tr><td>P\u00e9rou<\/td><td>Centre d\u2019appel d\u2019Am\u00e9rique latine<br>T\u00e9l\u00e9phone fixe 0800-54669<br>T\u00e9l\u00e9phone mobile +51-17071294<\/td><\/tr><tr><td>Philippines<\/td><td>T\u00e9l\u00e9phone fixe 1800-1-116-0927<br>T\u00e9l\u00e9phone mobile 63-23953309<\/td><\/tr><tr><td>Pologne<\/td><td>T\u00e9l\u00e9phone fixe 0-0-8001113839<br>T\u00e9l\u00e9phone mobile +48-223071506<\/td><\/tr><tr><td>Portugal<\/td><td>800-180-069<\/td><\/tr><tr><td>Qatar<\/td><td>Centre d\u2019appel du Royaume-Uni 00800-100-071<\/td><\/tr><tr><td>Roumanie<\/td><td>T\u00e9l\u00e9phone fixe et mobile +0800-360644<\/td><\/tr><tr><td>Russie<\/td><td>T\u00e9l\u00e9phone fixe et mobile +8-800-100-6459<\/td><\/tr><tr><td>Arabie saoudite<\/td><td>T\u00e9l\u00e9phone fixe 800-844-8872<br>T\u00e9l\u00e9phone mobile et fixe 800-814-1382<\/td><\/tr><tr><td>S\u00e9n\u00e9gal<\/td><td>Centre d\u2019appel des \u00c9tats-Unis, \u00e0 frais vir\u00e9s 1-312-595-0074<\/td><\/tr><tr><td>Singapour<\/td><td>T\u00e9l\u00e9phone mobile (+65) 3158-6529<br>T\u00e9l\u00e9phone fixe 800-852-3937<\/td><\/tr><tr><td>Slovaquie<\/td><td>Centre d\u2019appel du Royaume-Uni, \u00e0 frais vir\u00e9s +44-033183154<\/td><\/tr><tr><td>\u00celes Salomon<\/td><td>Centre d\u2019appel des \u00c9tats-Unis, \u00e0 frais vir\u00e9s 1-312-595-0074<\/td><\/tr><tr><td>Afrique du Sud<\/td><td>T\u00e9l\u00e9phone fixe et mobile 080-0991590<br>T\u00e9l\u00e9phone mobile +27&nbsp;875502184<\/td><\/tr><tr><td>Cor\u00e9e du Sud<\/td><td>T\u00e9l\u00e9phone mobile et fixe 080-822-1376<\/td><\/tr><tr><td>Espagne<\/td><td>900-868553<\/td><\/tr><tr><td>Sri Lanka<\/td><td>T\u00e9l\u00e9phone mobile et fixe +94-078-9997098<\/td><\/tr><tr><td>Soudan<\/td><td>Centre d\u2019appel des \u00c9tats-Unis, \u00e0 frais vir\u00e9s 1-312-595-0074<\/td><\/tr><tr><td>Su\u00e8de<\/td><td>Centre d\u2019appel du Royaume-Uni 020-889-844<\/td><\/tr><tr><td>Suisse<\/td><td>T\u00e9l\u00e9phone fixe et mobile 0800 562 534<\/td><\/tr><tr><td>Ta\u00efwan, R\u00e9publique de Chine<\/td><td>T\u00e9l\u00e9phone fixe et mobile 00801-12-6953<\/td><\/tr><tr><td>Tha\u00eflande<\/td><td>T\u00e9l\u00e9phone mobile et fixe 180-001-9270<\/td><\/tr><tr><td>Trinit\u00e9-et-Tobago<\/td><td>Centre d\u2019appel des \u00c9tats-Unis 1-800-201-1720<\/td><\/tr><tr><td>Turquie<\/td><td>T\u00e9l\u00e9phone fixe et mobile 0850-30-73-373<\/td><\/tr><tr><td>Ouganda<\/td><td>T\u00e9l\u00e9phone fixe 0800-113-003<br>T\u00e9l\u00e9phone mobile 256-206300055<br>T\u00e9l\u00e9phone fixe et mobile +27 11 9121295<\/td><\/tr><tr><td>Ukraine<\/td><td>0-800-501753<\/td><\/tr><tr><td>\u00c9mirats arabes unis<\/td><td>800-0320510<\/td><\/tr><tr><td>Royaume-Uni<\/td><td>Centre d\u2019appel du Royaume-Uni 0800-917-5320<\/td><\/tr><tr><td>\u00c9tats-Unis<\/td><td>1-866-501-7962<\/td><\/tr><tr><td>Expatri\u00e9s am\u00e9ricains<\/td><td>Centre d\u2019appel des \u00c9tats-Unis, \u00e0 frais vir\u00e9s 1-312-595-0074<\/td><\/tr><tr><td>Venezuela<\/td><td>Centre d\u2019appel d\u2019Am\u00e9rique latine +58-2123353042<\/td><\/tr><tr><td>Vietnam<\/td><td>T\u00e9l\u00e9phone mobile&nbsp;: +84-24-44581939<br>T\u00e9l\u00e9phone fixe&nbsp;: 120-11-410<\/td><\/tr><\/tbody><\/table><\/figure>\n\n\n\n<p><\/p>\n<\/div>\n\n\n\n<div class=\"wp-block-column is-content-justification-center is-layout-constrained wp-container-core-column-is-layout-242fdfe1 wp-block-column-is-layout-constrained\">\n<section class=\"wp-block-cover quick-links\" style=\"padding-top:40px;padding-right:40px;padding-bottom:40px;padding-left:40px;min-height:50px;aspect-ratio:unset;\"><span aria-hidden=\"true\" class=\"wp-block-cover__background has-midnight-teal-background-color has-background-dim-100 has-background-dim\"><\/span><div class=\"wp-block-cover__inner-container is-layout-constrained wp-container-core-cover-is-layout-220af5f2 wp-block-cover-is-layout-constrained\">\n<h3 class=\"wp-block-heading has-text-align-left\" style=\"font-size:24px\">Liens connexes<\/h3>\n\n\n\n<ul class=\"wp-block-list\">\n<li class=\"  \"><a href=\"https:\/\/aecomusabcstg.wpengine.com\/docs\/compsych-personalized-care-journey\/\" data-type=\"page\" data-id=\"19\" target=\"_blank\" rel=\"noreferrer noopener\">Principales caract\u00e9ristiques du PAE<\/a><\/li>\n\n\n\n<li class=\"  \"><a href=\"https:\/\/aecomusabcstg.wpengine.com\/docs\/eap-us-flyer\/\" target=\"_blank\" rel=\"noreferrer noopener\">Votre vid\u00e9o de parcours de soin personnalis\u00e9<\/a><\/li>\n<\/ul>\n<\/div><\/section>\n\n\n\n<div class=\"wp-block-cover is-light resources-sidebar has-vendor-data vendor-group-vendor_contact\" style=\"padding-top:40px;padding-right:40px;padding-bottom:40px;padding-left:40px;min-height:50px;aspect-ratio:unset;\"><span aria-hidden=\"true\" class=\"wp-block-cover__background has-stone-gray-background-color has-background-dim-100 has-background-dim\"><\/span><div class=\"wp-block-cover__inner-container is-layout-constrained wp-container-core-cover-is-layout-3dcc9c70 wp-block-cover-is-layout-constrained\"><style>\n\t\t.vendor-directory-fields {\n\t\t\tmargin-bottom: 20px;\n\t\t}\n\t\t.vendor-directory-fields .vendor-app-name {\n\t\t\tmargin: 0 0 12px 0;\n\t\t\tfont-size: 1.5em;\n\t\t\tfont-weight: 600;\n\t\t}\n\t\t.vendor-directory-fields .vendor-app-description {\n\t\t\tmargin: 0 0 20px 0;\n\t\t\tfont-size: 1em;\n\t\t\tline-height: 1.6;\n\t\t}\n\t\t.vendor-directory-fields .vendor-app-links {\n\t\t\tdisplay: flex;\n\t\t\tgap: 20px;\n\t\t\tflex-wrap: wrap;\n\t\t\talign-items: stretch;\n\t\t}\n\t\t.vendor-directory-fields .vendor-app-link-column {\n\t\t\tflex: 1;\n\t\t\tmin-width: 140px;\n\t\t}\n\t\t.vendor-directory-fields .vendor-app-links {\n\t\t\tmargin: 0 !important;\n\t\t}\n\t\t.vendor-directory-fields .vendor-app-link-column {\n\t\t\tmargin: 0 !important;\n\t\t}\n\t\t.vendor-directory-fields .vendor-app-badge {\n\t\t\tmargin: 0 !important;\n\t\t\tpadding: 0;\n\t\t\tdisplay: block;\n\t\t\twidth: 100%;\n\t\t}\n\t\t.vendor-directory-fields .vendor-app-badge a,\n\t\t.vendor-directory-fields .vendor-app-badge-link {\n\t\t\tdisplay: block;\n\t\t\twidth: 100%;\n\t\t\tmargin: 0;\n\t\t}\n\t\t.vendor-directory-fields .vendor-app-badge img,\n\t\t.vendor-directory-fields .vendor-app-badge-image {\n\t\t\twidth: 100% !important;\n\t\t\tmax-width: 100% !important;\n\t\t\theight: auto !important;\n\t\t\tdisplay: block;\n\t\t\tmargin: 0 !important;\n\t\t}\n\t\t.vendor-directory-fields figure.vendor-app-badge {\n\t\t\twidth: 100%;\n\t\t\tmargin: 0 !important;\n\t\t}\n\t\t.vendor-directory-fields .vendor-contact-field-label {\n\t\t\tmargin: 0 0 8px 0;\n\t\t\tfont-size: 1.25em;\n\t\t\tfont-weight: 600;\n\t\t}\n\t\t.vendor-directory-fields .vendor-contact-field {\n\t\t\tmargin-bottom: 12px;\n\t\t}\n\t\t.vendor-directory-fields .vendor-contact-field strong {\n\t\t\tdisplay: block;\n\t\t\tmargin-bottom: 4px;\n\t\t}\n\t\t.vendor-directory-fields .vendor-contact-field-content {\n\t\t\tline-height: 1.5;\n\t\t}\n\t<\/style><div class=\"vendor-directory-fields\" data-vendor-id=\"487\" data-field-group=\"vendor_contact\"><div class=\"vendor-contact-content\"><div class=\"vendor-contact-fields\"><div class=\"vendor-contact-field vendor-contact-field--vendor_contact_info\"><h3 class=\"vendor-contact-field-label\">Contact<\/h3><div class=\"vendor-contact-field-content\"><p><span data-contrast=\"auto\">Service de consultation confidentiel pour vous aider \u00e0 g\u00e9rer des situations telles que des probl\u00e8mes conjugaux, des d\u00e9fis professionnels, l\u2019alcoolisme, la toxicomanie, ou des probl\u00e8mes g\u00e9n\u00e9raux li\u00e9s au stress ou \u00e0 la d\u00e9pression. <\/span><span data-ccp-props=\"{&quot;201341983&quot;:0,&quot;335559739&quot;:0,&quot;335559740&quot;:278}\">\u00a0<\/span><\/p>\n<p><span data-contrast=\"auto\"><strong>T\u00e9l\u00e9phone:<\/strong> 1-800-497-9096 (en anglais) ou au 1-877-616-0509 (en fran\u00e7ais)<\/span><span data-ccp-props=\"{&quot;201341983&quot;:0,&quot;335559739&quot;:0,&quot;335559740&quot;:278}\">\u00a0<\/span><\/p>\n<p><span data-contrast=\"auto\">24\u00a0heures\u00a0sur 24, 7\u00a0jours\u00a0sur 7<\/span><span data-ccp-props=\"{&quot;201341983&quot;:0,&quot;335559685&quot;:720,&quot;335559739&quot;:0,&quot;335559740&quot;:278}\">\u00a0<\/span><\/p>\n<p><strong>Site Web:<\/strong><\/p>\n<p><span data-contrast=\"auto\">Se connecter via\u00a0<\/span><a href=\"https:\/\/launcher.myapps.microsoft.com\/api\/signin\/b65ea8e2-eb1b-4890-88da-84fe1c50b389?tenantId=16ed5ab4-2b59-4e40-806d-8a30bdc9cf26\" target=\"_blank\" rel=\"noopener\"><span data-contrast=\"none\">Microsoft Authenticator<\/span><\/a><span data-ccp-props=\"{&quot;201341983&quot;:0,&quot;335559685&quot;:720,&quot;335559740&quot;:278}\">\u00a0<\/span><\/p>\n<p><a href=\"https:\/\/launcher.myapps.microsoft.com\/api\/signin\/b65ea8e2-eb1b-4890-88da-84fe1c50b389?tenantId=16ed5ab4-2b59-4e40-806d-8a30bdc9cf26\" target=\"_blank\" rel=\"noopener\"><span data-contrast=\"none\">www.Guidanceresources.com<\/span><\/a><span data-contrast=\"auto\">\u00a0\u00a0\u00a0<\/span><span data-ccp-props=\"{&quot;201341983&quot;:0,&quot;335559685&quot;:720,&quot;335559739&quot;:0,&quot;335559740&quot;:278}\">\u00a0<\/span><\/p>\n<p><span data-contrast=\"auto\">(Code d\u2019entreprise: AECOM,\u00a0s\u00e9lectionnez le drapeau\u00a0du Canada)<\/span><span data-ccp-props=\"{&quot;201341983&quot;:0,&quot;335559685&quot;:720,&quot;335559739&quot;:0,&quot;335559740&quot;:278}\">\u00a0<\/span><\/p>\n<\/div><\/div><\/div><\/div><\/div>\n<p><\/p>\n<\/div><\/div>\n<\/div>\n<\/div>\n","protected":false},"excerpt":{"rendered":"<p>Gr\u00e2ce au programme mondial d\u2019aide aux employ\u00e9s (PAE) de ComPsych Guidance Resources, vous et les membres de votre famille imm\u00e9diate pouvez b\u00e9n\u00e9ficier de consultations confidentielles gratuites au t\u00e9l\u00e9phone en tout temps. Si votre pays ne figure pas dans cette liste, appelez le centre d\u2019appel des \u00c9tats-Unis, \u00e0 frais vir\u00e9s\u00a0:\u00a01-312-595-0074.\u00a0\u00a0 Alg\u00e9rie T\u00e9l\u00e9phone fixe et mobile 213982402353 [&hellip;]<\/p>\n","protected":false},"author":2,"featured_media":0,"parent":0,"menu_order":0,"comment_status":"closed","ping_status":"closed","template":"page-templates\/page-blank-container.php","meta":{"_acf_changed":false,"footnotes":""},"class_list":["post-844","page","type-page","status-publish","hentry"],"acf":[],"_links":{"self":[{"href":"https:\/\/benefits.aecom.com\/fr-ca\/wp-json\/wp\/v2\/pages\/844","targetHints":{"allow":["GET"]}}],"collection":[{"href":"https:\/\/benefits.aecom.com\/fr-ca\/wp-json\/wp\/v2\/pages"}],"about":[{"href":"https:\/\/benefits.aecom.com\/fr-ca\/wp-json\/wp\/v2\/types\/page"}],"author":[{"embeddable":true,"href":"https:\/\/benefits.aecom.com\/fr-ca\/wp-json\/wp\/v2\/users\/2"}],"replies":[{"embeddable":true,"href":"https:\/\/benefits.aecom.com\/fr-ca\/wp-json\/wp\/v2\/comments?post=844"}],"version-history":[{"count":5,"href":"https:\/\/benefits.aecom.com\/fr-ca\/wp-json\/wp\/v2\/pages\/844\/revisions"}],"predecessor-version":[{"id":1072,"href":"https:\/\/benefits.aecom.com\/fr-ca\/wp-json\/wp\/v2\/pages\/844\/revisions\/1072"}],"wp:attachment":[{"href":"https:\/\/benefits.aecom.com\/fr-ca\/wp-json\/wp\/v2\/media?parent=844"}],"curies":[{"name":"wp","href":"https:\/\/api.w.org\/{rel}","templated":true}]}}