{"id":847,"date":"2026-02-13T08:40:40","date_gmt":"2026-02-13T08:40:40","guid":{"rendered":"https:\/\/dev-benefits2024.pantheonsite.io\/fr-ca\/?page_id=847"},"modified":"2026-03-04T17:33:00","modified_gmt":"2026-03-04T17:33:00","slug":"programme-daide-aux-employes","status":"publish","type":"page","link":"https:\/\/benefits.aecom.com\/fr-ca\/programme-daide-aux-employes\/","title":{"rendered":"Programme d\u2019aide aux employ\u00e9s (PAE) et Koa Care 360"},"content":{"rendered":"\n<div class=\"wp-block-columns sticky-sidebar-container is-layout-flex wp-container-core-columns-is-layout-cbe57604 wp-block-columns-is-layout-flex\">\n<div class=\"wp-block-column is-layout-flow wp-block-column-is-layout-flow\" style=\"flex-basis:70%\">\n<p><strong>PAE \u2013 Consultations confidentielles gratuites pour vous et votre famille.&nbsp;<\/strong><\/p>\n\n\n\n<p>Il peut \u00eatre difficile de jongler avec les exigences de la vie quotidienne, et c\u2019est pourquoi vous pourriez parfois avoir besoin d\u2019un coup de main suppl\u00e9mentaire. C\u2019est ici qu\u2019intervient le programme d\u2019aide aux employ\u00e9s (PAE) d\u2019AECOM.&nbsp;<\/p>\n\n\n\n<p>Il peut \u00eatre stressant de g\u00e9rer les responsabilit\u00e9s du quotidien. Parfois, un coup de main serait le bienvenu.<\/p>\n\n\n\n<p>Fourni par ComPsych GuidanceResources, le PAE vous offre, \u00e0 vous et aux membres de votre famille, un soutien confidentiel en tout temps. Vous pouvez obtenir de l\u2019aide pour une vaste gamme de pr\u00e9occupations, y compris les suivantes&nbsp;:&nbsp;<\/p>\n\n\n\n<ul class=\"wp-block-list\">\n<li class=\"  \">les relations<\/li>\n\n\n\n<li class=\"  \">les probl\u00e8mes en milieu de travail<\/li>\n\n\n\n<li class=\"  \">la toxicomanie<\/li>\n\n\n\n<li class=\"  \">la sant\u00e9 mentale<\/li>\n\n\n\n<li class=\"  \">les conseils financiers ou juridiques<\/li>\n\n\n\n<li class=\"  \">le r\u00f4le de proche aidant<\/li>\n\n\n\n<li class=\"  \">Cinq s\u00e9ances de counseling confidentiel gratuites par ann\u00e9e, par probl\u00e8me, pour vous et les membres de votre famille<\/li>\n\n\n\n<li class=\"  \">Cinq s\u00e9ances gratuites de coaching bien-\u00eatre par ann\u00e9e, par probl\u00e8me, pour vous et les membres de votre famille<\/li>\n<\/ul>\n\n\n\n<p>D\u00e9couvrez de quelles autres fa\u00e7ons le PAE peut aider.&nbsp;<\/p>\n\n\n\n<h4 class=\"wp-block-heading\"><strong>Commencer&nbsp;<\/strong>&nbsp;<\/h4>\n\n\n\n<p>Les employ\u00e9s d\u2019AECOM peuvent se connecter directement \u00e0 l\u2019aide de <a href=\"https:\/\/launcher.myapps.microsoft.com\/api\/signin\/b65ea8e2-eb1b-4890-88da-84fe1c50b389?tenantId=16ed5ab4-2b59-4e40-806d-8a30bdc9cf26\">Microsoft Authenticator<\/a>. S\u00e9lectionnez le drapeau de votre pays, au besoin. &nbsp;<\/p>\n\n\n\n<p>Pour les employ\u00e9s d\u2019AECOM qui n\u2019ont pas acc\u00e8s \u00e0 MS Authenticator ou pour les membres de la famille d\u2019employ\u00e9s d\u2019AECOM, veuillez visiter <a href=\"https:\/\/urldefense.proofpoint.com\/v2\/url?u=https-3A__urldefense.com_v3_-5F-5Fhttp-3A_www.guidanceresources.com_-5F-5F-3B-21-21ETWISUBM-212hKES1XxY-5FjuEEQF10yDeYsRb3iB91L6Aw8swIcjKt-5FY36eDQvz5ka7Kzu6CASangSjWIRpmWRnx2Kn6fjWoEA-24&amp;d=DwMF_g&amp;c=euGZstcaTDllvimEN8b7jXrwqOf-v5A_CdpgnVfiiMM&amp;r=pK6ZU5F8QEXLnVf3lVtB78voyGsdg7nEswLpwuThKMI&amp;m=4avoBLmAIWXqUwvGCRM7ZPQk7Hmp_LLNNuNUe9OhE4ZZirEchQBSAEGweYC3lQHv&amp;s=KNLMODdWMG2k-1IFnWlC6p8XGPWiu7Sx1bPk8W50UEQ&amp;e=\">guidanceresources.com<\/a> (code d\u2019entreprise&nbsp;: AECOM).&nbsp;Apr\u00e8s avoir saisi le code AECOM, vous devrez s\u00e9lectionner le pays o\u00f9 vous \u00eates.&nbsp;<\/p>\n\n\n\n<h4 class=\"wp-block-heading\"><strong><strong>Koa Care&nbsp;360 \u2013 Aide en sant\u00e9 mentale sur demande <\/strong>&nbsp;&nbsp;<\/strong>&nbsp;<\/h4>\n\n\n\n<p>Dans le cadre du PAE, AECOM offre une plateforme num\u00e9rique de sant\u00e9 mentale intitul\u00e9e Koa Care&nbsp;360. Tous les employ\u00e9s d\u2019AECOM et les membres de leur famille sont admissibles \u00e0 cette prestation gratuitement.<\/p>\n\n\n\n<p>Offerte en fran\u00e7ais, en anglais, en espagnol et en allemand, Koa Care&nbsp;360 est un outil num\u00e9rique de premier ordre qui fait appel \u00e0 des m\u00e9thodes de th\u00e9rapie comportementale cognitive pour vous aider \u00e0 cerner et \u00e0 modifier vos pens\u00e9es et comportements n\u00e9gatifs.&nbsp;<\/p>\n\n\n\n<p>Obtenez une exp\u00e9rience personnalis\u00e9e qui r\u00e9pond \u00e0 vos besoins de mieux-\u00eatre mental et \u00e9motionnel&nbsp;:&nbsp;<\/p>\n\n\n\n<ul class=\"wp-block-list\">\n<li class=\"  \">G\u00e9rer un probl\u00e8me de sant\u00e9 mentale<\/li>\n\n\n\n<li class=\"  \">D\u00e9velopper la r\u00e9silience et relever les d\u00e9fis<\/li>\n\n\n\n<li class=\"  \">R\u00e9duire le stress et le risque d\u2019\u00e9puisement professionnel<\/li>\n\n\n\n<li class=\"  \">Adopter de saines habitudes<\/li>\n<\/ul>\n\n\n\n<p>Augmenter votre estime de soi<\/p>\n\n\n\n<p>La plateforme comprend des outils et des ressources, comme une vaste biblioth\u00e8que de contenu, des programmes interactifs et des recommandations personnalis\u00e9es sur la mani\u00e8re d\u2019am\u00e9liorer votre mieux-\u00eatre \u00e9motionnel.&nbsp;<\/p>\n\n\n\n<p><strong>Commencer<\/strong><\/p>\n\n\n\n<p>Pour s\u2019inscrire&nbsp;:&nbsp;<\/p>\n\n\n\n<ol class=\"wp-block-list\">\n<li class=\"  \">Connectez-vous \u00e0 votre <a href=\"https:\/\/www.guidanceresources.com\/groWeb\/login\/login.xhtml\">compte ComPsych GuideanceResources<\/a> (si vous n\u2019avez pas encore de compte, cr\u00e9ez-en un \u00e0 l\u2019aide de l\u2019identifiant Web de l\u2019entreprise&nbsp;: AECOM).<\/li>\n\n\n\n<li class=\"  \">Faites d\u00e9filer la page d\u2019accueil vers le bas, puis cliquez sur <em>Connect Me<\/em> (me connecter) ou <em>Browse All Services<\/em> (parcourir tous les services).<\/li>\n\n\n\n<li class=\"  \">Sous <em>Additional Tools &amp; Resources<\/em> (outils et ressources suppl\u00e9mentaires), cliquez sur <em>Digital Self-Care Tools<\/em> (outils num\u00e9riques pour prendre soin de soi).<\/li>\n\n\n\n<li class=\"  \">Remplissez votre profil en ajoutant votre pr\u00e9nom (s\u2019il y a lieu) et en acceptant les modalit\u00e9s.<\/li>\n\n\n\n<li class=\"  \">Cliquez sur <em>Start<\/em> \u00e0 l\u2019\u00e9cran d\u2019accueil de Koa Care&nbsp;360.<\/li>\n<\/ol>\n<\/div>\n\n\n\n<div class=\"wp-block-column sticky-sidebar is-layout-flow wp-block-column-is-layout-flow\" style=\"flex-basis:30%\">\n<section class=\"wp-block-cover quick-links\" style=\"padding-top:40px;padding-right:40px;padding-bottom:40px;padding-left:40px;min-height:50px;aspect-ratio:unset;\"><span aria-hidden=\"true\" class=\"wp-block-cover__background has-midnight-teal-background-color has-background-dim-100 has-background-dim\"><\/span><div class=\"wp-block-cover__inner-container is-layout-constrained wp-container-core-cover-is-layout-e158748c wp-block-cover-is-layout-constrained\">\n<h3 class=\"wp-block-heading has-text-align-left\" style=\"font-size:24px\">Liens connexes<\/h3>\n\n\n\n<ul class=\"wp-block-list\">\n<li class=\"  \"><a href=\"https:\/\/benefits.aecom.com\/fr-ca\/repertoire-international-du-pae\/\" target=\"_blank\" rel=\"noreferrer noopener\"><\/a><a href=\"https:\/\/benefits.aecom.com\/wp-content\/uploads\/documents\/global\/employee_assistance_program\/compsych_personalized_care_journey.pdf\" target=\"_blank\" rel=\"noreferrer noopener\">PAE \u2013 Votre feuillet de par<\/a><a href=\"https:\/\/benefits.aecom.com\/wp-content\/uploads\/documents\/global\/employee_assistance_program\/compsych_personalized_care_journey.pdf\">c<\/a><a href=\"https:\/\/aecomusabcstg.wpengine.com\/docs\/compsych-personalized-care-journey\/\">ours de soin personnalis\u00e9<\/a><\/li>\n\n\n\n<li class=\"  \"><a href=\"https:\/\/wellbeingataecom.com\/docs\/EAP-Overview-FAQs.pdf\" target=\"_blank\" rel=\"noreferrer noopener\"><\/a><a href=\"https:\/\/benefits.aecom.com\/wp-content\/uploads\/documents\/global\/employee_assistance_program\/eap_flyer.pdf\" target=\"_blank\" rel=\"noreferrer noopener\">Principales caract\u00e9ristiques du PAE<\/a><\/li>\n\n\n\n<li class=\"  \"><a href=\"https:\/\/share.vidyard.com\/watch\/16R8oTkTx3J8u5GLCQAjZX\">PAE \u2013 Votre vid\u00e9o de parcours de soin personnalis\u00e9<\/a><\/li>\n\n\n\n<li class=\"  \"><a href=\"https:\/\/benefits.aecom.com\/fr-ca\/repertoire-international-du-pae\/\" target=\"_blank\" rel=\"noreferrer noopener\">R\u00e9pertoire international du PAE<\/a><\/li>\n<\/ul>\n\n\n\n<p>Koa Care 360<\/p>\n\n\n\n<ul class=\"wp-block-list\">\n<li class=\"  \"><a href=\"https:\/\/benefits.aecom.com\/wp-content\/uploads\/documents\/global\/employee_assistance_program\/how_to_access_koa_care_360_fr.pdf\" data-type=\"link\" data-id=\"https:\/\/benefits.aecom.com\/wp-content\/uploads\/documents\/global\/employee_assistance_program\/How_To_Access_Koa_Care_360_French_Canadian.pdf\" target=\"_blank\" rel=\"noreferrer noopener\"><\/a><a href=\"https:\/\/benefits.aecom.com\/wp-content\/uploads\/documents\/global\/employee_assistance_program\/how_to_access_koa_care_360_fr.pdf\">Comment Koa Care&nbsp;360 peut aider<\/a><\/li>\n\n\n\n<li class=\"  \"><a href=\"https:\/\/benefits.aecom.com\/wp-content\/uploads\/documents\/global\/employee_assistance_program\/how_to_access_koa_care_360.pdf\" target=\"_blank\" rel=\"noreferrer noopener\">Comment acc\u00e9der \u00e0 Koa Care 360 (en anglais seulement)<\/a><\/li>\n\n\n\n<li class=\"  \"><a href=\"https:\/\/benefits.aecom.com\/wp-content\/uploads\/documents\/global\/employee_assistance_program\/how_koa_can_help.pdf\" target=\"_blank\" rel=\"noreferrer noopener\">Comment Koa Care 360 peut vous aider (en anglais seulement)<\/a><\/li>\n\n\n\n<li class=\"  \"><a href=\"https:\/\/benefits.aecom.com\/wp-content\/uploads\/documents\/global\/employee_assistance_program\/invite_familty_to_koa.pdf\" target=\"_blank\" rel=\"noreferrer noopener\">Invitez votre famille \u00e0 Koa Care 360 (en anglais seulement)<\/a><\/li>\n\n\n\n<li class=\"  \"><a href=\"https:\/\/benefits.aecom.com\/wp-content\/uploads\/documents\/global\/employee_assistance_program\/koa_faqs.pdf\" target=\"_blank\" rel=\"noreferrer noopener\">Questions fr\u00e9quentes sur Koa Care 360 (en anglais seulement)<\/a><\/li>\n\n\n\n<li class=\"  \"><a href=\"https:\/\/share.vidyard.com\/watch\/mVhYQjN9SecBKmVoEgo3t4\">Comprendre Koa Care 360 (en anglais seulement)<\/a><\/li>\n<\/ul>\n<\/div><\/section>\n<\/div>\n<\/div>\n\n\n\n<hr class=\"wp-block-separator has-alpha-channel-opacity\" \/>\n\n\n\n<p><\/p>\n","protected":false},"excerpt":{"rendered":"<p>PAE \u2013 Consultations confidentielles gratuites pour vous et votre famille.&nbsp; Il peut \u00eatre difficile de jongler avec les exigences de la vie quotidienne, et c\u2019est pourquoi vous pourriez parfois avoir besoin d\u2019un coup de main suppl\u00e9mentaire. C\u2019est ici qu\u2019intervient le programme d\u2019aide aux employ\u00e9s (PAE) d\u2019AECOM.&nbsp; Il peut \u00eatre stressant de g\u00e9rer les responsabilit\u00e9s du [&hellip;]<\/p>\n","protected":false},"author":2,"featured_media":0,"parent":0,"menu_order":0,"comment_status":"closed","ping_status":"closed","template":"page-templates\/page-blank-container.php","meta":{"_acf_changed":false,"footnotes":""},"class_list":["post-847","page","type-page","status-publish","hentry"],"acf":[],"_links":{"self":[{"href":"https:\/\/benefits.aecom.com\/fr-ca\/wp-json\/wp\/v2\/pages\/847","targetHints":{"allow":["GET"]}}],"collection":[{"href":"https:\/\/benefits.aecom.com\/fr-ca\/wp-json\/wp\/v2\/pages"}],"about":[{"href":"https:\/\/benefits.aecom.com\/fr-ca\/wp-json\/wp\/v2\/types\/page"}],"author":[{"embeddable":true,"href":"https:\/\/benefits.aecom.com\/fr-ca\/wp-json\/wp\/v2\/users\/2"}],"replies":[{"embeddable":true,"href":"https:\/\/benefits.aecom.com\/fr-ca\/wp-json\/wp\/v2\/comments?post=847"}],"version-history":[{"count":20,"href":"https:\/\/benefits.aecom.com\/fr-ca\/wp-json\/wp\/v2\/pages\/847\/revisions"}],"predecessor-version":[{"id":1200,"href":"https:\/\/benefits.aecom.com\/fr-ca\/wp-json\/wp\/v2\/pages\/847\/revisions\/1200"}],"wp:attachment":[{"href":"https:\/\/benefits.aecom.com\/fr-ca\/wp-json\/wp\/v2\/media?parent=847"}],"curies":[{"name":"wp","href":"https:\/\/api.w.org\/{rel}","templated":true}]}}