{"id":853,"date":"2026-02-13T08:49:26","date_gmt":"2026-02-13T08:49:26","guid":{"rendered":"https:\/\/dev-benefits2024.pantheonsite.io\/fr-ca\/?page_id=853"},"modified":"2026-03-04T20:31:44","modified_gmt":"2026-03-04T20:31:44","slug":"kudos-service-awards-and-social-recognition-fr","status":"publish","type":"page","link":"https:\/\/benefits.aecom.com\/fr-ca\/kudos-service-awards-and-social-recognition-fr\/","title":{"rendered":"Programme de reconnaissance d\u2019anciennet\u00e9 et de reconnaissance sociale Kudos"},"content":{"rendered":"\n<div class=\"wp-block-columns sticky-sidebar-container is-layout-flex wp-container-core-columns-is-layout-cbe57604 wp-block-columns-is-layout-flex\">\n<div class=\"wp-block-column is-layout-flow wp-block-column-is-layout-flow\" style=\"flex-basis:66.667%\">\n<p>\u200bSoulignez les r\u00e9alisations personnelles et les contributions professionnelles de vos coll\u00e8gues de partout dans le monde gr\u00e2ce \u00e0 Kudos, le programme mondial de reconnaissance d\u2019anciennet\u00e9 et de reconnaissance sociale d\u2019AECOM.<\/p>\n\n\n\n<p><strong>C\u00e9l\u00e9brons les ann\u00e9es de service aupr\u00e8s d\u2019AECOM<\/strong><\/p>\n\n\n\n<p>Lorsque vous atteignez un jalon de service quinquennal (p.&nbsp;ex. 5, 10, 15 ou 20&nbsp;ann\u00e9es de service) au sein d\u2019AECOM, \u00e0 compter de la cinqui\u00e8me ann\u00e9e, vous recevrez des points que vous pouvez \u00e9changer contre une vaste gamme de r\u00e9compenses Kudos. Choisissez parmi plus d\u2019un million d\u2019options de r\u00e9compenses, y compris des articles, des cartes-cadeaux, des exp\u00e9riences et plus encore offerts par plus de 2&nbsp;000&nbsp;marques populaires.<\/p>\n\n\n\n<p>Vous pouvez m\u00eame redonner \u00e0 la collectivit\u00e9 en choisissant de donner vos points \u00e0 un organisme de charit\u00e9.<\/p>\n\n\n\n<p><strong>F\u00e9licitez vos coll\u00e8gues en tout temps, o\u00f9 que vous soyez<\/strong><\/p>\n\n\n\n<p>Les recherches d\u00e9montrent que les employ\u00e9s qui re\u00e7oivent plusieurs formes de reconnaissance sont plus heureux, plus motiv\u00e9s, plus productifs et plus engag\u00e9s. Gr\u00e2ce \u00e0 la plateforme Kudos, vous pouvez envoyer des Moments de C\u00e9l\u00e9bration personnalis\u00e9s, des cartes virtuelles et des badges pour souligner le travail bien fait de vos coll\u00e8gues, leur offrir un mot de remerciement ou c\u00e9l\u00e9brer un \u00e9v\u00e9nement personnel comme un anniversaire ou une retraite.<\/p>\n\n\n\n<p>La reconnaissance n\u2019a pas besoin d\u2019\u00eatre grandiose \u2014 elle doit simplement \u00eatre sinc\u00e8re et opportune. Utilisez le fil social de Kudos pour publier des messages de f\u00e9licitations et c\u00e9l\u00e9brer \u2014 tout en encourageant les autres \u00e0 c\u00e9l\u00e9brer \u2014 les r\u00e9ussites de vos coll\u00e8gues.<\/p>\n\n\n\n<p>R\u00e9partissez la gentillesse et la gratitude en donnant des Kudos\u202f!<\/p>\n\n\n<div class=\"wp-block-aecom-blocks-aecom-accordion\">\n\t<div class=\"accordion\" id=\"accordion-1765443913828-tqu26noht\">\n\t\t\n\n<div class=\"accordion-item wp-block-aecom-blocks-aecom-accordion-item\">\n    <h2 class=\"accordion-header\">\n      <button class=\"accordion-button collapsed\" type=\"button\" data-bs-toggle=\"collapse\" data-bs-target=\"#accordion-1765443913857-44xljl5f6\" aria-expanded=\"false\" aria-controls=\"accordion-1765443913857-44xljl5f6\">\n        <strong><strong>Acc\u00e9der \u00e0 Kudos apr\u00e8s votre d\u00e9part d\u2019AECOM<\/strong>COM<\/strong>\u00a0      <\/button>\n    <\/h2>\n    <div id=\"accordion-1765443913857-44xljl5f6\" class=\"accordion-collapse collapse\" data-bs-parent=\"#accordion-1765443913828-tqu26noht\">\n      <div class=\"accordion-body\">\n        \n\n<p>Pour les employ\u00e9s qui quittent AECOM et qui n\u2019ont pas \u00e9chang\u00e9 leurs points sur le site Kudos&nbsp;:&nbsp;&nbsp;<\/p>\n\n\n\n<p>Vous pouvez toujours acc\u00e9der au catalogue de r\u00e9compenses pour utiliser vos points restants apr\u00e8s votre d\u00e9part d\u2019AECOM. Vos points n\u2019ont aucune date d\u2019\u00e9ch\u00e9ance. Vous perdrez votre acc\u00e8s au catalogue aussit\u00f4t que vous aurez \u00e9puis\u00e9 votre solde de points (0&nbsp;point).&nbsp;<\/p>\n\n\n\n<p>Il est cependant pr\u00e9f\u00e9rable d\u2019\u00e9changer vos points <strong>avant<\/strong> votre derni\u00e8re journ\u00e9e de travail aupr\u00e8s d\u2019AECOM&nbsp;:&nbsp;<\/p>\n\n\n\n<p>Il est cependant pr\u00e9f\u00e9rable d\u2019\u00e9changer vos points <strong>avant<\/strong> votre derni\u00e8re journ\u00e9e de travail aupr\u00e8s d\u2019AECOM&nbsp;:&nbsp;<\/p>\n\n\n\n<p>Cliquez sur votre profil, puis sur l\u2019onglet Security pour ajouter votre adresse courriel et votre mot de passe de r\u00e9cup\u00e9ration&nbsp;:&nbsp;<\/p>\n\n\n\n<figure class=\"wp-block-image size-full\"><img loading=\"lazy\" decoding=\"async\" width=\"342\" height=\"298\" src=\"https:\/\/benefits.aecom.com\/fr-ca\/wp-content\/uploads\/sites\/4\/2026\/02\/Screenshot-2026-02-18-151648.png\" alt=\"\" class=\"wp-image-1101\" srcset=\"https:\/\/benefits.aecom.com\/fr-ca\/wp-content\/uploads\/sites\/4\/2026\/02\/Screenshot-2026-02-18-151648.png 342w, https:\/\/benefits.aecom.com\/fr-ca\/wp-content\/uploads\/sites\/4\/2026\/02\/Screenshot-2026-02-18-151648-300x261.png 300w\" sizes=\"auto, (max-width: 342px) 100vw, 342px\" \/><\/figure>\n\n\n\n<p>\u202f\u202f&nbsp;<\/p>\n\n\n\n<figure class=\"wp-block-image size-full\"><img loading=\"lazy\" decoding=\"async\" width=\"1018\" height=\"449\" src=\"https:\/\/benefits.aecom.com\/fr-ca\/wp-content\/uploads\/sites\/4\/2026\/02\/Screenshot-2026-02-18-151657.png\" alt=\"\" class=\"wp-image-1102\" srcset=\"https:\/\/benefits.aecom.com\/fr-ca\/wp-content\/uploads\/sites\/4\/2026\/02\/Screenshot-2026-02-18-151657.png 1018w, https:\/\/benefits.aecom.com\/fr-ca\/wp-content\/uploads\/sites\/4\/2026\/02\/Screenshot-2026-02-18-151657-300x132.png 300w, https:\/\/benefits.aecom.com\/fr-ca\/wp-content\/uploads\/sites\/4\/2026\/02\/Screenshot-2026-02-18-151657-768x339.png 768w\" sizes=\"auto, (max-width: 1018px) 100vw, 1018px\" \/><\/figure>\n\n\n\n<p>Apr\u00e8s votre d\u00e9part d\u2019AECOM, vous pourrez acc\u00e9der \u00e0 Kudos \u00e0 partir du site <strong>aecom.elevate-recognition.com<\/strong>.<strong>&nbsp;&nbsp;&nbsp;<\/strong><\/p>\n\n\n\n<ul class=\"wp-block-list\">\n<li class=\"  \">Saisissez votre num\u00e9ro d\u2019employ\u00e9 AECOM et votre mot de passe pour acc\u00e9der au site.&nbsp; &nbsp;<\/li>\n\n\n\n<li class=\"  \">Vous serez automatiquement redirig\u00e9 vers le catalogue et pourrez y \u00e9changer les points que vous avez accumul\u00e9s.<\/li>\n<\/ul>\n\n\n\n<figure class=\"wp-block-image size-full\"><img loading=\"lazy\" decoding=\"async\" width=\"423\" height=\"550\" src=\"https:\/\/benefits.aecom.com\/fr-ca\/wp-content\/uploads\/sites\/4\/2026\/02\/Screenshot-2026-02-18-151709.png\" alt=\"\" class=\"wp-image-1103\" srcset=\"https:\/\/benefits.aecom.com\/fr-ca\/wp-content\/uploads\/sites\/4\/2026\/02\/Screenshot-2026-02-18-151709.png 423w, https:\/\/benefits.aecom.com\/fr-ca\/wp-content\/uploads\/sites\/4\/2026\/02\/Screenshot-2026-02-18-151709-231x300.png 231w\" sizes=\"auto, (max-width: 423px) 100vw, 423px\" \/><\/figure>\n\n\n\n<p>\u202f&nbsp;<\/p>\n\n\n\n<p>Si vous ne vous souvenez pas de votre nom d\u2019utilisateur et de votre mot de passe et n\u2019avez pas saisi d\u2019adresse courriel de r\u00e9cup\u00e9ration avant votre d\u00e9part, \u00e9crivez directement \u00e0 l\u2019adresse <a href=\"mailto:aecom@biworldwide.com\">aecom@biworldwide.com<\/a>.&nbsp;<\/p>\n\n      <\/div>\n    <\/div>\n<\/div>\n\n\t<\/div>\n<\/div>\n<\/div>\n\n\n\n<div class=\"wp-block-column sticky-sidebar is-layout-flow wp-block-column-is-layout-flow\" style=\"flex-basis:30%\">\n<div class=\"wp-block-buttons is-layout-flex wp-block-buttons-is-layout-flex\" style=\"margin-bottom:var(--wp--preset--spacing--50)\">\n<div class=\"wp-block-button has-custom-width wp-block-button__width-100\"><a class=\"wp-block-button__link has-earth-green-background-color has-background wp-element-button\" href=\"https:\/\/launcher.myapps.microsoft.com\/api\/signin\/db379472-c414-4221-99ac-85609609183e?tenantId=16ed5ab4-2b59-4e40-806d-8a30bdc9cf26\" target=\"_blank\" rel=\"noreferrer noopener\"><strong>Connectez-vous \u00e0 Kudos (en anglais)<\/strong><\/a><\/div>\n\n\n\n<div class=\"wp-block-button has-custom-width wp-block-button__width-100\"><a class=\"wp-block-button__link has-earth-green-background-color has-background wp-element-button\" href=\"https:\/\/aecom.elevate-recognition.com\/\" target=\"_blank\" rel=\"noreferrer noopener\"><strong>Employ\u00e9s du groupe RSS&nbsp;: Connectez-vous \u00e0 Kudos (en anglais)<\/strong><\/a><\/div>\n<\/div>\n\n\n\n<section class=\"wp-block-cover quick-links\" style=\"padding-top:40px;padding-right:40px;padding-bottom:40px;padding-left:40px;min-height:50px;aspect-ratio:unset;\"><span aria-hidden=\"true\" class=\"wp-block-cover__background has-midnight-teal-background-color has-background-dim-100 has-background-dim\"><\/span><div class=\"wp-block-cover__inner-container is-layout-constrained wp-container-core-cover-is-layout-e158748c wp-block-cover-is-layout-constrained\">\n<h3 class=\"wp-block-heading has-text-align-left\" style=\"font-size:24px\">Related Links<\/h3>\n\n\n\n<ul class=\"wp-block-list\">\n<li class=\"  \"><a href=\"https:\/\/benefits.aecom.com\/wp-content\/uploads\/documents\/global\/kudos\/Kudos_Employee_Overview.pdf\" target=\"_blank\" rel=\"noreferrer noopener\"><\/a><a href=\"https:\/\/benefits.aecom.com\/wp-content\/uploads\/documents\/global\/kudos\/kudos_employee_overview.pdf\" target=\"_blank\" rel=\"noreferrer noopener\">FAQ des employ\u00e9s (en anglais seulement)<\/a><\/li>\n\n\n\n<li class=\"  \"><a href=\"https:\/\/benefits.aecom.com\/wp-content\/uploads\/documents\/global\/kudos\/Kudos_Manager_FAQs.pdf\" target=\"_blank\" rel=\"noreferrer noopener\"><\/a><a href=\"https:\/\/benefits.aecom.com\/wp-content\/uploads\/documents\/global\/kudos\/kudos_manager_faqs.pdf\" target=\"_blank\" rel=\"noreferrer noopener\">FAQ du gestionnaire (en anglais seulement)<\/a><\/li>\n\n\n\n<li class=\"  \"><a href=\"https:\/\/benefits.aecom.com\/fr-ca\/conseils-aux-gestionnaires-pour-creer-une-experience-de-reconnaissance-de-service-memorable\/\" target=\"_blank\" rel=\"noreferrer noopener\">Conseils aux gestionnaires pour cr\u00e9er une exp\u00e9rience de reconnaissance de service m\u00e9morable<\/a><\/li>\n\n\n\n<li class=\"  \"><a href=\"https:\/\/wellbeingataecom.com\/docs\/Long-Service-and-Service-Anniversary-Printable-Certificate.pdf\">Certificat d\u2019anciennet\u00e9\/d\u2019anniversaire d\u2019entr\u00e9e en service<\/a><\/li>\n<\/ul>\n<\/div><\/section>\n<\/div>\n<\/div>\n\n\n\n<p><\/p>\n","protected":false},"excerpt":{"rendered":"<p>\u200bSoulignez les r\u00e9alisations personnelles et les contributions professionnelles de vos coll\u00e8gues de partout dans le monde gr\u00e2ce \u00e0 Kudos, le programme mondial de reconnaissance d\u2019anciennet\u00e9 et de reconnaissance sociale d\u2019AECOM. C\u00e9l\u00e9brons les ann\u00e9es de service aupr\u00e8s d\u2019AECOM Lorsque vous atteignez un jalon de service quinquennal (p.&nbsp;ex. 5, 10, 15 ou 20&nbsp;ann\u00e9es de service) au sein [&hellip;]<\/p>\n","protected":false},"author":2,"featured_media":0,"parent":0,"menu_order":0,"comment_status":"closed","ping_status":"closed","template":"page-templates\/page-blank-container.php","meta":{"_acf_changed":false,"footnotes":""},"class_list":["post-853","page","type-page","status-publish","hentry"],"acf":[],"_links":{"self":[{"href":"https:\/\/benefits.aecom.com\/fr-ca\/wp-json\/wp\/v2\/pages\/853","targetHints":{"allow":["GET"]}}],"collection":[{"href":"https:\/\/benefits.aecom.com\/fr-ca\/wp-json\/wp\/v2\/pages"}],"about":[{"href":"https:\/\/benefits.aecom.com\/fr-ca\/wp-json\/wp\/v2\/types\/page"}],"author":[{"embeddable":true,"href":"https:\/\/benefits.aecom.com\/fr-ca\/wp-json\/wp\/v2\/users\/2"}],"replies":[{"embeddable":true,"href":"https:\/\/benefits.aecom.com\/fr-ca\/wp-json\/wp\/v2\/comments?post=853"}],"version-history":[{"count":11,"href":"https:\/\/benefits.aecom.com\/fr-ca\/wp-json\/wp\/v2\/pages\/853\/revisions"}],"predecessor-version":[{"id":1201,"href":"https:\/\/benefits.aecom.com\/fr-ca\/wp-json\/wp\/v2\/pages\/853\/revisions\/1201"}],"wp:attachment":[{"href":"https:\/\/benefits.aecom.com\/fr-ca\/wp-json\/wp\/v2\/media?parent=853"}],"curies":[{"name":"wp","href":"https:\/\/api.w.org\/{rel}","templated":true}]}}