{"id":990,"date":"2026-02-13T23:52:23","date_gmt":"2026-02-13T23:52:23","guid":{"rendered":"https:\/\/dev-benefits2024.pantheonsite.io\/fr-ca\/?page_id=990"},"modified":"2026-02-19T00:23:48","modified_gmt":"2026-02-19T00:23:48","slug":"depart-daecom","status":"publish","type":"page","link":"https:\/\/benefits.aecom.com\/fr-ca\/depart-daecom\/","title":{"rendered":"D\u00e9part d\u2019AECOM"},"content":{"rendered":"\n<p><\/p>\n\n\n\n<div class=\"wp-block-columns sticky-sidebar-container is-layout-flex wp-container-core-columns-is-layout-cbe57604 wp-block-columns-is-layout-flex\">\n<div class=\"wp-block-column is-layout-flow wp-block-column-is-layout-flow\" style=\"flex-basis:70%\">\n<ul class=\"wp-block-list checklist\">\n<li class=\"  \">Si vous partez \u00e0 la retraite, veuillez parcourir l\u2019<a href=\"https:\/\/benefits.aecom.com\/fr-ca\/changements-demploi-daffectation\/retraite\/\">aide-m\u00e9moire pour la retraite<\/a>.<\/li>\n\n\n\n<li class=\"  \">Vos avantages sociaux prennent g\u00e9n\u00e9ralement fin \u00e0 la date \u00e0 laquelle vous quittez AECOM (voir la date figurant dans votre lettre\/confirmation de cessation d\u2019emploi).<\/li>\n\n\n\n<li class=\"  \">D\u00e8s que vous les aurez inform\u00e9s de votre date de cessation d\u2019emploi, le Centre d\u2019assurance collective d\u2019AECOM et la Sun&nbsp;Life vous enverront des renseignements sur vos options de couverture et de compte.<\/li>\n\n\n\n<li class=\"  \">Vous pourriez \u00eatre en mesure de conserver votre\u00a0<a href=\"https:\/\/benefits.aecom.com\/fr-ca\/assurance-vie\/\" target=\"_blank\" rel=\"noreferrer noopener\">assurance vie<\/a>\u00a0en souscrivant une police individuelle aupr\u00e8s de la Sun\u00a0Life. Pour obtenir plus de d\u00e9tails, t\u00e9l\u00e9phonez \u00e0 la Sun\u00a0Life au 1-833-411-5520.<\/li>\n\n\n\n<li class=\"  \">Vos cotisations (et celles d\u2019AECOM, le cas \u00e9ch\u00e9ant) au\u00a0<a href=\"https:\/\/benefits.aecom.com\/fr-ca\/all-benefits\/regime-de-retraite-et-depargne\/#R%C3%A9gime-de\" target=\"_blank\" rel=\"noreferrer noopener\">r\u00e9gime de retraite \u00e0 cotisation d\u00e9termin\u00e9e (RRCD)<\/a>, au\u00a0<a href=\"https:\/\/benefits.aecom.com\/fr-ca\/all-benefits\/regime-de-retraite-et-depargne\/#R%C3%A9gime-enregistr%C3%A9\">r\u00e9gime enregistr\u00e9 d\u2019\u00e9pargne-retraite (REER) collectif<\/a>\u00a0et au\u00a0<a href=\"https:\/\/benefits.aecom.com\/fr-ca\/all-benefits\/regime-de-retraite-et-depargne\/#Compte-d%E2%80%99%C3%A9pargne\" target=\"_blank\" rel=\"noreferrer noopener\">compte d\u2019\u00e9pargne libre d\u2019imp\u00f4t (CELI)<\/a>\u00a0prennent fin lorsque vous cessez de recevoir vos ch\u00e8ques de paie.<\/li>\n\n\n\n<li class=\"  \">Vous et les membres de votre famille qui habitent avec vous pouvez continuer d\u2019utiliser le\u00a0<a href=\"https:\/\/benefits.aecom.com\/fr-ca\/programme-daide-aux-employes\/\" target=\"_blank\" rel=\"noreferrer noopener\">programme d\u2019aide aux employ\u00e9s (PAE)\u00a0de GuidanceResources<\/a>\u00a0jusqu\u2019\u00e0 90\u00a0jours apr\u00e8s votre d\u00e9part d\u2019AECOM.<\/li>\n\n\n\n<li class=\"  \">En cas de changement d\u2019adresse ou de num\u00e9ro de t\u00e9l\u00e9phone, veuillez&nbsp;mettre \u00e0 jour vos renseignements personnels&nbsp;afin que vous puissiez continuer de recevoir des renseignements importants en ce qui concerne l\u2019assurance collective.<\/li>\n\n\n\n<li class=\"  \">Si vous avez des questions, communiquez avec le Centre d\u2019assurance collective d\u2019AECOM, au 1-833-411-5520.<\/li>\n<\/ul>\n<\/div>\n\n\n\n<div class=\"wp-block-column sticky-sidebar is-layout-flow wp-block-column-is-layout-flow\" style=\"flex-basis:30%\">\n<section class=\"wp-block-cover quick-links\" style=\"padding-top:40px;padding-right:40px;padding-bottom:40px;padding-left:40px;min-height:50px;aspect-ratio:unset;\"><span aria-hidden=\"true\" class=\"wp-block-cover__background has-midnight-teal-background-color has-background-dim-100 has-background-dim\"><\/span><div class=\"wp-block-cover__inner-container is-layout-constrained wp-container-core-cover-is-layout-e158748c wp-block-cover-is-layout-constrained\">\n<h2 class=\"wp-block-heading\"><strong>Liens connexes<\/strong><\/h2>\n\n\n\n<ul class=\"wp-block-list\">\n<li class=\"  \"><a href=\"https:\/\/benefits.aecom.com\/wp-content\/uploads\/documents\/Canada-FR\/guide_de_l'assurance_collective.pdf\" target=\"_blank\" rel=\"noreferrer noopener\">Guide de l\u2019assurance collective pour les groupes DCS<\/a><\/li>\n<\/ul>\n<\/div><\/section>\n<\/div>\n<\/div>\n","protected":false},"excerpt":{"rendered":"","protected":false},"author":6,"featured_media":0,"parent":0,"menu_order":0,"comment_status":"closed","ping_status":"closed","template":"","meta":{"_acf_changed":false,"footnotes":""},"class_list":["post-990","page","type-page","status-publish","hentry"],"acf":[],"_links":{"self":[{"href":"https:\/\/benefits.aecom.com\/fr-ca\/wp-json\/wp\/v2\/pages\/990","targetHints":{"allow":["GET"]}}],"collection":[{"href":"https:\/\/benefits.aecom.com\/fr-ca\/wp-json\/wp\/v2\/pages"}],"about":[{"href":"https:\/\/benefits.aecom.com\/fr-ca\/wp-json\/wp\/v2\/types\/page"}],"author":[{"embeddable":true,"href":"https:\/\/benefits.aecom.com\/fr-ca\/wp-json\/wp\/v2\/users\/6"}],"replies":[{"embeddable":true,"href":"https:\/\/benefits.aecom.com\/fr-ca\/wp-json\/wp\/v2\/comments?post=990"}],"version-history":[{"count":5,"href":"https:\/\/benefits.aecom.com\/fr-ca\/wp-json\/wp\/v2\/pages\/990\/revisions"}],"predecessor-version":[{"id":1120,"href":"https:\/\/benefits.aecom.com\/fr-ca\/wp-json\/wp\/v2\/pages\/990\/revisions\/1120"}],"wp:attachment":[{"href":"https:\/\/benefits.aecom.com\/fr-ca\/wp-json\/wp\/v2\/media?parent=990"}],"curies":[{"name":"wp","href":"https:\/\/api.w.org\/{rel}","templated":true}]}}